{"id":987498282,"date":"2026-02-18T19:22:15","date_gmt":"2026-02-18T19:22:15","guid":{"rendered":"https:\/\/sitenhazir.net\/flat\/?post_type=product&#038;p=987498282"},"modified":"2026-02-18T19:23:25","modified_gmt":"2026-02-18T19:23:25","slug":"hl-skin-yogun-sikilastirici-krem","status":"publish","type":"product","link":"https:\/\/sitenhazir.net\/flat\/urun\/hl-skin-yogun-sikilastirici-krem\/","title":{"rendered":"HL\/Skin Yo\u011fun S\u0131k\u0131la\u015ft\u0131r\u0131c\u0131 Krem"},"content":{"rendered":"<p>HL\/Skin Yo\u011fun S\u0131k\u0131la\u015ft\u0131r\u0131c\u0131 Krem:<\/p>\n<ul>\n<li>Geli\u015fmi\u015f Kore cilt bak\u0131m bilimi taraf\u0131ndan desteklenir<\/li>\n<li>K\u0131r\u0131\u015f\u0131kl\u0131klar\u0131 \u00f6nlemeye yard\u0131mc\u0131 olur ve cilt elastikiyetini art\u0131r\u0131r<\/li>\n<li>Daha s\u0131k\u0131, daha esnek bir cilt i\u00e7in ince \u00e7izgileri p\u00fcr\u00fczs\u00fczle\u015ftirir<\/li>\n<li>Cildi nemlendirir ve nemli kalmas\u0131na yard\u0131mc\u0131 olur<\/li>\n<li>Cildin yumu\u015fakl\u0131\u011f\u0131n\u0131 ve p\u00fcr\u00fczs\u00fczl\u00fc\u011f\u00fcn\u00fc art\u0131r\u0131r<\/li>\n<li>Parlakl\u0131\u011f\u0131 ve \u0131\u015f\u0131lt\u0131y\u0131 art\u0131r\u0131r<\/li>\n<li>I\u015f\u0131lt\u0131y\u0131 geri kazand\u0131rabilir<\/li>\n<li>Makyaj alt\u0131 kullan\u0131m i\u00e7in uygundur<\/li>\n<\/ul>\n<p><a href=\"https:\/\/www.herbalmarketim.net\/wp-content\/uploads\/2025\/10\/li-person-with-herbalife-skin-ultimate-tension-cream.webp\" rel=\"noopener\"><img loading=\"lazy\" decoding=\"async\" class=\"alignnone size-full wp-image-987497285\" src=\"https:\/\/www.herbalmarketim.net\/wp-content\/uploads\/2025\/10\/li-person-with-herbalife-skin-ultimate-tension-cream.webp\" alt=\"\" width=\"875\" height=\"783\" \/><\/a><\/p>\n","protected":false},"excerpt":{"rendered":"<p>HL\/Skin Yo\u011fun S\u0131k\u0131la\u015ft\u0131r\u0131c\u0131 Krem, geli\u015fmi\u015f Kore bilimi taraf\u0131ndan desteklenen zengin, kadifemsi bir nemlendiricidir. Adenosine, Niacinamide ve Vitamin B5 ile form\u00fcle edilen bu \u00fcr\u00fcn k\u0131r\u0131\u015f\u0131kl\u0131klar\u0131 hedef al\u0131r, elastikiyeti art\u0131r\u0131r ve daha s\u0131k\u0131, daha parlak bir cilt i\u00e7in nemlendirir.<\/p>\n<p>Kullan\u0131ma devam edildi\u011finde cilt daha p\u00fcr\u00fczs\u00fcz, daha ayd\u0131nl\u0131k g\u00f6r\u00fcnebilir ve sa\u011fl\u0131kl\u0131, gen\u00e7 bir \u0131\u015f\u0131lt\u0131 kazanabilir.<\/p>\n","protected":false},"featured_media":987498316,"comment_status":"open","ping_status":"closed","template":"","meta":[],"product_brand":[],"product_cat":[554],"product_tag":[],"class_list":{"0":"post-987498282","1":"product","2":"type-product","3":"status-publish","4":"has-post-thumbnail","6":"product_cat-kisisel-bakim","8":"first","9":"instock","10":"taxable","11":"shipping-taxable","12":"purchasable","13":"product-type-simple"},"_links":{"self":[{"href":"https:\/\/sitenhazir.net\/flat\/wp-json\/wp\/v2\/product\/987498282","targetHints":{"allow":["GET"]}}],"collection":[{"href":"https:\/\/sitenhazir.net\/flat\/wp-json\/wp\/v2\/product"}],"about":[{"href":"https:\/\/sitenhazir.net\/flat\/wp-json\/wp\/v2\/types\/product"}],"replies":[{"embeddable":true,"href":"https:\/\/sitenhazir.net\/flat\/wp-json\/wp\/v2\/comments?post=987498282"}],"wp:featuredmedia":[{"embeddable":true,"href":"https:\/\/sitenhazir.net\/flat\/wp-json\/wp\/v2\/media\/987498316"}],"wp:attachment":[{"href":"https:\/\/sitenhazir.net\/flat\/wp-json\/wp\/v2\/media?parent=987498282"}],"wp:term":[{"taxonomy":"product_brand","embeddable":true,"href":"https:\/\/sitenhazir.net\/flat\/wp-json\/wp\/v2\/product_brand?post=987498282"},{"taxonomy":"product_cat","embeddable":true,"href":"https:\/\/sitenhazir.net\/flat\/wp-json\/wp\/v2\/product_cat?post=987498282"},{"taxonomy":"product_tag","embeddable":true,"href":"https:\/\/sitenhazir.net\/flat\/wp-json\/wp\/v2\/product_tag?post=987498282"}],"curies":[{"name":"wp","href":"https:\/\/api.w.org\/{rel}","templated":true}]}}