{"id":987498271,"date":"2026-02-18T19:21:50","date_gmt":"2026-02-18T19:21:50","guid":{"rendered":"https:\/\/sitenhazir.net\/flat\/?post_type=product&#038;p=987498271"},"modified":"2026-02-18T19:23:24","modified_gmt":"2026-02-18T19:23:24","slug":"hl-skin-yenileyici-jel-temizleyici","status":"publish","type":"product","link":"https:\/\/sitenhazir.net\/flat\/urun\/hl-skin-yenileyici-jel-temizleyici\/","title":{"rendered":"HL\/Skin Yenileyici Jel Temizleyici"},"content":{"rendered":"<p>HL\/Skin Yenileyici Jel Temizleyici:<\/p>\n<ul>\n<li>Geli\u015fmi\u015f Kore cilt bak\u0131m bilimi taraf\u0131ndan desteklenir<\/li>\n<li>A\u015f\u0131r\u0131 kurutmadan nazik\u00e7e temizler<\/li>\n<li>Makyaj\u0131, kirleri ve fazla sebumu temizleyerek cildin yenilenmesine yard\u0131mc\u0131 olur<\/li>\n<li>Farkl\u0131 cilt tipleri i\u00e7in uygundur<\/li>\n<\/ul>\n<p><a href=\"https:\/\/www.herbalurunleri.tr\/wp-content\/uploads\/2025\/10\/li-person-with-herbalife-skin-resurfacing-gelo-cleanser.webp\" rel=\"noopener\"><img loading=\"lazy\" decoding=\"async\" class=\"alignnone size-full wp-image-987497160\" src=\"https:\/\/www.herbalurunleri.tr\/wp-content\/uploads\/2025\/10\/li-person-with-herbalife-skin-resurfacing-gelo-cleanser.webp\" alt=\"\" width=\"875\" height=\"783\" \/><\/a><\/p>\n","protected":false},"excerpt":{"rendered":"<p>Cildi soymadan ar\u0131nd\u0131ran hafif, k\u00f6p\u00fcren bir jel olan HL\/Skin Yenileyici Jel Temizleyici ile g\u00fcnl\u00fck temizli\u011finizi canland\u0131r\u0131c\u0131 bir rit\u00fcele d\u00f6n\u00fc\u015ft\u00fcr\u00fcn. K\u00f6kleri geli\u015fmi\u015f Kore cilt bak\u0131m bilimine dayanan bu nazik temizleyici, makyaj\u0131, kirleri ve fazla sebumu a\u015f\u0131r\u0131 kurutmadan temizlemek i\u00e7in \u00f6zenle form\u00fcle edilmi\u015ftir. Y\u00fcz\u00fcn\u00fczde temiz, yumu\u015fak ve rahat\u00e7a tazelenmi\u015f bir his b\u0131rak\u0131r.<\/p>\n<p>Cildinizi nazik\u00e7e temizlemek i\u00e7in sabah ve gece kullan\u0131n &#8211; her seferinde bir y\u0131kama.<\/p>\n","protected":false},"featured_media":987498315,"comment_status":"open","ping_status":"closed","template":"","meta":[],"product_brand":[],"product_cat":[554],"product_tag":[],"class_list":{"0":"post-987498271","1":"product","2":"type-product","3":"status-publish","4":"has-post-thumbnail","6":"product_cat-kisisel-bakim","8":"first","9":"instock","10":"taxable","11":"shipping-taxable","12":"purchasable","13":"product-type-simple"},"_links":{"self":[{"href":"https:\/\/sitenhazir.net\/flat\/wp-json\/wp\/v2\/product\/987498271","targetHints":{"allow":["GET"]}}],"collection":[{"href":"https:\/\/sitenhazir.net\/flat\/wp-json\/wp\/v2\/product"}],"about":[{"href":"https:\/\/sitenhazir.net\/flat\/wp-json\/wp\/v2\/types\/product"}],"replies":[{"embeddable":true,"href":"https:\/\/sitenhazir.net\/flat\/wp-json\/wp\/v2\/comments?post=987498271"}],"wp:featuredmedia":[{"embeddable":true,"href":"https:\/\/sitenhazir.net\/flat\/wp-json\/wp\/v2\/media\/987498315"}],"wp:attachment":[{"href":"https:\/\/sitenhazir.net\/flat\/wp-json\/wp\/v2\/media?parent=987498271"}],"wp:term":[{"taxonomy":"product_brand","embeddable":true,"href":"https:\/\/sitenhazir.net\/flat\/wp-json\/wp\/v2\/product_brand?post=987498271"},{"taxonomy":"product_cat","embeddable":true,"href":"https:\/\/sitenhazir.net\/flat\/wp-json\/wp\/v2\/product_cat?post=987498271"},{"taxonomy":"product_tag","embeddable":true,"href":"https:\/\/sitenhazir.net\/flat\/wp-json\/wp\/v2\/product_tag?post=987498271"}],"curies":[{"name":"wp","href":"https:\/\/api.w.org\/{rel}","templated":true}]}}