{"id":987498270,"date":"2026-02-18T19:21:50","date_gmt":"2026-02-18T19:21:50","guid":{"rendered":"https:\/\/sitenhazir.net\/flat\/?post_type=product&#038;p=987498270"},"modified":"2026-02-18T19:23:22","modified_gmt":"2026-02-18T19:23:22","slug":"hl-skin-besleyici-el-ve-vucut-losyonu","status":"publish","type":"product","link":"https:\/\/sitenhazir.net\/flat\/urun\/hl-skin-besleyici-el-ve-vucut-losyonu\/","title":{"rendered":"HL\/Skin Besleyici El ve V\u00fccut Losyonu"},"content":{"rendered":"<p>HL\/Skin Besleyici El ve V\u00fccut Losyonu:<\/p>\n<ul>\n<li>Geli\u015fmi\u015f Kore cilt bak\u0131m bilimi taraf\u0131ndan desteklenir<\/li>\n<li>Esnek bir cilt i\u00e7in uzun s\u00fcreli nem ve nemlendirme sa\u011flar<\/li>\n<li>Nemi hapseder ve kurulu\u011fu iyile\u015ftirir<\/li>\n<li>Hafif, ya\u011fs\u0131z dokusu cildi kadife yumu\u015fakl\u0131\u011f\u0131nda ve p\u00fcr\u00fczs\u00fcz hissettirir<\/li>\n<li>Uzun s\u00fcreli nemlendirme ve sa\u011fl\u0131kl\u0131 g\u00f6r\u00fcnen bir cilt i\u00e7in %6 skualan i\u00e7erir<\/li>\n<\/ul>\n<p>&nbsp;<\/p>\n","protected":false},"excerpt":{"rendered":"<p>Geli\u015fmi\u015f Kore bilimi taraf\u0131ndan desteklenen hafif, h\u0131zl\u0131 emilen bir form\u00fcl olan HL\/Skin Besleyici El ve V\u00fccut Losyonu ile cildinizi \u015f\u0131mart\u0131n. 6 skualan ile zenginle\u015ftirilmi\u015f bu \u00fcr\u00fcn uzun s\u00fcreli nemlendirme, besleme ve kadifemsi yumu\u015fakl\u0131k sa\u011flar. Gliserin nemi hapsetmeye ve esnek, sa\u011fl\u0131kl\u0131 g\u00f6r\u00fcnen bir cilt i\u00e7in kurulu\u011fu iyile\u015ftirmeye yard\u0131mc\u0131 olur.<\/p>\n<p>Ayr\u0131ca naziktir ve g\u00fcnl\u00fck kullan\u0131m i\u00e7in uygundur. Nemlendirilmi\u015f ve g\u00fczelce bak\u0131lm\u0131\u015f hissi veren kadife p\u00fcr\u00fczs\u00fczl\u00fc\u011f\u00fcnde cildin keyfini \u00e7\u0131kar\u0131n.<\/p>\n","protected":false},"featured_media":987498314,"comment_status":"open","ping_status":"closed","template":"","meta":[],"product_brand":[],"product_cat":[554],"product_tag":[],"class_list":{"0":"post-987498270","1":"product","2":"type-product","3":"status-publish","4":"has-post-thumbnail","6":"product_cat-kisisel-bakim","8":"first","9":"instock","10":"taxable","11":"shipping-taxable","12":"purchasable","13":"product-type-simple"},"_links":{"self":[{"href":"https:\/\/sitenhazir.net\/flat\/wp-json\/wp\/v2\/product\/987498270","targetHints":{"allow":["GET"]}}],"collection":[{"href":"https:\/\/sitenhazir.net\/flat\/wp-json\/wp\/v2\/product"}],"about":[{"href":"https:\/\/sitenhazir.net\/flat\/wp-json\/wp\/v2\/types\/product"}],"replies":[{"embeddable":true,"href":"https:\/\/sitenhazir.net\/flat\/wp-json\/wp\/v2\/comments?post=987498270"}],"wp:featuredmedia":[{"embeddable":true,"href":"https:\/\/sitenhazir.net\/flat\/wp-json\/wp\/v2\/media\/987498314"}],"wp:attachment":[{"href":"https:\/\/sitenhazir.net\/flat\/wp-json\/wp\/v2\/media?parent=987498270"}],"wp:term":[{"taxonomy":"product_brand","embeddable":true,"href":"https:\/\/sitenhazir.net\/flat\/wp-json\/wp\/v2\/product_brand?post=987498270"},{"taxonomy":"product_cat","embeddable":true,"href":"https:\/\/sitenhazir.net\/flat\/wp-json\/wp\/v2\/product_cat?post=987498270"},{"taxonomy":"product_tag","embeddable":true,"href":"https:\/\/sitenhazir.net\/flat\/wp-json\/wp\/v2\/product_tag?post=987498270"}],"curies":[{"name":"wp","href":"https:\/\/api.w.org\/{rel}","templated":true}]}}