{"id":987498269,"date":"2026-02-18T19:21:50","date_gmt":"2026-02-18T19:21:50","guid":{"rendered":"https:\/\/sitenhazir.net\/flat\/?post_type=product&#038;p=987498269"},"modified":"2026-02-18T19:23:21","modified_gmt":"2026-02-18T19:23:21","slug":"hl-skin-besleyici-goz-kremi","status":"publish","type":"product","link":"https:\/\/sitenhazir.net\/flat\/urun\/hl-skin-besleyici-goz-kremi\/","title":{"rendered":"HL\/Skin Besleyici G\u00f6z Kremi"},"content":{"rendered":"<p>HL\/Skin Besleyici G\u00f6z Kremi:<\/p>\n<ul>\n<li>Geli\u015fmi\u015f Kore cilt bak\u0131m bilimi taraf\u0131ndan desteklenir<\/li>\n<li>H\u0131zl\u0131 emilen, hafif ve ya\u011fl\u0131 olmayan dokusuyla kal\u0131nt\u0131 b\u0131rakmadan cilde h\u0131zla n\u00fcfuz eder<\/li>\n<li>Kurulu\u011fu azaltmak i\u00e7in nemlendirir ve nemi hapseder<\/li>\n<li>Cildin p\u00fcr\u00fczs\u00fczl\u00fc\u011f\u00fcn\u00fc, yumu\u015fakl\u0131\u011f\u0131n\u0131 ve do\u011fal parlakl\u0131\u011f\u0131n\u0131 art\u0131r\u0131r<\/li>\n<li>Erken g\u00f6r\u00fcnen ya\u015flanma belirtileriyle sava\u015f\u0131r<\/li>\n<li>\u0130nce \u00e7izgilerin ve k\u0131r\u0131\u015f\u0131kl\u0131klar\u0131n g\u00f6r\u00fcn\u00fcm\u00fcn\u00fc hedefler<\/li>\n<li>Ya\u011flanma yapmadan g\u00f6z alt\u0131 b\u00f6lgesini ayd\u0131nlat\u0131r<\/li>\n<li>Makyaj alt\u0131 kullan\u0131m i\u00e7in uygundur<\/li>\n<\/ul>\n<p><a href=\"https:\/\/www.herbalurunleri.tr\/wp-content\/uploads\/2025\/10\/li-person-with-herbalife-skin-nourishing-eye-cream-1.webp\" rel=\"noopener\"><img loading=\"lazy\" decoding=\"async\" class=\"alignnone size-full wp-image-987497165\" src=\"https:\/\/www.herbalurunleri.tr\/wp-content\/uploads\/2025\/10\/li-person-with-herbalife-skin-nourishing-eye-cream-1.webp\" alt=\"\" width=\"875\" height=\"783\" \/><\/a><\/p>\n","protected":false},"excerpt":{"rendered":"<p>Bu hafif, h\u0131zl\u0131 emilen HL\/Skin Besleyici G\u00f6z Kremi Kore cilt bak\u0131m bilimi taraf\u0131ndan desteklenir ve adenosin, niasinamid, skualan ve do\u011fal ya\u011flarla zenginle\u015ftirilmi\u015ftir. Hassas g\u00f6z \u00e7evresindeki k\u0131r\u0131\u015f\u0131kl\u0131klar\u0131, ince \u00e7izgileri ve kurulu\u011fu hedef al\u0131r. Uzun s\u00fcreli nemlendirme sa\u011flar, nemi hapsetmeye yard\u0131mc\u0131 olur ve p\u00fcr\u00fczs\u00fczl\u00fck, parlakl\u0131k ve \u0131\u015f\u0131lt\u0131 g\u00f6r\u00fcn\u00fcm\u00fcn\u00fc iyile\u015ftirir. Ya\u011fs\u0131zd\u0131r ve makyaj alt\u0131na uygundur.\u00a0En iyi sonu\u00e7 i\u00e7in, t\u00fcm HL\/Skin serisi ile birlikte kullan\u0131n ve g\u00f6z \u00e7evresi b\u00f6lgesine az miktarda masaj yaparak uygulay\u0131n.<\/p>\n","protected":false},"featured_media":987498313,"comment_status":"open","ping_status":"closed","template":"","meta":[],"product_brand":[],"product_cat":[554],"product_tag":[],"class_list":{"0":"post-987498269","1":"product","2":"type-product","3":"status-publish","4":"has-post-thumbnail","6":"product_cat-kisisel-bakim","8":"first","9":"instock","10":"taxable","11":"shipping-taxable","12":"purchasable","13":"product-type-simple"},"_links":{"self":[{"href":"https:\/\/sitenhazir.net\/flat\/wp-json\/wp\/v2\/product\/987498269","targetHints":{"allow":["GET"]}}],"collection":[{"href":"https:\/\/sitenhazir.net\/flat\/wp-json\/wp\/v2\/product"}],"about":[{"href":"https:\/\/sitenhazir.net\/flat\/wp-json\/wp\/v2\/types\/product"}],"replies":[{"embeddable":true,"href":"https:\/\/sitenhazir.net\/flat\/wp-json\/wp\/v2\/comments?post=987498269"}],"wp:featuredmedia":[{"embeddable":true,"href":"https:\/\/sitenhazir.net\/flat\/wp-json\/wp\/v2\/media\/987498313"}],"wp:attachment":[{"href":"https:\/\/sitenhazir.net\/flat\/wp-json\/wp\/v2\/media?parent=987498269"}],"wp:term":[{"taxonomy":"product_brand","embeddable":true,"href":"https:\/\/sitenhazir.net\/flat\/wp-json\/wp\/v2\/product_brand?post=987498269"},{"taxonomy":"product_cat","embeddable":true,"href":"https:\/\/sitenhazir.net\/flat\/wp-json\/wp\/v2\/product_cat?post=987498269"},{"taxonomy":"product_tag","embeddable":true,"href":"https:\/\/sitenhazir.net\/flat\/wp-json\/wp\/v2\/product_tag?post=987498269"}],"curies":[{"name":"wp","href":"https:\/\/api.w.org\/{rel}","templated":true}]}}