{"id":987498268,"date":"2026-02-18T19:21:49","date_gmt":"2026-02-18T19:21:49","guid":{"rendered":"https:\/\/sitenhazir.net\/flat\/?post_type=product&#038;p=987498268"},"modified":"2026-02-18T19:23:20","modified_gmt":"2026-02-18T19:23:20","slug":"cay-ve-bitki-ekstreli-aromali-icecek-tozu","status":"publish","type":"product","link":"https:\/\/sitenhazir.net\/flat\/urun\/cay-ve-bitki-ekstreli-aromali-icecek-tozu\/","title":{"rendered":"\u00c7ay ve Bitki Ekstreli Aromal\u0131 \u0130\u00e7ecek Tozu"},"content":{"rendered":"<p>\u00c7ay ve Bitki Ekstreli Aromal\u0131 \u0130\u00e7ecek Tozu:<\/p>\n<ul>\n<li>Porsiyon ba\u015f\u0131na 50 mg kafein i\u00e7erir*<\/li>\n<li>D\u00fc\u015f\u00fck kalorili &#8211; porsiyon ba\u015f\u0131na 6 kcal*<\/li>\n<li>Vegan ve vejetaryenler i\u00e7in uygundur<\/li>\n<li>Glutensiz<\/li>\n<li>Tatland\u0131r\u0131c\u0131 olarak steviol glikozitler i\u00e7erir<\/li>\n<li>30 porsiyon i\u00e7erir<\/li>\n<\/ul>\n<p><a href=\"https:\/\/www.herbalurunleri.tr\/wp-content\/uploads\/2025\/10\/pp-ihbte-r-emea.webp\" rel=\"noopener\"><img loading=\"lazy\" decoding=\"async\" class=\"alignnone size-full wp-image-987497167\" src=\"https:\/\/www.herbalurunleri.tr\/wp-content\/uploads\/2025\/10\/pp-ihbte-r-emea.webp\" alt=\"\" width=\"875\" height=\"783\" \/><\/a><\/p>\n","protected":false},"excerpt":{"rendered":"<p>\u00c7ay ve Bitki Ekstreli Aromal\u0131 \u0130\u00e7ecek Tozu, siyah \u00e7ay yapra\u011f\u0131 ekstresi, ye\u015fil \u00e7ay yapra\u011f\u0131 ekstresi, bamya \u00e7i\u00e7e\u011fi tozu ve kakule meyve ekstresinin bir kar\u0131\u015f\u0131m\u0131 ile form\u00fcle edilmi\u015ftir.<\/p>\n<p>\u00c7ay ve Bitki Ekstreli Aromal\u0131 \u0130\u00e7ecek Tozu bizim \u00f6zel kar\u0131\u015f\u0131m\u0131m\u0131zd\u0131r. Size destek olacak, her porsiyonu 50 miligram kafein* i\u00e7eren d\u00fc\u015f\u00fck kalorili bitkisel bir i\u00e7ecektir.<\/p>\n<p>\u00c7ay ve Bitki Ekstreli Aromal\u0131 \u0130\u00e7ecek Tozu, farkl\u0131 aromalarda mevcuttur ve s\u0131cak veya so\u011fuk olarak t\u00fcketilebilir. Bu i\u00e7ece\u011fin haz\u0131rlanmas\u0131 birka\u00e7 saniye al\u0131r, b\u00f6ylece hareket halindeyken veya evinizin rahatl\u0131\u011f\u0131nda t\u00fcketebilirsiniz. En sevdi\u011finiz meyveler veya narenciye ile kar\u0131\u015ft\u0131r\u0131n ve \u00c7ay ve Bitki Ekstreli Aromal\u0131 \u0130\u00e7ecek Tozu \u00e7ok y\u00f6nl\u00fcl\u00fc\u011f\u00fcn\u00fc ke\u015ffedin.<\/p>\n<p>\u00c7ay ve Bitki Ekstreli Aromal\u0131 \u0130\u00e7ecek Tozu, farkl\u0131 aromalarda mevcuttur ve s\u0131cak veya so\u011fuk olarak t\u00fcketilebilir. Bu i\u00e7ece\u011fin haz\u0131rlanmas\u0131 birka\u00e7 saniye al\u0131r, b\u00f6ylece hareket halindeyken veya evinizin rahatl\u0131\u011f\u0131nda t\u00fcketebilirsiniz. En sevdi\u011finiz meyveler veya narenciye ile kar\u0131\u015ft\u0131r\u0131n ve \u00c7ay ve Bitki Ekstreli Aromal\u0131 \u0130\u00e7ecek Tozu \u00e7ok y\u00f6nl\u00fcl\u00fc\u011f\u00fcn\u00fc ke\u015ffedin.<\/p>\n","protected":false},"featured_media":987498312,"comment_status":"open","ping_status":"closed","template":"","meta":[],"product_brand":[],"product_cat":[541],"product_tag":[],"class_list":{"0":"post-987498268","1":"product","2":"type-product","3":"status-publish","4":"has-post-thumbnail","6":"product_cat-icecekler-ve-caylar","8":"first","9":"instock","10":"taxable","11":"shipping-taxable","12":"product-type-simple"},"_links":{"self":[{"href":"https:\/\/sitenhazir.net\/flat\/wp-json\/wp\/v2\/product\/987498268","targetHints":{"allow":["GET"]}}],"collection":[{"href":"https:\/\/sitenhazir.net\/flat\/wp-json\/wp\/v2\/product"}],"about":[{"href":"https:\/\/sitenhazir.net\/flat\/wp-json\/wp\/v2\/types\/product"}],"replies":[{"embeddable":true,"href":"https:\/\/sitenhazir.net\/flat\/wp-json\/wp\/v2\/comments?post=987498268"}],"wp:featuredmedia":[{"embeddable":true,"href":"https:\/\/sitenhazir.net\/flat\/wp-json\/wp\/v2\/media\/987498312"}],"wp:attachment":[{"href":"https:\/\/sitenhazir.net\/flat\/wp-json\/wp\/v2\/media?parent=987498268"}],"wp:term":[{"taxonomy":"product_brand","embeddable":true,"href":"https:\/\/sitenhazir.net\/flat\/wp-json\/wp\/v2\/product_brand?post=987498268"},{"taxonomy":"product_cat","embeddable":true,"href":"https:\/\/sitenhazir.net\/flat\/wp-json\/wp\/v2\/product_cat?post=987498268"},{"taxonomy":"product_tag","embeddable":true,"href":"https:\/\/sitenhazir.net\/flat\/wp-json\/wp\/v2\/product_tag?post=987498268"}],"curies":[{"name":"wp","href":"https:\/\/api.w.org\/{rel}","templated":true}]}}