{"id":987498267,"date":"2026-02-18T19:21:49","date_gmt":"2026-02-18T19:21:49","guid":{"rendered":"https:\/\/sitenhazir.net\/flat\/?post_type=product&#038;p=987498267"},"modified":"2026-02-18T19:23:18","modified_gmt":"2026-02-18T19:23:18","slug":"hl-skin-%10-niacinamide-serum","status":"publish","type":"product","link":"https:\/\/sitenhazir.net\/flat\/urun\/hl-skin-%10-niacinamide-serum\/","title":{"rendered":"HL\/Skin %10 Niacinamide Serum"},"content":{"rendered":"<p>HL\/Skin %10 Niacinamide Serum:<\/p>\n<ul>\n<li>Geli\u015fmi\u015f Kore cilt bak\u0131m bilimi taraf\u0131ndan desteklenir<\/li>\n<li>Cilt tonunu ayd\u0131nlat\u0131r ve e\u015fitler<\/li>\n<li>Cilt bariyerinizi destekler ve g\u00fc\u00e7lendirir<\/li>\n<li>Nemi hapseden nemlendirme sa\u011flar<\/li>\n<li>Kusurlar\u0131n g\u00f6r\u00fcn\u00fcm\u00fcn\u00fc en aza indirmeye yard\u0131mc\u0131 olur<\/li>\n<li>Erken ya\u015flanma belirtileriyle sava\u015fmaya yard\u0131mc\u0131 olur<\/li>\n<li>K\u0131r\u0131\u015f\u0131kl\u0131k belirtilerini azaltmaya yard\u0131mc\u0131 olur<\/li>\n<li>Makyaj alt\u0131 kullan\u0131m i\u00e7in uygundur<\/li>\n<\/ul>\n<p><a href=\"https:\/\/www.herbalurunleri.tr\/wp-content\/uploads\/2025\/10\/li-woman-applying-facial-serum-dropper-skincare-routine.webp\" rel=\"noopener\"><img loading=\"lazy\" decoding=\"async\" class=\"alignnone size-full wp-image-987497169\" src=\"https:\/\/www.herbalurunleri.tr\/wp-content\/uploads\/2025\/10\/li-woman-applying-facial-serum-dropper-skincare-routine.webp\" alt=\"\" width=\"875\" height=\"783\" \/><\/a><\/p>\n","protected":false},"excerpt":{"rendered":"<p>Cildi g\u00f6zle ayd\u0131nlatmak ve tonunu e\u015fitlemek i\u00e7in Kore cilt bak\u0131m bilimi ile ustal\u0131kla form\u00fcle edilmi\u015f, nem dengesini koruyan ve ya\u015flanma belirtilerini gidermeye yard\u0131mc\u0131 ayd\u0131nlat\u0131c\u0131 serum. Bu niasinamid serum, cilt bariyerini g\u00fc\u00e7lendirmek i\u00e7in y\u00fcksek konsantrasyonda niasinamid i\u00e7erir ve sa\u011fl\u0131kl\u0131, \u0131\u015f\u0131lt\u0131l\u0131 bir cilt i\u00e7in parlakl\u0131\u011f\u0131 art\u0131r\u0131r &#8211; hepsi hafif, h\u0131zl\u0131 emilen bir form\u00fclde.<\/p>\n","protected":false},"featured_media":987498311,"comment_status":"open","ping_status":"closed","template":"","meta":[],"product_brand":[],"product_cat":[554,100],"product_tag":[],"class_list":{"0":"post-987498267","1":"product","2":"type-product","3":"status-publish","4":"has-post-thumbnail","6":"product_cat-kisisel-bakim","7":"product_cat-tum-urunler","9":"first","10":"instock","11":"taxable","12":"shipping-taxable","13":"purchasable","14":"product-type-simple"},"_links":{"self":[{"href":"https:\/\/sitenhazir.net\/flat\/wp-json\/wp\/v2\/product\/987498267","targetHints":{"allow":["GET"]}}],"collection":[{"href":"https:\/\/sitenhazir.net\/flat\/wp-json\/wp\/v2\/product"}],"about":[{"href":"https:\/\/sitenhazir.net\/flat\/wp-json\/wp\/v2\/types\/product"}],"replies":[{"embeddable":true,"href":"https:\/\/sitenhazir.net\/flat\/wp-json\/wp\/v2\/comments?post=987498267"}],"wp:featuredmedia":[{"embeddable":true,"href":"https:\/\/sitenhazir.net\/flat\/wp-json\/wp\/v2\/media\/987498311"}],"wp:attachment":[{"href":"https:\/\/sitenhazir.net\/flat\/wp-json\/wp\/v2\/media?parent=987498267"}],"wp:term":[{"taxonomy":"product_brand","embeddable":true,"href":"https:\/\/sitenhazir.net\/flat\/wp-json\/wp\/v2\/product_brand?post=987498267"},{"taxonomy":"product_cat","embeddable":true,"href":"https:\/\/sitenhazir.net\/flat\/wp-json\/wp\/v2\/product_cat?post=987498267"},{"taxonomy":"product_tag","embeddable":true,"href":"https:\/\/sitenhazir.net\/flat\/wp-json\/wp\/v2\/product_tag?post=987498267"}],"curies":[{"name":"wp","href":"https:\/\/api.w.org\/{rel}","templated":true}]}}