{"id":987498265,"date":"2026-02-18T19:21:49","date_gmt":"2026-02-18T19:21:49","guid":{"rendered":"https:\/\/sitenhazir.net\/flat\/?post_type=product&#038;p=987498265"},"modified":"2026-02-18T19:23:15","modified_gmt":"2026-02-18T19:23:15","slug":"night-mode","status":"publish","type":"product","link":"https:\/\/sitenhazir.net\/flat\/urun\/night-mode\/","title":{"rendered":"Night Mode"},"content":{"rendered":"<p>Night Mode:<\/p>\n<ul>\n<li>\u00d6zel safran ekstresi ile form\u00fcle edilmi\u015ftir.<\/li>\n<li>Y\u00fcksek miktarda B6 Vitamini i\u00e7erir.<\/li>\n<li>Y\u00fcksek miktarda Riboflavin\u00a0 i\u00e7erir.<\/li>\n<li>Veganlar i\u00e7in uygundur.<\/li>\n<li>\u015eeker i\u00e7ermez.<\/li>\n<li>Glutensizdir.<\/li>\n<li>30 porsiyon i\u00e7erir.<\/li>\n<\/ul>\n<p>Nas\u0131l Kullan\u0131l\u0131r<\/p>\n<p>Bir \u00f6l\u00e7ek (6 g) \u00fcr\u00fcn\u00fc yar\u0131m bardak \u0131l\u0131k suya (150 ml) ekleyin, kar\u0131\u015ft\u0131r\u0131n ve yatmadan yakla\u015f\u0131k bir saat \u00f6nce t\u00fcketin. G\u00fcnde bir kez kullan\u0131n\u0131z.<\/p>\n<p>Bu \u00fcr\u00fcn\u00fc dengeli ve \u00e7e\u015fitli g\u0131dalardan olu\u015fan bir beslenme d\u00fczeni ile sa\u011fl\u0131kl\u0131 ve aktif bir ya\u015fam tarz\u0131n\u0131n bir par\u00e7as\u0131 olarak t\u00fcketin.<\/p>\n<p><i>*Tavsiye edilen g\u00fcnl\u00fck porsiyonu a\u015fmay\u0131n.Takviye edici g\u0131dalar normal beslenmenin yerine ge\u00e7emez. \u0130la\u00e7 de\u011fildir ve hastal\u0131klar\u0131n \u00f6nlenmesi veya tedavi amac\u0131yla kullan\u0131lmaz. \u00c7ocuklar\u0131n ula\u015famayaca\u011f\u0131 yerde saklay\u0131n.<\/i><\/p>\n<p>\u0130\u00e7indekiler<\/p>\n<p class=\"mb-4\" data-testid=\"ingredientsLabel\">Glutensiz bu\u011fday dekstrini, do\u011fal aroma vericiler, safran (Crocus sativus) stigma ekstresi (%0,46), topaklanmay\u0131 \u00f6nleyici (silikon dioksit), piridoksin hidroklor\u00fcr, riboflavin, renklendirici (klorofilinlerin bak\u0131r kompleksleri). Domuz ya\u011f\u0131 ve domuzdan elde edilmi\u015f hi\u00e7bir \u00fcr\u00fcn i\u00e7ermez.<\/p>\n<p data-testid=\"ingredientsLabel\"><a href=\"https:\/\/www.herbalsiparis.com.tr\/wp-content\/uploads\/2025\/05\/pn-282k-tr.png\" rel=\"noopener\"><img loading=\"lazy\" decoding=\"async\" class=\"alignnone wp-image-987497013 size-full\" src=\"https:\/\/www.herbalsiparis.com.tr\/wp-content\/uploads\/2025\/05\/pn-282k-tr.png\" alt=\"\" width=\"700\" height=\"477\" \/><\/a><\/p>\n","protected":false},"excerpt":{"rendered":"<p>Bir \u00f6l\u00e7ek (6 g) \u00fcr\u00fcn\u00fc yar\u0131m bardak \u0131l\u0131k suya (150 ml) ekleyin, kar\u0131\u015ft\u0131r\u0131n ve yatmadan yakla\u015f\u0131k bir saat \u00f6nce t\u00fcketin. G\u00fcnde bir kez kullan\u0131n\u0131z.<\/p>\n<p>Bu \u00fcr\u00fcn\u00fc dengeli ve \u00e7e\u015fitli g\u0131dalardan olu\u015fan bir beslenme d\u00fczeni ile sa\u011fl\u0131kl\u0131 ve aktif bir ya\u015fam tarz\u0131n\u0131n bir par\u00e7as\u0131 olarak t\u00fcketin.<\/p>\n<p><i>*Tavsiye edilen g\u00fcnl\u00fck porsiyonu a\u015fmay\u0131n.Takviye edici g\u0131dalar normal beslenmenin yerine ge\u00e7emez. \u0130la\u00e7 de\u011fildir ve hastal\u0131klar\u0131n \u00f6nlenmesi veya tedavi amac\u0131yla kullan\u0131lmaz. \u00c7ocuklar\u0131n ula\u015famayaca\u011f\u0131 yerde saklay\u0131n.<\/i><\/p>\n","protected":false},"featured_media":987498307,"comment_status":"open","ping_status":"closed","template":"","meta":[],"product_brand":[],"product_cat":[539,536,100],"product_tag":[560],"class_list":{"0":"post-987498265","1":"product","2":"type-product","3":"status-publish","4":"has-post-thumbnail","6":"product_cat-genel-wellness","7":"product_cat-gida-takviyeleri","8":"product_cat-tum-urunler","9":"product_tag-genel-wellness","11":"first","12":"instock","13":"sale","14":"featured","15":"taxable","16":"shipping-taxable","17":"purchasable","18":"product-type-simple"},"_links":{"self":[{"href":"https:\/\/sitenhazir.net\/flat\/wp-json\/wp\/v2\/product\/987498265","targetHints":{"allow":["GET"]}}],"collection":[{"href":"https:\/\/sitenhazir.net\/flat\/wp-json\/wp\/v2\/product"}],"about":[{"href":"https:\/\/sitenhazir.net\/flat\/wp-json\/wp\/v2\/types\/product"}],"replies":[{"embeddable":true,"href":"https:\/\/sitenhazir.net\/flat\/wp-json\/wp\/v2\/comments?post=987498265"}],"wp:featuredmedia":[{"embeddable":true,"href":"https:\/\/sitenhazir.net\/flat\/wp-json\/wp\/v2\/media\/987498307"}],"wp:attachment":[{"href":"https:\/\/sitenhazir.net\/flat\/wp-json\/wp\/v2\/media?parent=987498265"}],"wp:term":[{"taxonomy":"product_brand","embeddable":true,"href":"https:\/\/sitenhazir.net\/flat\/wp-json\/wp\/v2\/product_brand?post=987498265"},{"taxonomy":"product_cat","embeddable":true,"href":"https:\/\/sitenhazir.net\/flat\/wp-json\/wp\/v2\/product_cat?post=987498265"},{"taxonomy":"product_tag","embeddable":true,"href":"https:\/\/sitenhazir.net\/flat\/wp-json\/wp\/v2\/product_tag?post=987498265"}],"curies":[{"name":"wp","href":"https:\/\/api.w.org\/{rel}","templated":true}]}}