{"id":987498251,"date":"2026-02-18T19:21:23","date_gmt":"2026-02-18T19:21:23","guid":{"rendered":"https:\/\/sitenhazir.net\/flat\/?post_type=product&#038;p=987498251"},"modified":"2026-02-18T19:23:27","modified_gmt":"2026-02-18T19:23:27","slug":"herbalife-baslangic-seti-shake-cay-aloe","status":"publish","type":"product","link":"https:\/\/sitenhazir.net\/flat\/urun\/herbalife-baslangic-seti-shake-cay-aloe\/","title":{"rendered":"Herbalife Ba\u015flang\u0131\u00e7 Seti &#8211; Shake + \u00c7ay + Aloe"},"content":{"rendered":"<p>Herbalife ideal kahvalt\u0131 paketinde shake, aloe vera ve \u00e7ay yer almaktad\u0131r. Bu bile\u015fenleri kendi zevkinize uygun aroma se\u00e7enekleriyle tercih edebilirsiniz. Herbalife shake&#8217;te ahududu, vanilya, \u00e7ikolata ve f\u0131nd\u0131k lezzetleri bulabilirsiniz; Herbalife \u00e7ay\u0131nda klasik, \u015feftali, limon ve ahududu tadlar\u0131na rastlayabilirsiniz. Herbalife aloe vera ise klasik ve mango aromalar\u0131yla be\u011feninize sunuluyor. Herbalife kahvalt\u0131 paketi sayesinde enerjik bir ba\u015flang\u0131\u00e7 yapabilirsiniz.<\/p>\n","protected":false},"excerpt":{"rendered":"<p>Herbalife ideal kahvalt\u0131 paketinde shake, aloe vera ve \u00e7ay yer almaktad\u0131r. Bu bile\u015fenleri kendi zevkinize uygun aroma se\u00e7enekleriyle tercih edebilirsiniz. Herbalife shake&#8217;te ahududu, vanilya, \u00e7ikolata ve f\u0131nd\u0131k lezzetleri bulabilirsiniz; Herbalife \u00e7ay\u0131nda klasik, \u015feftali, limon ve ahududu tadlar\u0131na rastlayabilirsiniz. Herbalife aloe vera ise klasik ve mango aromalar\u0131yla be\u011feninize sunuluyor. Herbalife kahvalt\u0131 paketi sayesinde enerjik bir ba\u015flang\u0131\u00e7 yapabilirsiniz.<\/p>\n","protected":false},"featured_media":987498299,"comment_status":"open","ping_status":"closed","template":"","meta":[],"product_brand":[],"product_cat":[559,533,100],"product_tag":[],"class_list":{"0":"post-987498251","1":"product","2":"type-product","3":"status-publish","4":"has-post-thumbnail","6":"product_cat-kilo-kontrol-setleri","7":"product_cat-kilo-kontrolu-ve-setler","8":"product_cat-tum-urunler","10":"first","11":"instock","12":"sale","13":"featured","14":"taxable","15":"shipping-taxable","16":"purchasable","17":"product-type-variable"},"_links":{"self":[{"href":"https:\/\/sitenhazir.net\/flat\/wp-json\/wp\/v2\/product\/987498251","targetHints":{"allow":["GET"]}}],"collection":[{"href":"https:\/\/sitenhazir.net\/flat\/wp-json\/wp\/v2\/product"}],"about":[{"href":"https:\/\/sitenhazir.net\/flat\/wp-json\/wp\/v2\/types\/product"}],"replies":[{"embeddable":true,"href":"https:\/\/sitenhazir.net\/flat\/wp-json\/wp\/v2\/comments?post=987498251"}],"wp:featuredmedia":[{"embeddable":true,"href":"https:\/\/sitenhazir.net\/flat\/wp-json\/wp\/v2\/media\/987498299"}],"wp:attachment":[{"href":"https:\/\/sitenhazir.net\/flat\/wp-json\/wp\/v2\/media?parent=987498251"}],"wp:term":[{"taxonomy":"product_brand","embeddable":true,"href":"https:\/\/sitenhazir.net\/flat\/wp-json\/wp\/v2\/product_brand?post=987498251"},{"taxonomy":"product_cat","embeddable":true,"href":"https:\/\/sitenhazir.net\/flat\/wp-json\/wp\/v2\/product_cat?post=987498251"},{"taxonomy":"product_tag","embeddable":true,"href":"https:\/\/sitenhazir.net\/flat\/wp-json\/wp\/v2\/product_tag?post=987498251"}],"curies":[{"name":"wp","href":"https:\/\/api.w.org\/{rel}","templated":true}]}}