{"id":987498249,"date":"2026-02-18T19:21:23","date_gmt":"2026-02-18T19:21:23","guid":{"rendered":"https:\/\/sitenhazir.net\/flat\/?post_type=product&#038;p=987498249"},"modified":"2026-02-18T19:22:46","modified_gmt":"2026-02-18T19:22:46","slug":"herbalife24-tablet-kutusu","status":"publish","type":"product","link":"https:\/\/sitenhazir.net\/flat\/urun\/herbalife24-tablet-kutusu\/","title":{"rendered":"Herbalife24 Tablet Kutusu"},"content":{"rendered":"<p>\u00dcr\u00fcn Bilgileri<\/p>\n<p>Herbalife H24 tablet kutusu, Herbalife taraf\u0131ndan \u00fcretilen ve tabletlerinizi veya kaps\u00fcllerinizi muhafaza edebilece\u011finiz \u00f6zel bir saklama kutusudur, \u00f6zellikle sporcular ve enerjik bir ya\u015fam s\u00fcrd\u00fcrenler i\u00e7in idealdir.<\/p>\n<p>Kompakt yap\u0131s\u0131yla Herbalife H24 tablet kutusu, yan\u0131n\u0131zda ta\u015f\u0131mak i\u00e7in son derece uygundur. K\u00fc\u00e7\u00fck boyutlar\u0131yla, spor salonunda, ofiste, seyahatlerde veya g\u00fcnl\u00fck rutininizde rahatl\u0131kla yer bulur. Bu kutu ayn\u0131 zamanda takviyelerinizi d\u0131\u015f etkenlerden &#8211; nem, \u0131\u015f\u0131k ve havadan &#8211; koruyarak etkinliklerini s\u00fcrd\u00fcrmelerine yard\u0131mc\u0131 olur.<\/p>\n<p>Herbalife H24 tablet kutusunun \u00fcst k\u0131sm\u0131ndan a\u00e7\u0131labilen tasar\u0131m\u0131, i\u00e7erisinde bulunan tablet veya kaps\u00fcllere kolayl\u0131kla ula\u015fman\u0131za olanak tan\u0131r. Herbalife Nutrition \u00fcr\u00fcn gam\u0131nda yer almas\u0131n\u0131n yan\u0131 s\u0131ra, bu kutuyu di\u011fer \u00fcr\u00fcnlerle birlikte veya ba\u011f\u0131ms\u0131z olarak da edinebilirsiniz. G\u00fcnl\u00fck hayatta takviyelerinizi saklamak ve yan\u0131n\u0131zda ta\u015f\u0131mak i\u00e7in Herbalife H24 tablet kutusu, hem fonksiyonel hem de pratik bir \u00e7\u00f6z\u00fcm sunar.<\/p>\n","protected":false},"excerpt":{"rendered":"<p>Herbalife H24 tablet kutusu, Herbalife taraf\u0131ndan \u00fcretilen ve tabletlerinizi veya kaps\u00fcllerinizi muhafaza edebilece\u011finiz \u00f6zel bir saklama kutusudur, \u00f6zellikle sporcular ve enerjik bir ya\u015fam s\u00fcrd\u00fcrenler i\u00e7in idealdir.<\/p>\n<p>Kompakt yap\u0131s\u0131yla Herbalife H24 tablet kutusu, yan\u0131n\u0131zda ta\u015f\u0131mak i\u00e7in son derece uygundur. K\u00fc\u00e7\u00fck boyutlar\u0131yla, spor salonunda, ofiste, seyahatlerde veya g\u00fcnl\u00fck rutininizde rahatl\u0131kla yer bulur. Bu kutu ayn\u0131 zamanda takviyelerinizi d\u0131\u015f etkenlerden &#8211; nem, \u0131\u015f\u0131k ve havadan &#8211; koruyarak etkinliklerini s\u00fcrd\u00fcrmelerine yard\u0131mc\u0131 olur.<\/p>\n<p>Herbalife H24 tablet kutusunun \u00fcst k\u0131sm\u0131ndan a\u00e7\u0131labilen tasar\u0131m\u0131, i\u00e7erisinde bulunan tablet veya kaps\u00fcllere kolayl\u0131kla ula\u015fman\u0131za olanak tan\u0131r. Herbalife Nutrition \u00fcr\u00fcn gam\u0131nda yer almas\u0131n\u0131n yan\u0131 s\u0131ra, bu kutuyu di\u011fer \u00fcr\u00fcnlerle birlikte veya ba\u011f\u0131ms\u0131z olarak da edinebilirsiniz. G\u00fcnl\u00fck hayatta takviyelerinizi saklamak ve yan\u0131n\u0131zda ta\u015f\u0131mak i\u00e7in Herbalife H24 tablet kutusu, hem fonksiyonel hem de pratik bir \u00e7\u00f6z\u00fcm sunar.<\/p>\n","protected":false},"featured_media":987498296,"comment_status":"open","ping_status":"closed","template":"","meta":[],"product_brand":[],"product_cat":[558,100],"product_tag":[],"class_list":{"0":"post-987498249","1":"product","2":"type-product","3":"status-publish","4":"has-post-thumbnail","6":"product_cat-tanitim-urunleri","7":"product_cat-tum-urunler","9":"first","10":"outofstock","11":"taxable","12":"shipping-taxable","13":"purchasable","14":"product-type-simple"},"_links":{"self":[{"href":"https:\/\/sitenhazir.net\/flat\/wp-json\/wp\/v2\/product\/987498249","targetHints":{"allow":["GET"]}}],"collection":[{"href":"https:\/\/sitenhazir.net\/flat\/wp-json\/wp\/v2\/product"}],"about":[{"href":"https:\/\/sitenhazir.net\/flat\/wp-json\/wp\/v2\/types\/product"}],"replies":[{"embeddable":true,"href":"https:\/\/sitenhazir.net\/flat\/wp-json\/wp\/v2\/comments?post=987498249"}],"wp:featuredmedia":[{"embeddable":true,"href":"https:\/\/sitenhazir.net\/flat\/wp-json\/wp\/v2\/media\/987498296"}],"wp:attachment":[{"href":"https:\/\/sitenhazir.net\/flat\/wp-json\/wp\/v2\/media?parent=987498249"}],"wp:term":[{"taxonomy":"product_brand","embeddable":true,"href":"https:\/\/sitenhazir.net\/flat\/wp-json\/wp\/v2\/product_brand?post=987498249"},{"taxonomy":"product_cat","embeddable":true,"href":"https:\/\/sitenhazir.net\/flat\/wp-json\/wp\/v2\/product_cat?post=987498249"},{"taxonomy":"product_tag","embeddable":true,"href":"https:\/\/sitenhazir.net\/flat\/wp-json\/wp\/v2\/product_tag?post=987498249"}],"curies":[{"name":"wp","href":"https:\/\/api.w.org\/{rel}","templated":true}]}}