{"id":987498248,"date":"2026-02-18T19:21:23","date_gmt":"2026-02-18T19:21:23","guid":{"rendered":"https:\/\/sitenhazir.net\/flat\/?post_type=product&#038;p=987498248"},"modified":"2026-02-18T19:22:43","modified_gmt":"2026-02-18T19:22:43","slug":"herbalife-24-spor-sirt-cantasi","status":"publish","type":"product","link":"https:\/\/sitenhazir.net\/flat\/urun\/herbalife-24-spor-sirt-cantasi\/","title":{"rendered":"Herbalife 24 Spor S\u0131rt \u00c7antas\u0131"},"content":{"rendered":"<p>\u00dcr\u00fcn Bilgileri<\/p>\n<p>Herbalife Nutrition imzas\u0131n\u0131 ta\u015f\u0131yan spor s\u0131rt \u00e7antas\u0131, aktif ya\u015fam s\u00fcrd\u00fcrenler i\u00e7in \u00f6zel olarak tasarlanm\u0131\u015ft\u0131r. Spor malzemelerinizden takviyelere, havludan su \u015fi\u015fesine kadar bir\u00e7ok e\u015fyan\u0131z\u0131 bu \u00e7antada rahatl\u0131kla ta\u015f\u0131yabilirsiniz.<\/p>\n<p>Yap\u0131s\u0131nda kullan\u0131lan dayan\u0131kl\u0131 ve suya dayan\u0131kl\u0131 malzemeler sayesinde, e\u015fyalar\u0131n\u0131z\u0131 g\u00fcvende tutar. Pratik ve fonksiyonel tasar\u0131m\u0131yla, tek bir b\u00f6lmesi olmas\u0131na ra\u011fmen \u00e7e\u015fitli cepleri ile organizasyonu kolayla\u015ft\u0131r\u0131r. Cep telefonunuzdan c\u00fczdan\u0131n\u0131za kadar her \u015feyi bu \u00e7antada bulundurabilirsiniz.<\/p>\n<p>Ergonomik tasarlanm\u0131\u015f omuz ask\u0131lar\u0131 ve s\u0131rt deste\u011fi, bu \u00e7antay\u0131 ta\u015f\u0131rken konforunuzu maksimize eder. Fitness salonlar\u0131ndan do\u011fa y\u00fcr\u00fcy\u00fc\u015flerine, seyahatlerden g\u00fcnl\u00fck kullan\u0131ma kadar her yerde yan\u0131n\u0131zda olabilir. Herbalife spor s\u0131rt \u00e7antas\u0131, Herbalife Nutrition \u00fcr\u00fcnleriyle birlikte ya da tek ba\u015f\u0131na sat\u0131n al\u0131nabilir.<\/p>\n","protected":false},"excerpt":{"rendered":"<p>Herbalife Nutrition imzas\u0131n\u0131 ta\u015f\u0131yan spor s\u0131rt \u00e7antas\u0131, aktif ya\u015fam s\u00fcrd\u00fcrenler i\u00e7in \u00f6zel olarak tasarlanm\u0131\u015ft\u0131r. Spor malzemelerinizden takviyelere, havludan su \u015fi\u015fesine kadar bir\u00e7ok e\u015fyan\u0131z\u0131 bu \u00e7antada rahatl\u0131kla ta\u015f\u0131yabilirsiniz.<\/p>\n<p>Yap\u0131s\u0131nda kullan\u0131lan dayan\u0131kl\u0131 ve suya dayan\u0131kl\u0131 malzemeler sayesinde, e\u015fyalar\u0131n\u0131z\u0131 g\u00fcvende tutar. Pratik ve fonksiyonel tasar\u0131m\u0131yla, tek bir b\u00f6lmesi olmas\u0131na ra\u011fmen \u00e7e\u015fitli cepleri ile organizasyonu kolayla\u015ft\u0131r\u0131r. Cep telefonunuzdan c\u00fczdan\u0131n\u0131za kadar her \u015feyi bu \u00e7antada bulundurabilirsiniz.<\/p>\n<p>Ergonomik tasarlanm\u0131\u015f omuz ask\u0131lar\u0131 ve s\u0131rt deste\u011fi, bu \u00e7antay\u0131 ta\u015f\u0131rken konforunuzu maksimize eder. Fitness salonlar\u0131ndan do\u011fa y\u00fcr\u00fcy\u00fc\u015flerine, seyahatlerden g\u00fcnl\u00fck kullan\u0131ma kadar her yerde yan\u0131n\u0131zda olabilir. Herbalife spor s\u0131rt \u00e7antas\u0131, Herbalife Nutrition \u00fcr\u00fcnleriyle birlikte ya da tek ba\u015f\u0131na sat\u0131n al\u0131nabilir.<\/p>\n","protected":false},"featured_media":987498295,"comment_status":"open","ping_status":"closed","template":"","meta":[],"product_brand":[],"product_cat":[558,100],"product_tag":[],"class_list":{"0":"post-987498248","1":"product","2":"type-product","3":"status-publish","4":"has-post-thumbnail","6":"product_cat-tanitim-urunleri","7":"product_cat-tum-urunler","9":"first","10":"instock","11":"taxable","12":"shipping-taxable","13":"purchasable","14":"product-type-simple"},"_links":{"self":[{"href":"https:\/\/sitenhazir.net\/flat\/wp-json\/wp\/v2\/product\/987498248","targetHints":{"allow":["GET"]}}],"collection":[{"href":"https:\/\/sitenhazir.net\/flat\/wp-json\/wp\/v2\/product"}],"about":[{"href":"https:\/\/sitenhazir.net\/flat\/wp-json\/wp\/v2\/types\/product"}],"replies":[{"embeddable":true,"href":"https:\/\/sitenhazir.net\/flat\/wp-json\/wp\/v2\/comments?post=987498248"}],"wp:featuredmedia":[{"embeddable":true,"href":"https:\/\/sitenhazir.net\/flat\/wp-json\/wp\/v2\/media\/987498295"}],"wp:attachment":[{"href":"https:\/\/sitenhazir.net\/flat\/wp-json\/wp\/v2\/media?parent=987498248"}],"wp:term":[{"taxonomy":"product_brand","embeddable":true,"href":"https:\/\/sitenhazir.net\/flat\/wp-json\/wp\/v2\/product_brand?post=987498248"},{"taxonomy":"product_cat","embeddable":true,"href":"https:\/\/sitenhazir.net\/flat\/wp-json\/wp\/v2\/product_cat?post=987498248"},{"taxonomy":"product_tag","embeddable":true,"href":"https:\/\/sitenhazir.net\/flat\/wp-json\/wp\/v2\/product_tag?post=987498248"}],"curies":[{"name":"wp","href":"https:\/\/api.w.org\/{rel}","templated":true}]}}