{"id":987498247,"date":"2026-02-18T19:21:22","date_gmt":"2026-02-18T19:21:22","guid":{"rendered":"https:\/\/sitenhazir.net\/flat\/?post_type=product&#038;p=987498247"},"modified":"2026-02-18T19:22:36","modified_gmt":"2026-02-18T19:22:36","slug":"herbalife-nutrition-sirt-cantasi","status":"publish","type":"product","link":"https:\/\/sitenhazir.net\/flat\/urun\/herbalife-nutrition-sirt-cantasi\/","title":{"rendered":"Herbalife Nutrition S\u0131rt \u00c7antas\u0131"},"content":{"rendered":"<p><strong>\u00dcr\u00fcn Bilgileri<\/strong><\/p>\n<p>Herbalife Nutrition markas\u0131n\u0131n \u00fcretip pazarlad\u0131\u011f\u0131 bir s\u0131rt \u00e7antas\u0131d\u0131r. Aktif bir ya\u015fam bi\u00e7imine sahip olanlar i\u00e7in \u00f6zel olarak tasarlanan bu \u00e7anta, sa\u011fl\u0131kl\u0131 ya\u015fam \u00fcr\u00fcnlerini ta\u015f\u0131mak i\u00e7in son derece uygundur.<\/p>\n<p>\u00c7o\u011funlukla dayan\u0131kl\u0131 naylon ya da polyester malzemeden \u00fcretilen bu s\u0131rt \u00e7antas\u0131, geni\u015f i\u00e7 hacmi ve ekstra yan b\u00f6lmeleri ile e\u015fsiz bir depolama kapasitesine sahiptir. Kullan\u0131c\u0131lar\u0131na, besin takviyelerinden protein barlar\u0131na, su \u015fi\u015felerinden di\u011fer sa\u011fl\u0131kl\u0131 ya\u015fam malzemelerine kadar bir\u00e7ok \u015feyi kolayca ta\u015f\u0131ma olana\u011f\u0131 sunar.<\/p>\n<p>Herbalife Nutrition \u00e7antas\u0131, rahat ta\u015f\u0131ma deneyimi i\u00e7in ergonomik omuz ask\u0131lar\u0131na ve s\u0131rt deste\u011fine sahip. \u0130ster spor salonunda, ister seyahatte, isterse g\u00fcnl\u00fck ya\u015famda kullan\u0131ls\u0131n, bu \u00e7anta m\u00fckemmel bir e\u015flik\u00e7idir. Herbalife Nutrition \u00fcr\u00fcnleriyle birlikte ya da tek ba\u015f\u0131na sat\u0131n al\u0131nabilir.<\/p>\n","protected":false},"excerpt":{"rendered":"<p>Herbalife Nutrition markas\u0131n\u0131n \u00fcretip pazarlad\u0131\u011f\u0131 bir s\u0131rt \u00e7antas\u0131d\u0131r. Aktif bir ya\u015fam bi\u00e7imine sahip olanlar i\u00e7in \u00f6zel olarak tasarlanan bu \u00e7anta, sa\u011fl\u0131kl\u0131 ya\u015fam \u00fcr\u00fcnlerini ta\u015f\u0131mak i\u00e7in son derece uygundur.<\/p>\n<p>\u00c7o\u011funlukla dayan\u0131kl\u0131 naylon ya da polyester malzemeden \u00fcretilen bu s\u0131rt \u00e7antas\u0131, geni\u015f i\u00e7 hacmi ve ekstra yan b\u00f6lmeleri ile e\u015fsiz bir depolama kapasitesine sahiptir. Kullan\u0131c\u0131lar\u0131na, besin takviyelerinden protein barlar\u0131na, su \u015fi\u015felerinden di\u011fer sa\u011fl\u0131kl\u0131 ya\u015fam malzemelerine kadar bir\u00e7ok \u015feyi kolayca ta\u015f\u0131ma olana\u011f\u0131 sunar.<\/p>\n<p>Herbalife Nutrition \u00e7antas\u0131, rahat ta\u015f\u0131ma deneyimi i\u00e7in ergonomik omuz ask\u0131lar\u0131na ve s\u0131rt deste\u011fine sahip. \u0130ster spor salonunda, ister seyahatte, isterse g\u00fcnl\u00fck ya\u015famda kullan\u0131ls\u0131n, bu \u00e7anta m\u00fckemmel bir e\u015flik\u00e7idir. Herbalife Nutrition \u00fcr\u00fcnleriyle birlikte ya da tek ba\u015f\u0131na sat\u0131n al\u0131nabilir.<\/p>\n","protected":false},"featured_media":987498294,"comment_status":"open","ping_status":"closed","template":"","meta":[],"product_brand":[],"product_cat":[558,100],"product_tag":[],"class_list":{"0":"post-987498247","1":"product","2":"type-product","3":"status-publish","4":"has-post-thumbnail","6":"product_cat-tanitim-urunleri","7":"product_cat-tum-urunler","9":"first","10":"instock","11":"taxable","12":"shipping-taxable","13":"purchasable","14":"product-type-simple"},"_links":{"self":[{"href":"https:\/\/sitenhazir.net\/flat\/wp-json\/wp\/v2\/product\/987498247","targetHints":{"allow":["GET"]}}],"collection":[{"href":"https:\/\/sitenhazir.net\/flat\/wp-json\/wp\/v2\/product"}],"about":[{"href":"https:\/\/sitenhazir.net\/flat\/wp-json\/wp\/v2\/types\/product"}],"replies":[{"embeddable":true,"href":"https:\/\/sitenhazir.net\/flat\/wp-json\/wp\/v2\/comments?post=987498247"}],"wp:featuredmedia":[{"embeddable":true,"href":"https:\/\/sitenhazir.net\/flat\/wp-json\/wp\/v2\/media\/987498294"}],"wp:attachment":[{"href":"https:\/\/sitenhazir.net\/flat\/wp-json\/wp\/v2\/media?parent=987498247"}],"wp:term":[{"taxonomy":"product_brand","embeddable":true,"href":"https:\/\/sitenhazir.net\/flat\/wp-json\/wp\/v2\/product_brand?post=987498247"},{"taxonomy":"product_cat","embeddable":true,"href":"https:\/\/sitenhazir.net\/flat\/wp-json\/wp\/v2\/product_cat?post=987498247"},{"taxonomy":"product_tag","embeddable":true,"href":"https:\/\/sitenhazir.net\/flat\/wp-json\/wp\/v2\/product_tag?post=987498247"}],"curies":[{"name":"wp","href":"https:\/\/api.w.org\/{rel}","templated":true}]}}