{"id":987498246,"date":"2026-02-18T19:21:22","date_gmt":"2026-02-18T19:21:22","guid":{"rendered":"https:\/\/sitenhazir.net\/flat\/?post_type=product&#038;p=987498246"},"modified":"2026-02-18T19:22:33","modified_gmt":"2026-02-18T19:22:33","slug":"herbalife-nutrition-logolu-olcu-kasigi","status":"publish","type":"product","link":"https:\/\/sitenhazir.net\/flat\/urun\/herbalife-nutrition-logolu-olcu-kasigi\/","title":{"rendered":"Herbalife Nutrition Logolu \u00d6l\u00e7\u00fc Ka\u015f\u0131\u011f\u0131"},"content":{"rendered":"<p><strong>\u00dcr\u00fcn Bilgileri<\/strong><\/p>\n<p>Herbalife \u00f6l\u00e7\u00fc ka\u015f\u0131\u011f\u0131, firman\u0131n \u00fcr\u00fcnlerinin tavsiye edilen porsiyonlar\u0131n\u0131 do\u011fru \u015fekilde \u00f6l\u00e7mek amac\u0131yla tasarlanm\u0131\u015ft\u0131r. Bu \u00fcr\u00fcnler, toz \u015feklinde shake kar\u0131\u015f\u0131mlar\u0131, \u00e7aylar ve \u00e7e\u015fitli takviyeler olarak kar\u015f\u0131m\u0131za \u00e7\u0131kar. Bu takviyelerin ve kar\u0131\u015f\u0131mlar\u0131n uygun miktarda t\u00fcketilmesi, beslenme plan\u0131n\u0131z\u0131n sa\u011fl\u0131kl\u0131 olmas\u0131 ve gerekli besin maddelerini alabilmeniz i\u00e7in esast\u0131r.<\/p>\n<p>Herbalife&#8217;\u0131n bu \u00f6l\u00e7\u00fc ka\u015f\u0131\u011f\u0131 15 ml kapasitelidir. \u00dcr\u00fcn etiketlerinde yer alan \u00f6nerilen porsiyon bilgilerine uygun olarak bu ka\u015f\u0131kla \u00f6l\u00e7\u00fcm yapmal\u0131s\u0131n\u0131z. \u00d6rne\u011fin, bir Herbalife shake kar\u0131\u015f\u0131m\u0131 i\u00e7in genelde tavsiye edilen miktar 2 \u00f6l\u00e7\u00fc ka\u015f\u0131\u011f\u0131d\u0131r, yani 30 ml. Dolay\u0131s\u0131yla, Herbalife \u00fcr\u00fcnlerinden en iyi sonucu alabilmek ve dengeli bir beslenme rutini s\u00fcrd\u00fcrebilmek i\u00e7in bu \u00f6l\u00e7\u00fc ka\u015f\u0131\u011f\u0131n\u0131 do\u011fru bir \u015fekilde kullanman\u0131z \u015fartt\u0131r.<\/p>\n","protected":false},"excerpt":{"rendered":"<p>Herbalife \u00f6l\u00e7\u00fc ka\u015f\u0131\u011f\u0131, firman\u0131n \u00fcr\u00fcnlerinin tavsiye edilen porsiyonlar\u0131n\u0131 do\u011fru \u015fekilde \u00f6l\u00e7mek amac\u0131yla tasarlanm\u0131\u015ft\u0131r. Bu \u00fcr\u00fcnler, toz \u015feklinde shake kar\u0131\u015f\u0131mlar\u0131, \u00e7aylar ve \u00e7e\u015fitli takviyeler olarak kar\u015f\u0131m\u0131za \u00e7\u0131kar. Bu takviyelerin ve kar\u0131\u015f\u0131mlar\u0131n uygun miktarda t\u00fcketilmesi, beslenme plan\u0131n\u0131z\u0131n sa\u011fl\u0131kl\u0131 olmas\u0131 ve gerekli besin maddelerini alabilmeniz i\u00e7in esast\u0131r.<\/p>\n<p>Herbalife&#8217;\u0131n bu \u00f6l\u00e7\u00fc ka\u015f\u0131\u011f\u0131 15 ml kapasitelidir. \u00dcr\u00fcn etiketlerinde yer alan \u00f6nerilen porsiyon bilgilerine uygun olarak bu ka\u015f\u0131kla \u00f6l\u00e7\u00fcm yapmal\u0131s\u0131n\u0131z. \u00d6rne\u011fin, bir Herbalife shake kar\u0131\u015f\u0131m\u0131 i\u00e7in genelde tavsiye edilen miktar 2 \u00f6l\u00e7\u00fc ka\u015f\u0131\u011f\u0131d\u0131r, yani 30 ml. Dolay\u0131s\u0131yla, Herbalife \u00fcr\u00fcnlerinden en iyi sonucu alabilmek ve dengeli bir beslenme rutini s\u00fcrd\u00fcrebilmek i\u00e7in bu \u00f6l\u00e7\u00fc ka\u015f\u0131\u011f\u0131n\u0131 do\u011fru bir \u015fekilde kullanman\u0131z \u015fartt\u0131r.<\/p>\n","protected":false},"featured_media":987498293,"comment_status":"open","ping_status":"closed","template":"","meta":[],"product_brand":[],"product_cat":[558,100],"product_tag":[],"class_list":{"0":"post-987498246","1":"product","2":"type-product","3":"status-publish","4":"has-post-thumbnail","6":"product_cat-tanitim-urunleri","7":"product_cat-tum-urunler","9":"first","10":"outofstock","11":"taxable","12":"shipping-taxable","13":"purchasable","14":"product-type-simple"},"_links":{"self":[{"href":"https:\/\/sitenhazir.net\/flat\/wp-json\/wp\/v2\/product\/987498246","targetHints":{"allow":["GET"]}}],"collection":[{"href":"https:\/\/sitenhazir.net\/flat\/wp-json\/wp\/v2\/product"}],"about":[{"href":"https:\/\/sitenhazir.net\/flat\/wp-json\/wp\/v2\/types\/product"}],"replies":[{"embeddable":true,"href":"https:\/\/sitenhazir.net\/flat\/wp-json\/wp\/v2\/comments?post=987498246"}],"wp:featuredmedia":[{"embeddable":true,"href":"https:\/\/sitenhazir.net\/flat\/wp-json\/wp\/v2\/media\/987498293"}],"wp:attachment":[{"href":"https:\/\/sitenhazir.net\/flat\/wp-json\/wp\/v2\/media?parent=987498246"}],"wp:term":[{"taxonomy":"product_brand","embeddable":true,"href":"https:\/\/sitenhazir.net\/flat\/wp-json\/wp\/v2\/product_brand?post=987498246"},{"taxonomy":"product_cat","embeddable":true,"href":"https:\/\/sitenhazir.net\/flat\/wp-json\/wp\/v2\/product_cat?post=987498246"},{"taxonomy":"product_tag","embeddable":true,"href":"https:\/\/sitenhazir.net\/flat\/wp-json\/wp\/v2\/product_tag?post=987498246"}],"curies":[{"name":"wp","href":"https:\/\/api.w.org\/{rel}","templated":true}]}}