{"id":987498235,"date":"2026-02-18T19:20:59","date_gmt":"2026-02-18T19:20:59","guid":{"rendered":"https:\/\/sitenhazir.net\/flat\/?post_type=product&#038;p=987498235"},"modified":"2026-02-18T19:22:28","modified_gmt":"2026-02-18T19:22:28","slug":"herbalife-skin-kirmizi-meyve-ozlu-peeling","status":"publish","type":"product","link":"https:\/\/sitenhazir.net\/flat\/urun\/herbalife-skin-kirmizi-meyve-ozlu-peeling\/","title":{"rendered":"Herbalife Skin K\u0131rm\u0131z\u0131 Meyve \u00d6zl\u00fc Peeling"},"content":{"rendered":"<p>K\u0131rm\u0131z\u0131 Meyve \u00d6zl\u00fc Peeling ile cildinizi canland\u0131r\u0131n.<\/p>\n<p>K\u0131rm\u0131z\u0131 Meyve \u00d6zl\u00fc Peeling, cildinizin pul pul d\u00f6k\u00fclmesine ve ar\u0131nmas\u0131na yard\u0131mc\u0131 olan hafif, taze ve meyveli bir form\u00fcle sahiptir. T\u00fcm cilt tipleri i\u00e7in uygun olan K\u0131rm\u0131z\u0131 Meyve \u00d6zl\u00fc Peeling, donuk cilt h\u00fccrelerini nazik\u00e7e parlatarak daha yumu\u015fak, p\u00fcr\u00fczs\u00fcz ve sa\u011fl\u0131kl\u0131 g\u00f6r\u00fcnen bir cilt hissi b\u0131rak\u0131r.<\/p>\n<p>Bu antioksidan bak\u0131m\u0131ndan zengin y\u00fcz peelingi, k\u0131rm\u0131z\u0131 meyve tohumlar\u0131, bambu \u00f6z\u00fc, yat\u0131\u015ft\u0131r\u0131c\u0131\u00a0<em>Aloe vera<\/em>\u00a0ve cilt dostu B3, C ve E vitaminleri kar\u0131\u015f\u0131m\u0131 ile form\u00fcle edilmi\u015ftir. En iyi sonu\u00e7lar i\u00e7in K\u0131rm\u0131z\u0131 Meyve \u00d6zl\u00fc Peeling\u2019i, haftada bir ila \u00fc\u00e7 kez kullan\u0131n.<\/p>\n<p>&nbsp;<\/p>\n<p>\u00d6ZELL\u0130KLER<\/p>\n<p>Herbalife SKIN K\u0131rm\u0131z\u0131 Meyve \u00d6zl\u00fc Peeling:<\/p>\n<ul>\n<li><em>Aloe vera<\/em>ve bambu \u00f6z\u00fc ile form\u00fcleedilmi\u015ftir<\/li>\n<li>B3 (Niacinamide), C (Ascorbyl Glucoside) ve E (Tocopheryl Acetate) vitaminleri ile form\u00fcle edilmi\u015ftir<\/li>\n<li>Eksfoliasyon i\u00e7in k\u0131rm\u0131z\u0131 meyve tohumlar\u0131 i\u00e7erir<\/li>\n<li>Taze ve meyvemsi bir kokuya sahiptir<\/li>\n<li>T\u00fcm cilt tipleri i\u00e7in uygundur<\/li>\n<li>Erkekler ve kad\u0131nlar i\u00e7in uygundur<\/li>\n<li>\u0130lave paraben veya s\u00fclfat i\u00e7ermez<\/li>\n<li>Dermatolojik olarak test edilmi\u015ftir<\/li>\n<\/ul>\n<p>\u0130\u00c7\u0130NDEK\u0130LER<\/p>\n<p>Aqua,\u00a0<em>Aloe Barbadensis<\/em>\u00a0Leaf Juice, Cocamidopropyl Betaine, Acrylates Copolymer, Glycerin, PEG-18 Glyceryl Oleate\/Cocoate, Sodium Cocoyl lsethionate,\u00a0<em>Bambusa Arundinacea<\/em>\u00a0Stem Extract, Niacinamide, Hydrogenated Castor Oil, Ascorbyl Glucoside, Tocopheryl Acetate,\u00a0<em>Fragaria Vesca<\/em>\u00a0Fruit Extract,\u00a0<em>Lycium Barbarum<\/em>\u00a0Fruit Extract,\u00a0<em>Punica Granatum<\/em>\u00a0Extract,\u00a0<em>Vaccinium Angustifolium<\/em>\u00a0Fruit Extract,\u00a0<em>Vaccinium Corymbosum<\/em>\u00a0Seed, Panthenol, PEG-150 Distearate, Triethanolamine, Tetrasodium EDTA, Sodium Citrate, Citric Acid, Parfum, Ethylhexylglycerin, Hexylene Glycol, Caprylyl Glycol, Phenoxyethanol, Coconut Fatty Acids and Limonene.<\/p>\n<p>KULLANIMI<\/p>\n<p>Nemli cilde dairesel hareketlerle nazik\u00e7e masaj yap\u0131n. Il\u0131k su ile durulay\u0131n ve cildinizi kurulay\u0131n. Tonik, serum ve nemlendirici ile takip edin.<\/p>\n<p>En iyi sonu\u00e7 i\u00e7in haftada bir ila \u00fc\u00e7 kez kullan\u0131n.<\/p>\n","protected":false},"excerpt":{"rendered":"<p>Cildinizde canl\u0131l\u0131k ve yeniden do\u011fmu\u015f bir his uyand\u0131rmak i\u00e7in Herbalife Skin K\u0131rm\u0131z\u0131 Meyve \u00d6zl\u00fc Peeling&#8217;i deneyin. K\u0131rm\u0131z\u0131 meyve tohumlar\u0131, bambu \u00f6z\u00fc, Aloe vera ve B3, C, E vitaminleri ile zenginle\u015ftirilmi\u015f bu hafif ve taze form\u00fcl, cildinizi nazik\u00e7e ar\u0131nd\u0131r\u0131r, donuk h\u00fccreleri ortadan kald\u0131r\u0131r ve p\u00fcr\u00fczs\u00fcz, sa\u011fl\u0131kl\u0131 bir cilt hissi b\u0131rak\u0131r.<\/p>\n","protected":false},"featured_media":987498291,"comment_status":"open","ping_status":"closed","template":"","meta":[],"product_brand":[],"product_cat":[556,554,100],"product_tag":[],"class_list":{"0":"post-987498235","1":"product","2":"type-product","3":"status-publish","4":"has-post-thumbnail","6":"product_cat-cilt-bakimi","7":"product_cat-kisisel-bakim","8":"product_cat-tum-urunler","10":"first","11":"instock","12":"sale","13":"taxable","14":"shipping-taxable","15":"purchasable","16":"product-type-simple"},"_links":{"self":[{"href":"https:\/\/sitenhazir.net\/flat\/wp-json\/wp\/v2\/product\/987498235","targetHints":{"allow":["GET"]}}],"collection":[{"href":"https:\/\/sitenhazir.net\/flat\/wp-json\/wp\/v2\/product"}],"about":[{"href":"https:\/\/sitenhazir.net\/flat\/wp-json\/wp\/v2\/types\/product"}],"replies":[{"embeddable":true,"href":"https:\/\/sitenhazir.net\/flat\/wp-json\/wp\/v2\/comments?post=987498235"}],"wp:featuredmedia":[{"embeddable":true,"href":"https:\/\/sitenhazir.net\/flat\/wp-json\/wp\/v2\/media\/987498291"}],"wp:attachment":[{"href":"https:\/\/sitenhazir.net\/flat\/wp-json\/wp\/v2\/media?parent=987498235"}],"wp:term":[{"taxonomy":"product_brand","embeddable":true,"href":"https:\/\/sitenhazir.net\/flat\/wp-json\/wp\/v2\/product_brand?post=987498235"},{"taxonomy":"product_cat","embeddable":true,"href":"https:\/\/sitenhazir.net\/flat\/wp-json\/wp\/v2\/product_cat?post=987498235"},{"taxonomy":"product_tag","embeddable":true,"href":"https:\/\/sitenhazir.net\/flat\/wp-json\/wp\/v2\/product_tag?post=987498235"}],"curies":[{"name":"wp","href":"https:\/\/api.w.org\/{rel}","templated":true}]}}