{"id":987498234,"date":"2026-02-18T19:20:59","date_gmt":"2026-02-18T19:20:59","guid":{"rendered":"https:\/\/sitenhazir.net\/flat\/?post_type=product&#038;p=987498234"},"modified":"2026-02-18T19:22:26","modified_gmt":"2026-02-18T19:22:26","slug":"herbalife-skin-sikilastirici-goz-jeli","status":"publish","type":"product","link":"https:\/\/sitenhazir.net\/flat\/urun\/herbalife-skin-sikilastirici-goz-jeli\/","title":{"rendered":"Herbalife Skin S\u0131k\u0131la\u015ft\u0131r\u0131c\u0131 G\u00f6z Jeli"},"content":{"rendered":"<p>S\u0131k\u0131la\u015ft\u0131r\u0131c\u0131 G\u00f6z Jeli, B3 vitamini, antioksidan C ve E vitaminleri, Aloe Vera, ve canland\u0131r\u0131c\u0131 salatal\u0131k \u00f6z\u00fc i\u00e7eren \u00f6zel bir form\u00fclle geli\u015ftirilmi\u015ftir. Dermatolojik olarak test edilen ve i\u00e7inde ilave paraben bulunmayan bu g\u00f6z jeli, 7 ve 42 g\u00fcnl\u00fck s\u00fcre\u00e7lerde yap\u0131lan testlerde g\u00f6z \u00e7evresindeki s\u0131k\u0131l\u0131\u011f\u0131 ve elastikiyeti art\u0131rd\u0131\u011f\u0131 g\u00f6zlemlenmi\u015ftir.<\/p>\n<p>G\u00f6z \u00e7evresindeki \u015fi\u015fkinlikleri azaltmaya yard\u0131mc\u0131 olan S\u0131k\u0131la\u015ft\u0131r\u0131c\u0131 G\u00f6z Jeli, g\u00fcnl\u00fck kullan\u0131m i\u00e7in uygundur. Oftalmologlar taraf\u0131ndan test edilmi\u015f olan bu \u00fcr\u00fcn, erkekler ve kad\u0131nlar i\u00e7in ideal bir g\u00f6z bak\u0131m \u00fcr\u00fcn\u00fcd\u00fcr. S\u0131k\u0131la\u015ft\u0131r\u0131c\u0131 G\u00f6z Jeli&#8217;nin i\u00e7eri\u011fi, do\u011fal ve etkili i\u00e7erikleri bir araya getirerek g\u00f6z \u00e7evresine \u00f6zel bir bak\u0131m sunar.<\/p>\n<p>S\u0131k\u0131la\u015ft\u0131r\u0131c\u0131 G\u00f6z Jeli, g\u00f6z \u00e7evresindeki s\u0131k\u0131l\u0131\u011f\u0131 art\u0131rmak ve elastikiyeti desteklemek isteyen herkes i\u00e7in uygundur. \u00d6zellikle 41-64 ya\u015f aras\u0131ndaki kad\u0131nlar \u00fczerinde yap\u0131lan testler, \u00fcr\u00fcn\u00fc kullananlar\u0131n %84,8&#8217;inin 42 g\u00fcn sonunda g\u00f6z alt\u0131 b\u00f6lgesinin s\u0131k\u0131l\u0131\u011f\u0131nda ve elastikiyetinde belirgin bir geli\u015fim g\u00f6sterdi\u011fini ortaya koymu\u015ftur.<\/p>\n<ul>\n<li><strong>B3 Vitamini (Niacinamide):<\/strong> Cilt elastikiyetini art\u0131r\u0131r.<\/li>\n<li><strong>C Vitamini (Ascorbyl Glucoside) ve E Vitamini (Tocopheryl Acetate):<\/strong> Antioksidan \u00f6zellikler sunar.<\/li>\n<li><strong>Aloe Vera ve Salatal\u0131k \u00d6z\u00fc:<\/strong> Cildi sakinle\u015ftirir, nemlendirir ve canland\u0131r\u0131r.<\/li>\n<\/ul>\n<p>S\u0131k\u0131la\u015ft\u0131r\u0131c\u0131 G\u00f6z Jeli&#8217;ni g\u00fcnl\u00fck cilt bak\u0131m rutininizin bir par\u00e7as\u0131 olarak kullanabilirsiniz. Temizlenmi\u015f cilde, y\u00fcz\u00fck parma\u011f\u0131n\u0131z\u0131 kullanarak g\u00f6z altlar\u0131na hafif\u00e7e uygulay\u0131n. H\u0131zl\u0131 emilen bu jeli d\u00fczenli kullan\u0131m ile g\u00f6z \u00e7evresindeki s\u0131k\u0131l\u0131\u011f\u0131 art\u0131rabilir ve canl\u0131 bir g\u00f6r\u00fcn\u00fcm elde edebilirsiniz.<\/p>\n","protected":false},"excerpt":{"rendered":"<p>Herbalife Skin S\u0131k\u0131la\u015ft\u0131r\u0131c\u0131 G\u00f6z Jeli, g\u00f6z \u00e7evresindeki cildin esnekli\u011fini art\u0131rarak daha sa\u011fl\u0131kl\u0131 ve canl\u0131 bir g\u00f6r\u00fcn\u00fcm elde etmenize yard\u0131mc\u0131 olur. Cildin s\u0131k\u0131l\u0131\u011f\u0131n\u0131 ve elastikiyetini art\u0131rarak, g\u00f6z alt\u0131ndaki \u015fi\u015fkinlikleri azaltmaya katk\u0131 sa\u011flar. Ayr\u0131ca, i\u00e7eri\u011findeki \u00f6zel form\u00fcl, g\u00f6z \u00e7evresini canland\u0131rmak ve s\u0131k\u0131la\u015ft\u0131rmak i\u00e7in \u00f6zenle se\u00e7ilmi\u015f do\u011fal i\u00e7erikleri i\u00e7erir.<\/p>\n","protected":false},"featured_media":987498290,"comment_status":"open","ping_status":"closed","template":"","meta":[],"product_brand":[],"product_cat":[556,554,100],"product_tag":[],"class_list":{"0":"post-987498234","1":"product","2":"type-product","3":"status-publish","4":"has-post-thumbnail","6":"product_cat-cilt-bakimi","7":"product_cat-kisisel-bakim","8":"product_cat-tum-urunler","10":"first","11":"instock","12":"sale","13":"taxable","14":"shipping-taxable","15":"purchasable","16":"product-type-simple"},"_links":{"self":[{"href":"https:\/\/sitenhazir.net\/flat\/wp-json\/wp\/v2\/product\/987498234","targetHints":{"allow":["GET"]}}],"collection":[{"href":"https:\/\/sitenhazir.net\/flat\/wp-json\/wp\/v2\/product"}],"about":[{"href":"https:\/\/sitenhazir.net\/flat\/wp-json\/wp\/v2\/types\/product"}],"replies":[{"embeddable":true,"href":"https:\/\/sitenhazir.net\/flat\/wp-json\/wp\/v2\/comments?post=987498234"}],"wp:featuredmedia":[{"embeddable":true,"href":"https:\/\/sitenhazir.net\/flat\/wp-json\/wp\/v2\/media\/987498290"}],"wp:attachment":[{"href":"https:\/\/sitenhazir.net\/flat\/wp-json\/wp\/v2\/media?parent=987498234"}],"wp:term":[{"taxonomy":"product_brand","embeddable":true,"href":"https:\/\/sitenhazir.net\/flat\/wp-json\/wp\/v2\/product_brand?post=987498234"},{"taxonomy":"product_cat","embeddable":true,"href":"https:\/\/sitenhazir.net\/flat\/wp-json\/wp\/v2\/product_cat?post=987498234"},{"taxonomy":"product_tag","embeddable":true,"href":"https:\/\/sitenhazir.net\/flat\/wp-json\/wp\/v2\/product_tag?post=987498234"}],"curies":[{"name":"wp","href":"https:\/\/api.w.org\/{rel}","templated":true}]}}