{"id":987498233,"date":"2026-02-18T19:20:59","date_gmt":"2026-02-18T19:20:59","guid":{"rendered":"https:\/\/sitenhazir.net\/flat\/?post_type=product&#038;p=987498233"},"modified":"2026-02-18T19:22:23","modified_gmt":"2026-02-18T19:22:23","slug":"herbalife-skin-nemlendirici-goz-kremi","status":"publish","type":"product","link":"https:\/\/sitenhazir.net\/flat\/urun\/herbalife-skin-nemlendirici-goz-kremi\/","title":{"rendered":"Herbalife Skin Nemlendirici G\u00f6z Kremi"},"content":{"rendered":"<p>G\u00f6zlerinizin etraf\u0131ndaki hassas b\u00f6lgeye Nemlendirici G\u00f6z Kremi ile ekstra bak\u0131m yap\u0131n.<\/p>\n<p>Bu hafif g\u00f6z kremi ile g\u00f6z \u00e7evrenizdeki hassas cildi yumu\u015fat\u0131n ve p\u00fcr\u00fczs\u00fczle\u015ftirin. Nemlendirici G\u00f6z Kremi, B3 Vitamini, antioksidan C ve E vitaminleri ve yat\u0131\u015ft\u0131r\u0131c\u0131\u00a0<em>Aloe vera<\/em>\u00a0ile ustal\u0131kla form\u00fcle edilmi\u015ftir. Bu nazik form\u00fcl, \u00f6zellikle g\u00f6z altlar\u0131n\u0131z i\u00e7in \u00f6zenle \u00fcretilmi\u015ftir, b\u00f6ylece tahri\u015f konusunda endi\u015felenmenize gerek kalmaz.<\/p>\n<p>Nemlendirici G\u00f6z Kremi g\u00fcnl\u00fck olarak kullan\u0131labilir, t\u00fcm cilt tipleri i\u00e7in uygundur ve g\u00fcvenlik a\u00e7\u0131s\u0131ndan oftalmologlar taraf\u0131ndan test edilmi\u015ftir. En iyi sonu\u00e7lar i\u00e7in, Nemlendirici G\u00f6z Kremi\u2019ni yatmadan \u00f6nce, ak\u015fam cilt bak\u0131m rutininizin bir par\u00e7as\u0131 olarak kullan\u0131n.<\/p>\n<p>\u00d6ZELL\u0130KLER<\/p>\n<p>Herbalife SKIN Nemlendirici G\u00f6z Kremi:<\/p>\n<ul>\n<li><i>Aloe vera\u00a0<\/i>ile form\u00fcle edilmi\u015ftir<\/li>\n<li>B3 (Niacinamide), C (Ascorbyl Glucoside) ve E (Tocopheryl Acetate) vitaminleri ile form\u00fcle edilmi\u015ftir<\/li>\n<li>T\u00fcm cilt tipleri i\u00e7in uygundur<\/li>\n<li>G\u00fcnl\u00fck kullan\u0131m i\u00e7in uygundur<\/li>\n<li>Erkekler ve kad\u0131nlar i\u00e7in uygundur<\/li>\n<li>\u0130lave paraben i\u00e7ermez<\/li>\n<li>Oftalmolojist taraf\u0131ndan test edilmi\u015ftir<\/li>\n<li>G\u00f6z \u00e7evresindeki hassas cildi yumu\u015fat\u0131r ve p\u00fcr\u00fczs\u00fczle\u015ftirir*<\/li>\n<li>Yedi g\u00fcnl\u00fck kullan\u0131mla ince \u00e7izgilerin ve k\u0131r\u0131\u015f\u0131kl\u0131klar\u0131n g\u00f6r\u00fcn\u00fcm\u00fcn\u00fc azalt\u0131r*<\/li>\n<li>Yirmi bir ve altm\u0131\u015f g\u00fcnl\u00fck kullan\u0131mla cildi s\u0131k\u0131la\u015ft\u0131r\u0131r ve tonland\u0131r\u0131r**<\/li>\n<li>Yedi g\u00fcn gibi k\u0131sa bir s\u00fcrede yumu\u015fakl\u0131k, p\u00fcr\u00fczs\u00fczl\u00fck, parlakl\u0131k ve \u0131\u015f\u0131lt\u0131 sa\u011flar***<\/li>\n<\/ul>\n<p><i>*44-65 ya\u015f aras\u0131 27 kad\u0131n \u00fczerinde test edilmi\u015ftir. Sonu\u00e7lar, k\u0131r\u0131\u015f\u0131kl\u0131k boyutunun alet \u00f6l\u00e7\u00fcm\u00fc ve g\u00f6rsel derecelendirme ile de\u011ferlendirilmi\u015ftir.<br \/>\n**44-65 ya\u015f aras\u0131 36 kad\u0131n \u00fczerinde test edilmi\u015ftir. Sonu\u00e7lar cutometer ile de\u011ferlendirilmi\u015ftir.<br \/>\n***44-65 ya\u015f aras\u0131 36 kad\u0131n \u00fczerinde test edilmi\u015ftir. Yumu\u015fakl\u0131k, parlakl\u0131k ve \u0131\u015f\u0131lt\u0131 uzman taraf\u0131ndan de\u011ferlendirilir.<\/i><\/p>\n<p>KULLANIMI<\/p>\n<p>Y\u00fcz\u00fck parma\u011f\u0131n\u0131z\u0131 kullanarak kremi cildinize tamamen emilene kadar g\u00f6z altlar\u0131n\u0131za hafif\u00e7e yedirin.<\/p>\n<p>Sabahlar\u0131 veya ak\u015famlar\u0131 g\u00fcnl\u00fck kullan\u0131m i\u00e7in uygundur. En iyi sonu\u00e7lar\u0131 elde etmek ve cilt rutininizi tamamlamak i\u00e7in Herbalife SKIN Nemlendirici G\u00f6z Kremi\u2019ni ak\u015famlar\u0131 kullan\u0131n.<\/p>\n","protected":false},"excerpt":{"rendered":"<p>Herbalife Skin Nemlendirici G\u00f6z Kremi, g\u00f6z \u00e7evresindeki ince \u00e7izgi ve k\u0131r\u0131\u015f\u0131kl\u0131klar\u0131n g\u00f6r\u00fcn\u00fcm\u00fcn\u00fc azaltmak i\u00e7in \u00f6zel olarak form\u00fcle edilmi\u015ftir. Cildinizi 8 saat boyunca nemlendiren bu g\u00f6z kremi, paraben i\u00e7ermeyen ve dermatolojik olarak test edilmi\u015f bir \u00fcr\u00fcnd\u00fcr.<\/p>\n","protected":false},"featured_media":987498289,"comment_status":"open","ping_status":"closed","template":"","meta":[],"product_brand":[],"product_cat":[556,554,100],"product_tag":[],"class_list":{"0":"post-987498233","1":"product","2":"type-product","3":"status-publish","4":"has-post-thumbnail","6":"product_cat-cilt-bakimi","7":"product_cat-kisisel-bakim","8":"product_cat-tum-urunler","10":"first","11":"instock","12":"sale","13":"taxable","14":"shipping-taxable","15":"purchasable","16":"product-type-simple"},"_links":{"self":[{"href":"https:\/\/sitenhazir.net\/flat\/wp-json\/wp\/v2\/product\/987498233","targetHints":{"allow":["GET"]}}],"collection":[{"href":"https:\/\/sitenhazir.net\/flat\/wp-json\/wp\/v2\/product"}],"about":[{"href":"https:\/\/sitenhazir.net\/flat\/wp-json\/wp\/v2\/types\/product"}],"replies":[{"embeddable":true,"href":"https:\/\/sitenhazir.net\/flat\/wp-json\/wp\/v2\/comments?post=987498233"}],"wp:featuredmedia":[{"embeddable":true,"href":"https:\/\/sitenhazir.net\/flat\/wp-json\/wp\/v2\/media\/987498289"}],"wp:attachment":[{"href":"https:\/\/sitenhazir.net\/flat\/wp-json\/wp\/v2\/media?parent=987498233"}],"wp:term":[{"taxonomy":"product_brand","embeddable":true,"href":"https:\/\/sitenhazir.net\/flat\/wp-json\/wp\/v2\/product_brand?post=987498233"},{"taxonomy":"product_cat","embeddable":true,"href":"https:\/\/sitenhazir.net\/flat\/wp-json\/wp\/v2\/product_cat?post=987498233"},{"taxonomy":"product_tag","embeddable":true,"href":"https:\/\/sitenhazir.net\/flat\/wp-json\/wp\/v2\/product_tag?post=987498233"}],"curies":[{"name":"wp","href":"https:\/\/api.w.org\/{rel}","templated":true}]}}