{"id":987498232,"date":"2026-02-18T19:20:58","date_gmt":"2026-02-18T19:20:58","guid":{"rendered":"https:\/\/sitenhazir.net\/flat\/?post_type=product&#038;p=987498232"},"modified":"2026-02-18T19:22:20","modified_gmt":"2026-02-18T19:22:20","slug":"herbalife-skin-parlaklik-veren-gunluk-nemlendirici","status":"publish","type":"product","link":"https:\/\/sitenhazir.net\/flat\/urun\/herbalife-skin-parlaklik-veren-gunluk-nemlendirici\/","title":{"rendered":"Herbalife Skin Parlakl\u0131k Veren G\u00fcnl\u00fck Nemlendirici"},"content":{"rendered":"<p>Herbalife Skin Parlakl\u0131k Veren G\u00fcnl\u00fck Nemlendirici \u00dcr\u00fcn Bilgileri<\/p>\n<p>Parlakl\u0131k Veren G\u00fcnl\u00fck Nemlendirici, B3 vitamini, antioksidan C ve E vitaminleri, Aloe Vera, ay\u00e7i\u00e7ek \u00e7ekirde\u011fi ya\u011f\u0131, Spilanthes Acmella \u00e7i\u00e7e\u011fi ya\u011f\u0131, Avustralya F\u0131nd\u0131\u011f\u0131 ya\u011f\u0131 ve susam \u00e7ekirde\u011fi ya\u011f\u0131 i\u00e7eren \u00f6zel bir form\u00fclle zenginle\u015ftirilmi\u015ftir. Bu klinik olarak test edilmi\u015f \u00fcr\u00fcn, 7 g\u00fcnde cildi daha parlak, yumu\u015fak ve p\u00fcr\u00fczs\u00fcz hale getirme vaadiyle \u00f6ne \u00e7\u0131kar.<\/p>\n<p>Parlakl\u0131k Veren G\u00fcnl\u00fck Nemlendirici, i\u00e7eri\u011findeki vitaminler, Aloe vera ve macadamia f\u0131nd\u0131\u011f\u0131 ya\u011f\u0131n\u0131n cilt dostu kar\u0131\u015f\u0131m\u0131 ile cildi besler ve nemlendirir. Herkes i\u00e7in g\u00fcnl\u00fck kullan\u0131m i\u00e7in uygun olan bu nemlendirici, cildinizin g\u00fcnl\u00fck bak\u0131m rutininin vazge\u00e7ilmez bir par\u00e7as\u0131 olabilir.<\/p>\n<p>Herbalife Skin Parlakl\u0131k Veren G\u00fcnl\u00fck Nemlendirici Kimler \u0130\u00e7in Uygundur?<\/p>\n<p>T\u00fcm cilt tipleri i\u00e7in uygun olan Parlakl\u0131k Veren G\u00fcnl\u00fck Nemlendirici, 7 g\u00fcn i\u00e7inde \u00e7izgi ve k\u0131r\u0131\u015f\u0131kl\u0131klar\u0131n g\u00f6r\u00fcn\u00fcm\u00fcn\u00fc azaltmaya yard\u0131mc\u0131 olur. 41-64 ya\u015f aras\u0131 kad\u0131nlar \u00fczerinde yap\u0131lan testlerde, \u00fcr\u00fcn\u00fc kullananlar\u0131n cilt \u0131\u015f\u0131lt\u0131s\u0131 ve parlakl\u0131\u011f\u0131nda belirgin geli\u015fim g\u00f6zlemlenmi\u015ftir.<\/p>\n<p>Herbalife Skin Parlakl\u0131k Veren G\u00fcnl\u00fck Nemlendirici \u0130\u00e7indekiler<\/p>\n<p><strong>B3 Vitamini (Niacinamide):<\/strong> Cilt p\u00fcr\u00fczs\u00fczl\u00fc\u011f\u00fcn\u00fc destekler.<\/p>\n<ul>\n<li><strong>C Vitamini (Ascorbyl Glucoside) ve E Vitamini (Tocopheryl Acetate):<\/strong> Antioksidan \u00f6zellikler sunar.<\/li>\n<li><strong>Aloe Vera:<\/strong> Cildi nemlendirir ve sakinle\u015ftirir.<\/li>\n<li><strong>Ay\u00e7i\u00e7ek \u00c7ekirde\u011fi Ya\u011f\u0131, Spilanthes Acmella \u00c7i\u00e7e\u011fi Ya\u011f\u0131, Avustralya F\u0131nd\u0131\u011f\u0131 Ya\u011f\u0131 ve Susam \u00c7ekirde\u011fi Ya\u011f\u0131:<\/strong> Cildi besler ve yeniler.<\/li>\n<\/ul>\n<p>Herbalife Skin Parlakl\u0131k Veren G\u00fcnl\u00fck Nemlendirici Kullan\u0131m\u0131<\/p>\n<p>Parlakl\u0131k Veren G\u00fcnl\u00fck Nemlendirici&#8217;yi temizleyici, tonik ve serum kullan\u0131m\u0131n\u0131n ard\u0131ndan cilde bolca uygulay\u0131n. G\u00fcnl\u00fck kullan\u0131ma uygun olan bu hafif form\u00fcl, cilt taraf\u0131ndan kolayca emilir. En iyi sonu\u00e7lar\u0131 elde etmek ve cilt bak\u0131m rutininizi tamamlamak i\u00e7in her sabah kullanabilirsiniz.<\/p>\n","protected":false},"excerpt":{"rendered":"<p>Herbalife Skin Parlakl\u0131k Veren G\u00fcnl\u00fck Nemlendirici, 50 ml boyutuyla \u00e7izgi ve k\u0131r\u0131\u015f\u0131kl\u0131klar\u0131 hafifletmeye, cilde parlakl\u0131k kazand\u0131rmaya y\u00f6nelik \u00f6zel bir form\u00fcl sunar. Klinik testler, 7 g\u00fcnde daha ayd\u0131nl\u0131k ve p\u00fcr\u00fczs\u00fcz bir cilde ula\u015fabilece\u011finizi g\u00f6stermi\u015ftir. Paraben i\u00e7ermeyen ve dermatolojik olarak test edilen bu nemlendirici, cildin nem seviyesini k\u0131sa s\u00fcrede iki kat\u0131na \u00e7\u0131karma yetene\u011fi ile dikkat \u00e7eker.<\/p>\n","protected":false},"featured_media":987498288,"comment_status":"open","ping_status":"closed","template":"","meta":[],"product_brand":[],"product_cat":[556,554,100],"product_tag":[],"class_list":{"0":"post-987498232","1":"product","2":"type-product","3":"status-publish","4":"has-post-thumbnail","6":"product_cat-cilt-bakimi","7":"product_cat-kisisel-bakim","8":"product_cat-tum-urunler","10":"first","11":"instock","12":"sale","13":"taxable","14":"shipping-taxable","15":"purchasable","16":"product-type-simple"},"_links":{"self":[{"href":"https:\/\/sitenhazir.net\/flat\/wp-json\/wp\/v2\/product\/987498232","targetHints":{"allow":["GET"]}}],"collection":[{"href":"https:\/\/sitenhazir.net\/flat\/wp-json\/wp\/v2\/product"}],"about":[{"href":"https:\/\/sitenhazir.net\/flat\/wp-json\/wp\/v2\/types\/product"}],"replies":[{"embeddable":true,"href":"https:\/\/sitenhazir.net\/flat\/wp-json\/wp\/v2\/comments?post=987498232"}],"wp:featuredmedia":[{"embeddable":true,"href":"https:\/\/sitenhazir.net\/flat\/wp-json\/wp\/v2\/media\/987498288"}],"wp:attachment":[{"href":"https:\/\/sitenhazir.net\/flat\/wp-json\/wp\/v2\/media?parent=987498232"}],"wp:term":[{"taxonomy":"product_brand","embeddable":true,"href":"https:\/\/sitenhazir.net\/flat\/wp-json\/wp\/v2\/product_brand?post=987498232"},{"taxonomy":"product_cat","embeddable":true,"href":"https:\/\/sitenhazir.net\/flat\/wp-json\/wp\/v2\/product_cat?post=987498232"},{"taxonomy":"product_tag","embeddable":true,"href":"https:\/\/sitenhazir.net\/flat\/wp-json\/wp\/v2\/product_tag?post=987498232"}],"curies":[{"name":"wp","href":"https:\/\/api.w.org\/{rel}","templated":true}]}}