{"id":987498230,"date":"2026-02-18T19:20:58","date_gmt":"2026-02-18T19:20:58","guid":{"rendered":"https:\/\/sitenhazir.net\/flat\/?post_type=product&#038;p=987498230"},"modified":"2026-02-18T19:22:11","modified_gmt":"2026-02-18T19:22:11","slug":"herbalife-h24-liftoff-max-greyfurt-42-g","status":"publish","type":"product","link":"https:\/\/sitenhazir.net\/flat\/urun\/herbalife-h24-liftoff-max-greyfurt-42-g\/","title":{"rendered":"Herbalife H24 LiftOff Max Greyfurt 42 g"},"content":{"rendered":"<p>LiftOff\u00ae Max ile fitness yolculu\u011funuzu destekleyin.<\/p>\n<p>LiftOff\u00ae Max, porsiyon ba\u015f\u0131na 180 miligram kafein* ile form\u00fcle edilmi\u015f \u015feker i\u00e7ermeyen toz takviye edici g\u0131dad\u0131r. LiftOff\u00ae Max, yorgunluk ve bitkinli\u011fin azalmas\u0131na katk\u0131da bulunan B6, B12 ve C vitaminlerini sa\u011flar.<\/p>\n<p>LiftOff\u00ae Max g\u00fcvenebilece\u011finiz bir takviye edici g\u0131dad\u0131r. Keskin greyfurt aromas\u0131yla dolu ve kullan\u0131\u015fl\u0131 tekli po\u015fetlerde sunulan bu \u00f6zel form\u00fcl, g\u00fcnl\u00fck rutininize kolayl\u0131kla uyum sa\u011flayacak \u015fekilde tasarlanm\u0131\u015ft\u0131r.<\/p>\n<p>\u0130ster spor salonuna gidin ister a\u00e7\u0131k hava maceras\u0131na at\u0131l\u0131n, LiftOff\u00ae Max bir sonraki zorlu\u011funuzu a\u015fman\u0131za yard\u0131mc\u0131 olmak i\u00e7in tasarlanm\u0131\u015ft\u0131r.<\/p>\n<p><em>*Etiket \u00fczerindeki talimatlara g\u00f6re haz\u0131rland\u0131\u011f\u0131nda. T\u00fcm kaynaklardan g\u00fcnl\u00fck 400 mg kafein al\u0131m\u0131n\u0131n a\u015f\u0131lmamas\u0131 \u00f6nerilir (hamile veya emziren kad\u0131nlar i\u00e7in 200 mg). Tek doz 200 mg kafein a\u015f\u0131lmamal\u0131d\u0131r. (EFSA Dergisi 2015;13(5):4102. 2015)<\/em><\/p>\n<p>\u00d6ZELL\u0130KLER<\/p>\n<p>Herbalife24\u00ae LiftOff\u00ae Max:<\/p>\n<ul>\n<li>180 mg kafein sa\u011flar*<\/li>\n<li>B6, B12 vitaminleri, Pantotenik asit ve C Vitamini ile form\u00fcle edilmi\u015ftir<\/li>\n<li>\u015eeker i\u00e7ermez<\/li>\n<li>Stevia yapraklar\u0131ndan elde edilen tatland\u0131r\u0131c\u0131 ile form\u00fcle edilmi\u015ftir<\/li>\n<li>Informed Sports Sertifikal\u0131d\u0131r**<\/li>\n<li>10 ayr\u0131 po\u015fetten olu\u015fan bir kutu i\u00e7inde gelir<\/li>\n<\/ul>\n<p><em>*T\u00fcm kaynaklardan g\u00fcnl\u00fck 400 mg kafein al\u0131m\u0131n\u0131n a\u015f\u0131lmamas\u0131 \u00f6nerilir (hamile veya emziren kad\u0131nlar i\u00e7in 200 mg). Tek doz 200 mg kafein a\u015f\u0131lmamal\u0131d\u0131r. (EFSA Dergisi 2015;13(5):4102. 2015)<br \/>\n**Yasakl\u0131 madde test edildi. Informed Sports kalite g\u00fcvence program\u0131, bu \u00fcr\u00fcn\u00fcn \u00fcretildi\u011fi partiden al\u0131nan bir numunenin LGC&#8217;nin d\u00fcnya standartlar\u0131ndaki spor dopingle m\u00fccadele laboratuvar\u0131 taraf\u0131ndan test edildi\u011fini ve dopingle m\u00fccadele ekran\u0131nda yasakl\u0131 madde i\u00e7ermedi\u011finin tespit edildi\u011fini onaylar.<\/em><\/p>\n<p class=\"mb-4\"><span style=\"color: #ff0000\">\u0130\u00e7indekiler<\/span><\/p>\n<div class=\"mb-6 lg:mb-16\">\n<div class=\"lg:col-start-2 lg:col-span-10 col-span-12 ingredientWrapper rte text-semantics-text-regular\">\n<p>Asitlik d\u00fczenleyiciler (sitrik asit, sodyum bikarbonat), maltodekstrin, do\u011fal aroma vericiler (% 5,9), toz kafein, L-askorbik asit (Vitamin C), tatland\u0131r\u0131c\u0131 (steviol glikozitler), renklendirici (pancar k\u00f6k\u00fc k\u0131rm\u0131z\u0131s\u0131), nikotinamid (niasin), kalsiyum D-pantotenat (pantotenik asit), riboflavin 5\u2019-fosfat sodyum (Vitamin B2), piridoksin hidroklor\u00fcr (Vitamin B6), tiamin mononitrate (Vitamin B1), siyanokobalamin (Vitamin B12) ve D-biotin (biotin).<\/p>\n<\/div>\n<p>KULLANIMI<\/p>\n<p>G\u00fcnde 1 po\u015fetin 250 ml suda \u00e7\u00f6z\u00fclerek i\u00e7ilmesini tavsiye ediyoruz.<\/p>\n<p>Bu \u00fcr\u00fcn dengeli ve \u00e7e\u015fitli g\u0131dalardan olu\u015fan bir beslenme d\u00fczeni ile sa\u011fl\u0131kl\u0131 ya\u015fam tarz\u0131n\u0131n bir par\u00e7as\u0131 olarak kullan\u0131lmal\u0131d\u0131r.<\/p>\n<p>Tavsiye edilen g\u00fcnl\u00fck porsiyonu a\u015fmay\u0131n.*\u00a0Takviye edici g\u0131dalar normal beslenmenin yerini alamaz. \u00c7ocuklar\u0131n ula\u015famayaca\u011f\u0131 yerlerde saklay\u0131n. Bu bir ila\u00e7 de\u011fildir. Hastal\u0131klar\u0131n \u00f6nlenmesi veya tedavisi i\u00e7in kullan\u0131lamaz. Hamilelik, emzirme, hastal\u0131k veya ila\u00e7 kullan\u0131m\u0131 durumlar\u0131nda l\u00fctfen doktorunuza dan\u0131\u015f\u0131n\u0131z.<\/p>\n<p>Serin ve kuru bir yerde saklay\u0131n.<\/p>\n<p><i>*T\u00fcm kaynaklardan g\u00fcnl\u00fck 400 mg kafein al\u0131m\u0131n\u0131n a\u015f\u0131lmamas\u0131 \u00f6nerilir (hamile veya emziren kad\u0131nlar i\u00e7in 200 mg). Tek doz 200 mg kafein a\u015f\u0131lmamal\u0131d\u0131r. (EFSA Dergisi 2015;13(5):4102. 2015)<\/i><\/p>\n<\/div>\n","protected":false},"excerpt":{"rendered":"<ol>\n<li>Herbalife liftoff art\u0131k greyfut lezzetinde. Porsiyon ba\u015f\u0131na 180 mg kafein i\u00e7eren ve i\u00e7erisinde C, B6 ve B12 vitaminleri bulunduran herbalife liftoff greyfut aromal\u0131 en uygun fiyatlarda ma\u011fazalar\u0131m\u0131zda bulunmaktad\u0131r. 1 kutuda 10 adet tek kullan\u0131ml\u0131k po\u015fetler i\u00e7erisinde yer alan \u00fcr\u00fcn\u00fcm\u00fcz Stevia yapraklar\u0131ndan elde edilen tatland\u0131r\u0131c\u0131 ile haz\u0131rlanm\u0131\u015ft\u0131r. Ayr\u0131ca herbalife liftoff Informed Sports sertifikal\u0131 bir \u00fcr\u00fcnd\u00fcr.<\/li>\n<\/ol>\n","protected":false},"featured_media":987498281,"comment_status":"open","ping_status":"closed","template":"","meta":[],"product_brand":[],"product_cat":[537,536,553,100],"product_tag":[],"class_list":{"0":"post-987498230","1":"product","2":"type-product","3":"status-publish","4":"has-post-thumbnail","6":"product_cat-bagisiklik-destegi","7":"product_cat-gida-takviyeleri","8":"product_cat-sporcu-beslenmesi","9":"product_cat-tum-urunler","11":"first","12":"outofstock","13":"sale","14":"taxable","15":"shipping-taxable","16":"purchasable","17":"product-type-simple"},"_links":{"self":[{"href":"https:\/\/sitenhazir.net\/flat\/wp-json\/wp\/v2\/product\/987498230","targetHints":{"allow":["GET"]}}],"collection":[{"href":"https:\/\/sitenhazir.net\/flat\/wp-json\/wp\/v2\/product"}],"about":[{"href":"https:\/\/sitenhazir.net\/flat\/wp-json\/wp\/v2\/types\/product"}],"replies":[{"embeddable":true,"href":"https:\/\/sitenhazir.net\/flat\/wp-json\/wp\/v2\/comments?post=987498230"}],"wp:featuredmedia":[{"embeddable":true,"href":"https:\/\/sitenhazir.net\/flat\/wp-json\/wp\/v2\/media\/987498281"}],"wp:attachment":[{"href":"https:\/\/sitenhazir.net\/flat\/wp-json\/wp\/v2\/media?parent=987498230"}],"wp:term":[{"taxonomy":"product_brand","embeddable":true,"href":"https:\/\/sitenhazir.net\/flat\/wp-json\/wp\/v2\/product_brand?post=987498230"},{"taxonomy":"product_cat","embeddable":true,"href":"https:\/\/sitenhazir.net\/flat\/wp-json\/wp\/v2\/product_cat?post=987498230"},{"taxonomy":"product_tag","embeddable":true,"href":"https:\/\/sitenhazir.net\/flat\/wp-json\/wp\/v2\/product_tag?post=987498230"}],"curies":[{"name":"wp","href":"https:\/\/api.w.org\/{rel}","templated":true}]}}