{"id":987498228,"date":"2026-02-18T19:20:57","date_gmt":"2026-02-18T19:20:57","guid":{"rendered":"https:\/\/sitenhazir.net\/flat\/?post_type=product&#038;p=987498228"},"modified":"2026-02-18T19:23:27","modified_gmt":"2026-02-18T19:23:27","slug":"herbalife-asagi-kilo-kontrol-seti-3","status":"publish","type":"product","link":"https:\/\/sitenhazir.net\/flat\/urun\/herbalife-asagi-kilo-kontrol-seti-3\/","title":{"rendered":"Herbalife A\u015fa\u011f\u0131 Kilo Kontrol Seti 3"},"content":{"rendered":"<p>\u00dcr\u00fcn Bilgileri&#8221;<\/p>\n<p>Herbalife Kilo Kontrol Seti \u0130\u00e7erisinde \u015eunlar Bulunmaktad\u0131r:<\/p>\n<p>1 Herbalife Shake (arzu etti\u011finiz aroma) 1 Herbalife Aloe Vera \u0130\u00e7ece\u011fi (se\u00e7iminize g\u00f6re aroma) 1 Herbalife Klasik \u00c7ay 100 gr 1 Herbalife Thermo Complete<\/p>\n<p>Kilo kontrol setimizi sat\u0131n alan de\u011ferli kullan\u0131c\u0131lar\u0131m\u0131za ekstra kilo y\u00f6netimi deste\u011fi sunmaktay\u0131z. \u00dcr\u00fcnler elinize ula\u015ft\u0131\u011f\u0131nda, WhatsApp \u00fczerinden size bilgi vermek \u00fczere ileti\u015fime ge\u00e7ilecektir.<\/p>\n","protected":false},"excerpt":{"rendered":"<p>Herbalife Kilo Kontrol Seti \u0130\u00e7erisinde \u015eunlar Bulunmaktad\u0131r:<\/p>\n<p>1 Herbalife Shake (arzu etti\u011finiz aroma) 1 Herbalife Aloe Vera \u0130\u00e7ece\u011fi (se\u00e7iminize g\u00f6re aroma) 1 Herbalife Klasik \u00c7ay 100 gr 1 Herbalife Thermo Complete<\/p>\n<p>Kilo kontrol setimizi sat\u0131n alan de\u011ferli kullan\u0131c\u0131lar\u0131m\u0131za ekstra kilo y\u00f6netimi deste\u011fi sunmaktay\u0131z. \u00dcr\u00fcnler elinize ula\u015ft\u0131\u011f\u0131nda, WhatsApp \u00fczerinden size bilgi vermek \u00fczere ileti\u015fime ge\u00e7ilecektir.<\/p>\n","protected":false},"featured_media":987498276,"comment_status":"open","ping_status":"closed","template":"","meta":[],"product_brand":[],"product_cat":[533,100],"product_tag":[],"class_list":{"0":"post-987498228","1":"product","2":"type-product","3":"status-publish","4":"has-post-thumbnail","6":"product_cat-kilo-kontrolu-ve-setler","7":"product_cat-tum-urunler","9":"first","10":"instock","11":"sale","12":"taxable","13":"shipping-taxable","14":"purchasable","15":"product-type-variable"},"_links":{"self":[{"href":"https:\/\/sitenhazir.net\/flat\/wp-json\/wp\/v2\/product\/987498228","targetHints":{"allow":["GET"]}}],"collection":[{"href":"https:\/\/sitenhazir.net\/flat\/wp-json\/wp\/v2\/product"}],"about":[{"href":"https:\/\/sitenhazir.net\/flat\/wp-json\/wp\/v2\/types\/product"}],"replies":[{"embeddable":true,"href":"https:\/\/sitenhazir.net\/flat\/wp-json\/wp\/v2\/comments?post=987498228"}],"wp:featuredmedia":[{"embeddable":true,"href":"https:\/\/sitenhazir.net\/flat\/wp-json\/wp\/v2\/media\/987498276"}],"wp:attachment":[{"href":"https:\/\/sitenhazir.net\/flat\/wp-json\/wp\/v2\/media?parent=987498228"}],"wp:term":[{"taxonomy":"product_brand","embeddable":true,"href":"https:\/\/sitenhazir.net\/flat\/wp-json\/wp\/v2\/product_brand?post=987498228"},{"taxonomy":"product_cat","embeddable":true,"href":"https:\/\/sitenhazir.net\/flat\/wp-json\/wp\/v2\/product_cat?post=987498228"},{"taxonomy":"product_tag","embeddable":true,"href":"https:\/\/sitenhazir.net\/flat\/wp-json\/wp\/v2\/product_tag?post=987498228"}],"curies":[{"name":"wp","href":"https:\/\/api.w.org\/{rel}","templated":true}]}}