{"id":987498219,"date":"2026-02-18T19:20:32","date_gmt":"2026-02-18T19:20:32","guid":{"rendered":"https:\/\/sitenhazir.net\/flat\/?post_type=product&#038;p=987498219"},"modified":"2026-02-18T19:21:58","modified_gmt":"2026-02-18T19:21:58","slug":"h24-super-shaker-tekli","status":"publish","type":"product","link":"https:\/\/sitenhazir.net\/flat\/urun\/h24-super-shaker-tekli\/","title":{"rendered":"H24 S\u00fcper Shaker Tekli"},"content":{"rendered":"<p>\u00dcr\u00fcn Bilgileri<\/p>\n<p>Herbalife24 serisiyle kaliteli ve \u00f6zg\u00fcn \u00fcr\u00fcnlerinizi, bu \u00f6zel Herbalife24 Shaker&#8217;la diledi\u011finiz zaman ve mekanda haz\u0131rlayabilirsiniz! M\u00fckemmel bir shake i\u00e7in bu shaker&#8217;\u0131 tercih edin. Di\u011fer Herbalife shaker se\u00e7enekleri i\u00e7in ma\u011fazalar\u0131m\u0131z\u0131 ziyaret edebilirsiniz. Hem cazip fiyatlarla hem de otantiklik garantisiyle sadece sizin i\u00e7in en iyisini haz\u0131rl\u0131yoruz. Sa\u011fl\u0131kl\u0131 ve muhte\u015fem bir shake deneyimi i\u00e7in Herbalife H24 s\u00fcper shaker tekliyi deneyin!<\/p>\n","protected":false},"excerpt":{"rendered":"<p>Herbalife24 serisiyle kaliteli ve \u00f6zg\u00fcn \u00fcr\u00fcnlerinizi, bu \u00f6zel Herbalife24 Shaker&#8217;la diledi\u011finiz zaman ve mekanda haz\u0131rlayabilirsiniz! M\u00fckemmel bir shake i\u00e7in bu shaker&#8217;\u0131 tercih edin. Di\u011fer Herbalife shaker se\u00e7enekleri i\u00e7in ma\u011fazalar\u0131m\u0131z\u0131 ziyaret edebilirsiniz. Hem cazip fiyatlarla hem de otantiklik garantisiyle sadece sizin i\u00e7in en iyisini haz\u0131rl\u0131yoruz. Sa\u011fl\u0131kl\u0131 ve muhte\u015fem bir shake deneyimi i\u00e7in Herbalife H24 s\u00fcper shaker tekliyi deneyin!<\/p>\n","protected":false},"featured_media":987498275,"comment_status":"open","ping_status":"closed","template":"","meta":[],"product_brand":[],"product_cat":[558,100],"product_tag":[],"class_list":{"0":"post-987498219","1":"product","2":"type-product","3":"status-publish","4":"has-post-thumbnail","6":"product_cat-tanitim-urunleri","7":"product_cat-tum-urunler","9":"first","10":"instock","11":"taxable","12":"shipping-taxable","13":"purchasable","14":"product-type-simple"},"_links":{"self":[{"href":"https:\/\/sitenhazir.net\/flat\/wp-json\/wp\/v2\/product\/987498219","targetHints":{"allow":["GET"]}}],"collection":[{"href":"https:\/\/sitenhazir.net\/flat\/wp-json\/wp\/v2\/product"}],"about":[{"href":"https:\/\/sitenhazir.net\/flat\/wp-json\/wp\/v2\/types\/product"}],"replies":[{"embeddable":true,"href":"https:\/\/sitenhazir.net\/flat\/wp-json\/wp\/v2\/comments?post=987498219"}],"wp:featuredmedia":[{"embeddable":true,"href":"https:\/\/sitenhazir.net\/flat\/wp-json\/wp\/v2\/media\/987498275"}],"wp:attachment":[{"href":"https:\/\/sitenhazir.net\/flat\/wp-json\/wp\/v2\/media?parent=987498219"}],"wp:term":[{"taxonomy":"product_brand","embeddable":true,"href":"https:\/\/sitenhazir.net\/flat\/wp-json\/wp\/v2\/product_brand?post=987498219"},{"taxonomy":"product_cat","embeddable":true,"href":"https:\/\/sitenhazir.net\/flat\/wp-json\/wp\/v2\/product_cat?post=987498219"},{"taxonomy":"product_tag","embeddable":true,"href":"https:\/\/sitenhazir.net\/flat\/wp-json\/wp\/v2\/product_tag?post=987498219"}],"curies":[{"name":"wp","href":"https:\/\/api.w.org\/{rel}","templated":true}]}}