{"id":987498212,"date":"2026-02-18T19:20:30","date_gmt":"2026-02-18T19:20:30","guid":{"rendered":"https:\/\/sitenhazir.net\/flat\/?post_type=product&#038;p=987498212"},"modified":"2026-02-18T19:21:39","modified_gmt":"2026-02-18T19:21:39","slug":"herbalife-neon-shaker-yesil","status":"publish","type":"product","link":"https:\/\/sitenhazir.net\/flat\/urun\/herbalife-neon-shaker-yesil\/","title":{"rendered":"Herbalife Neon Shaker Ye\u015fil"},"content":{"rendered":"<p>\u00dcr\u00fcn Bilgileri<\/p>\n<p>Herbalife shakerler, dayan\u0131kl\u0131 ve net bir yap\u0131ya sahip olup, sa\u011fl\u0131kl\u0131 \u00f6\u011f\u00fcnlerinizi kolayca yan\u0131n\u0131zda bulundurma f\u0131rsat\u0131 tan\u0131r. A\u00e7 oldu\u011funuzda, bu dengeli ve besin dolu shakelerle hemen enerjinizi toparlayabilirsiniz. Orijinal ve uygun fiyatl\u0131 Herbalife shaker se\u00e7eneklerini ma\u011fazalar\u0131m\u0131zda bulabilirsiniz.<\/p>\n","protected":false},"excerpt":{"rendered":"<p>Herbalife shakerler, dayan\u0131kl\u0131 ve net bir yap\u0131ya sahip olup, sa\u011fl\u0131kl\u0131 \u00f6\u011f\u00fcnlerinizi kolayca yan\u0131n\u0131zda bulundurma f\u0131rsat\u0131 tan\u0131r. A\u00e7 oldu\u011funuzda, bu dengeli ve besin dolu shakelerle hemen enerjinizi toparlayabilirsiniz. Orijinal ve uygun fiyatl\u0131 Herbalife shaker se\u00e7eneklerini ma\u011fazalar\u0131m\u0131zda bulabilirsiniz.<\/p>\n","protected":false},"featured_media":987498259,"comment_status":"open","ping_status":"closed","template":"","meta":[],"product_brand":[],"product_cat":[558,100],"product_tag":[],"class_list":{"0":"post-987498212","1":"product","2":"type-product","3":"status-publish","4":"has-post-thumbnail","6":"product_cat-tanitim-urunleri","7":"product_cat-tum-urunler","9":"first","10":"instock","11":"taxable","12":"shipping-taxable","13":"purchasable","14":"product-type-simple"},"_links":{"self":[{"href":"https:\/\/sitenhazir.net\/flat\/wp-json\/wp\/v2\/product\/987498212","targetHints":{"allow":["GET"]}}],"collection":[{"href":"https:\/\/sitenhazir.net\/flat\/wp-json\/wp\/v2\/product"}],"about":[{"href":"https:\/\/sitenhazir.net\/flat\/wp-json\/wp\/v2\/types\/product"}],"replies":[{"embeddable":true,"href":"https:\/\/sitenhazir.net\/flat\/wp-json\/wp\/v2\/comments?post=987498212"}],"wp:featuredmedia":[{"embeddable":true,"href":"https:\/\/sitenhazir.net\/flat\/wp-json\/wp\/v2\/media\/987498259"}],"wp:attachment":[{"href":"https:\/\/sitenhazir.net\/flat\/wp-json\/wp\/v2\/media?parent=987498212"}],"wp:term":[{"taxonomy":"product_brand","embeddable":true,"href":"https:\/\/sitenhazir.net\/flat\/wp-json\/wp\/v2\/product_brand?post=987498212"},{"taxonomy":"product_cat","embeddable":true,"href":"https:\/\/sitenhazir.net\/flat\/wp-json\/wp\/v2\/product_cat?post=987498212"},{"taxonomy":"product_tag","embeddable":true,"href":"https:\/\/sitenhazir.net\/flat\/wp-json\/wp\/v2\/product_tag?post=987498212"}],"curies":[{"name":"wp","href":"https:\/\/api.w.org\/{rel}","templated":true}]}}