{"id":987498203,"date":"2026-02-18T19:20:02","date_gmt":"2026-02-18T19:20:02","guid":{"rendered":"https:\/\/sitenhazir.net\/flat\/?post_type=product&#038;p=987498203"},"modified":"2026-02-18T19:21:37","modified_gmt":"2026-02-18T19:21:37","slug":"super-shaker-tekli-herbalife-nutrition-2","status":"publish","type":"product","link":"https:\/\/sitenhazir.net\/flat\/urun\/super-shaker-tekli-herbalife-nutrition-2\/","title":{"rendered":"S\u00fcper Shaker Tekli &#8211; Herbalife Nutrition"},"content":{"rendered":"<p>\u00dcr\u00fcn Bilgileri<\/p>\n<p>Ma\u011fazam\u0131zda en \u00e7ok tercih edilen Herbalife shaker, kullan\u0131m kolayl\u0131\u011f\u0131 ve \u00fcst\u00fcn nitelikleri ile \u00f6ne \u00e7\u0131kan s\u00fcper shaker modelidir.<\/p>\n","protected":false},"excerpt":{"rendered":"<p>Kar\u0131\u015ft\u0131rma topu bulunan bu herbalife s\u00fcper shaker sayesinde art\u0131k t\u00fcm besinleriniz daha lezzetli ve daha k\u0131vaml\u0131 bir hale gelecek. \u0130ki yedek b\u00f6lmesi bulunan bu \u00fcr\u00fcn sayesinde shake tozlar\u0131n\u0131z\u0131 ve kar\u0131\u015ft\u0131rma s\u0131v\u0131n\u0131z\u0131 istedi\u011finiz her an yan\u0131n\u0131zda bulundurabileceksiniz. T\u00fcm herbalife shaker \u00e7e\u015fitlerini ma\u011fazalar\u0131m\u0131zda uygun fiyatlar da ve orijinal olarak sat\u0131n alabilirsiniz.<\/p>\n","protected":false},"featured_media":987498258,"comment_status":"open","ping_status":"closed","template":"","meta":[],"product_brand":[],"product_cat":[558,100],"product_tag":[],"class_list":{"0":"post-987498203","1":"product","2":"type-product","3":"status-publish","4":"has-post-thumbnail","6":"product_cat-tanitim-urunleri","7":"product_cat-tum-urunler","9":"first","10":"instock","11":"taxable","12":"shipping-taxable","13":"purchasable","14":"product-type-simple"},"_links":{"self":[{"href":"https:\/\/sitenhazir.net\/flat\/wp-json\/wp\/v2\/product\/987498203","targetHints":{"allow":["GET"]}}],"collection":[{"href":"https:\/\/sitenhazir.net\/flat\/wp-json\/wp\/v2\/product"}],"about":[{"href":"https:\/\/sitenhazir.net\/flat\/wp-json\/wp\/v2\/types\/product"}],"replies":[{"embeddable":true,"href":"https:\/\/sitenhazir.net\/flat\/wp-json\/wp\/v2\/comments?post=987498203"}],"wp:featuredmedia":[{"embeddable":true,"href":"https:\/\/sitenhazir.net\/flat\/wp-json\/wp\/v2\/media\/987498258"}],"wp:attachment":[{"href":"https:\/\/sitenhazir.net\/flat\/wp-json\/wp\/v2\/media?parent=987498203"}],"wp:term":[{"taxonomy":"product_brand","embeddable":true,"href":"https:\/\/sitenhazir.net\/flat\/wp-json\/wp\/v2\/product_brand?post=987498203"},{"taxonomy":"product_cat","embeddable":true,"href":"https:\/\/sitenhazir.net\/flat\/wp-json\/wp\/v2\/product_cat?post=987498203"},{"taxonomy":"product_tag","embeddable":true,"href":"https:\/\/sitenhazir.net\/flat\/wp-json\/wp\/v2\/product_tag?post=987498203"}],"curies":[{"name":"wp","href":"https:\/\/api.w.org\/{rel}","templated":true}]}}