{"id":987498202,"date":"2026-02-18T19:20:02","date_gmt":"2026-02-18T19:20:02","guid":{"rendered":"https:\/\/sitenhazir.net\/flat\/?post_type=product&#038;p=987498202"},"modified":"2026-02-18T19:21:35","modified_gmt":"2026-02-18T19:21:35","slug":"super-shaker-tekli-herbalife-nutrition","status":"publish","type":"product","link":"https:\/\/sitenhazir.net\/flat\/urun\/super-shaker-tekli-herbalife-nutrition\/","title":{"rendered":"S\u00fcper Shaker Tekli &#8211; Herbalife Nutrition"},"content":{"rendered":"<p>\u00dcr\u00fcn Bilgileri<\/p>\n<p>Herbalife shakeleriniz i\u00e7in tasarlanm\u0131\u015f \u00f6zel kar\u0131\u015ft\u0131r\u0131c\u0131larla art\u0131k beslenme rutininizi saniyeler i\u00e7inde haz\u0131rlay\u0131p diledi\u011finiz yerde kolayca t\u00fcketebilirsiniz. Shake tozu ve s\u00fct ya da suyu do\u011fru \u00f6l\u00e7\u00fcde kar\u0131\u015ft\u0131r\u0131c\u0131ya ekleyip 15-20 saniye boyunca homojen bir kar\u0131\u015f\u0131m elde edene kadar \u00e7alkalamak yeterli olacak. Herbalife shaker se\u00e7eneklerini ma\u011fazalar\u0131m\u0131zda en iyi fiyatlara bulabilirsiniz.<\/p>\n","protected":false},"excerpt":{"rendered":"<p>Herbalife shakeleriniz i\u00e7in tasarlanm\u0131\u015f \u00f6zel kar\u0131\u015ft\u0131r\u0131c\u0131larla art\u0131k beslenme rutininizi saniyeler i\u00e7inde haz\u0131rlay\u0131p diledi\u011finiz yerde kolayca t\u00fcketebilirsiniz. Shake tozu ve s\u00fct ya da suyu do\u011fru \u00f6l\u00e7\u00fcde kar\u0131\u015ft\u0131r\u0131c\u0131ya ekleyip 15-20 saniye boyunca homojen bir kar\u0131\u015f\u0131m elde edene kadar \u00e7alkalamak yeterli olacak. Herbalife shaker se\u00e7eneklerini ma\u011fazalar\u0131m\u0131zda en iyi fiyatlara bulabilirsiniz.<\/p>\n","protected":false},"featured_media":987498257,"comment_status":"open","ping_status":"closed","template":"","meta":[],"product_brand":[],"product_cat":[558,100],"product_tag":[],"class_list":{"0":"post-987498202","1":"product","2":"type-product","3":"status-publish","4":"has-post-thumbnail","6":"product_cat-tanitim-urunleri","7":"product_cat-tum-urunler","9":"first","10":"instock","11":"taxable","12":"shipping-taxable","13":"purchasable","14":"product-type-simple"},"_links":{"self":[{"href":"https:\/\/sitenhazir.net\/flat\/wp-json\/wp\/v2\/product\/987498202","targetHints":{"allow":["GET"]}}],"collection":[{"href":"https:\/\/sitenhazir.net\/flat\/wp-json\/wp\/v2\/product"}],"about":[{"href":"https:\/\/sitenhazir.net\/flat\/wp-json\/wp\/v2\/types\/product"}],"replies":[{"embeddable":true,"href":"https:\/\/sitenhazir.net\/flat\/wp-json\/wp\/v2\/comments?post=987498202"}],"wp:featuredmedia":[{"embeddable":true,"href":"https:\/\/sitenhazir.net\/flat\/wp-json\/wp\/v2\/media\/987498257"}],"wp:attachment":[{"href":"https:\/\/sitenhazir.net\/flat\/wp-json\/wp\/v2\/media?parent=987498202"}],"wp:term":[{"taxonomy":"product_brand","embeddable":true,"href":"https:\/\/sitenhazir.net\/flat\/wp-json\/wp\/v2\/product_brand?post=987498202"},{"taxonomy":"product_cat","embeddable":true,"href":"https:\/\/sitenhazir.net\/flat\/wp-json\/wp\/v2\/product_cat?post=987498202"},{"taxonomy":"product_tag","embeddable":true,"href":"https:\/\/sitenhazir.net\/flat\/wp-json\/wp\/v2\/product_tag?post=987498202"}],"curies":[{"name":"wp","href":"https:\/\/api.w.org\/{rel}","templated":true}]}}