{"id":987498201,"date":"2026-02-18T19:20:02","date_gmt":"2026-02-18T19:20:02","guid":{"rendered":"https:\/\/sitenhazir.net\/flat\/?post_type=product&#038;p=987498201"},"modified":"2026-02-18T19:21:32","modified_gmt":"2026-02-18T19:21:32","slug":"tritan-suluk-650-ml-herbalife-nutrition","status":"publish","type":"product","link":"https:\/\/sitenhazir.net\/flat\/urun\/tritan-suluk-650-ml-herbalife-nutrition\/","title":{"rendered":"Tritan Suluk 650 ml &#8211; Herbalife Nutrition"},"content":{"rendered":"<p>\u00dcr\u00fcn Bilgileri<\/p>\n<p>650 ml kapasiteli Herbalife tritan suluk, entegre kulp tasar\u0131m\u0131yla rahat\u00e7a yan\u0131n\u0131zda ta\u015f\u0131yabilece\u011finiz bir \u00fcr\u00fcnd\u00fcr. S\u0131zd\u0131rmaz kapa\u011fa sahip olan bu suluk, koku, tat ve leke yapmaz. Orijinal Herbalife suluk ve shaker se\u00e7eneklerini ma\u011fazalar\u0131m\u0131zda uygun fiyatlara bulabilirsiniz.<\/p>\n","protected":false},"excerpt":{"rendered":"<p>650 ml kapasiteli Herbalife tritan suluk, entegre kulp tasar\u0131m\u0131yla rahat\u00e7a yan\u0131n\u0131zda ta\u015f\u0131yabilece\u011finiz bir \u00fcr\u00fcnd\u00fcr. S\u0131zd\u0131rmaz kapa\u011fa sahip olan bu suluk, koku, tat ve leke yapmaz. Orijinal Herbalife suluk ve shaker se\u00e7eneklerini ma\u011fazalar\u0131m\u0131zda uygun fiyatlara bulabilirsiniz.<\/p>\n","protected":false},"featured_media":987498256,"comment_status":"open","ping_status":"closed","template":"","meta":[],"product_brand":[],"product_cat":[558,100],"product_tag":[],"class_list":{"0":"post-987498201","1":"product","2":"type-product","3":"status-publish","4":"has-post-thumbnail","6":"product_cat-tanitim-urunleri","7":"product_cat-tum-urunler","9":"first","10":"instock","11":"taxable","12":"shipping-taxable","13":"purchasable","14":"product-type-simple"},"_links":{"self":[{"href":"https:\/\/sitenhazir.net\/flat\/wp-json\/wp\/v2\/product\/987498201","targetHints":{"allow":["GET"]}}],"collection":[{"href":"https:\/\/sitenhazir.net\/flat\/wp-json\/wp\/v2\/product"}],"about":[{"href":"https:\/\/sitenhazir.net\/flat\/wp-json\/wp\/v2\/types\/product"}],"replies":[{"embeddable":true,"href":"https:\/\/sitenhazir.net\/flat\/wp-json\/wp\/v2\/comments?post=987498201"}],"wp:featuredmedia":[{"embeddable":true,"href":"https:\/\/sitenhazir.net\/flat\/wp-json\/wp\/v2\/media\/987498256"}],"wp:attachment":[{"href":"https:\/\/sitenhazir.net\/flat\/wp-json\/wp\/v2\/media?parent=987498201"}],"wp:term":[{"taxonomy":"product_brand","embeddable":true,"href":"https:\/\/sitenhazir.net\/flat\/wp-json\/wp\/v2\/product_brand?post=987498201"},{"taxonomy":"product_cat","embeddable":true,"href":"https:\/\/sitenhazir.net\/flat\/wp-json\/wp\/v2\/product_cat?post=987498201"},{"taxonomy":"product_tag","embeddable":true,"href":"https:\/\/sitenhazir.net\/flat\/wp-json\/wp\/v2\/product_tag?post=987498201"}],"curies":[{"name":"wp","href":"https:\/\/api.w.org\/{rel}","templated":true}]}}