{"id":987498199,"date":"2026-02-18T19:20:02","date_gmt":"2026-02-18T19:20:02","guid":{"rendered":"https:\/\/sitenhazir.net\/flat\/?post_type=product&#038;p=987498199"},"modified":"2026-02-18T19:21:26","modified_gmt":"2026-02-18T19:21:26","slug":"herbalife-herbal-aloe-el-ve-vucut-losyonu%e2%81%b8","status":"publish","type":"product","link":"https:\/\/sitenhazir.net\/flat\/urun\/herbalife-herbal-aloe-el-ve-vucut-losyonu%e2%81%b8\/","title":{"rendered":"Herbalife Herbal Aloe El ve V\u00fccut Losyonu\u2078"},"content":{"rendered":"<p>Herbal Aloe El ve V\u00fccut Losyonu ile cildinizi besleyin ve nemlendirin.<\/p>\n<p>Yat\u0131\u015ft\u0131r\u0131c\u0131\u00a0<em>Aloe vera<\/em>\u00a0ve Afrika Shea Ya\u011f\u0131 ile zenginle\u015ftirilmi\u015f bu hafif el ve v\u00fccut losyonu, cildinize g\u00fcn boyu nemlendirme ve derinlemesine beslenme sa\u011flamak i\u00e7in form\u00fcle edilmi\u015ftir.<\/p>\n<p>Sert kimyasallar veya parabenler i\u00e7ermeyen bu narin kokulu \u00e7ok y\u00f6nl\u00fc v\u00fccut nemlendiricisi, cilt taraf\u0131ndan h\u0131zla emilir ve ciltte l\u00fcks bir yumu\u015fakl\u0131k ve p\u00fcr\u00fczs\u00fczl\u00fck hissi b\u0131rak\u0131r.<\/p>\n<p>Herbal Aloe El ve V\u00fccut Losyonu, ki\u015fisel bak\u0131m rutininize m\u00fckemmel bir ektir. Du\u015ftan sonra, yatmadan \u00f6nce veya cildinizin bir doz \u015f\u0131mart\u0131lmaya ihtiyac\u0131 oldu\u011funda kullan\u0131n.<\/p>\n<p>\u00d6ZELL\u0130KLER<\/p>\n<p>Herbal Aloe El ve V\u00fccut Losyonu:<\/p>\n<ul>\n<li><i>Aloe vera\u00a0<\/i>ve Afrika Shea Ya\u011f\u0131 ile form\u00fcle edilmi\u015ftir<\/li>\n<li>G\u00fcn boyu cilt nemlendirmesi ve derinlemesine besleme sa\u011flar<\/li>\n<li>Cildi %100 daha p\u00fcr\u00fczs\u00fcz ve yumu\u015fak b\u0131rakt\u0131\u011f\u0131 g\u00f6sterilmi\u015ftir<\/li>\n<li>G\u00fcnl\u00fck kullan\u0131ma uygundur<\/li>\n<li>Erkekler ve kad\u0131nlar i\u00e7in uygundur<\/li>\n<li>\u0130lave paraben i\u00e7ermez<\/li>\n<li>Dermatolojik olarak test edilmi\u015ftir<\/li>\n<\/ul>\n<p class=\"mb-4\">\u0130\u00e7indekiler<\/p>\n<div class=\"mb-6 lg:mb-16\">\n<div class=\"lg:col-start-2 lg:col-span-10 col-span-12 ingredientWrapper rte text-semantics-text-regular\">\n<p>Aqua, Glycerin,\u00a0<em>Helianthus Annuus<\/em>\u00a0Seed Oil,\u00a0<em>Aloe Barbadensis<\/em>\u00a0Leaf Juice, Stearic Acid,\u00a0<em>Butyrospermum Parkii<\/em>\u00a0Butter, Dimethicone,\u00a0<em>Chamomilla Recutita<\/em>\u00a0Flower Extract,\u00a0<em>Yucca Schidigera<\/em>\u00a0leaf\/root\/stem extract,\u00a0<em>Artemisia Tridentata<\/em>\u00a0Extract,\u00a0<em>Simmondsia Chinensis<\/em>\u00a0Seed Extract,\u00a0<em>Silybum Marianum<\/em>\u00a0Seed Extract,\u00a0<em>Salvia Hispanica<\/em>\u00a0Seed Extract,\u00a0<em>Agave Americana<\/em>\u00a0Leaf Extract, Sodium Carrageenan, Stearyl Alcohol, Acrylates\/C10-30 Alkyl Acrylate Crosspolymer, Triethanolamine, Phenoxyethanol, Ethylhexylglycerin, Parfum, Benzyl Alcohol, Citronellol, Limonene, Hexyl Cinnamal and Linalool.<\/p>\n<\/div>\n<p>KULLANIMI<\/p>\n<p>Temiz ve kuru cilde bol miktarda Herbal Aloe El ve V\u00fccut Losyonu uygulay\u0131n. Emilene kadar hafif\u00e7e masaj yap\u0131n.<\/p>\n<p>G\u00fcnl\u00fck kullan\u0131m i\u00e7in uygundur \u2013 gerekti\u011fi kadar uygulay\u0131n.<\/p>\n<\/div>\n","protected":false},"excerpt":{"rendered":"<p>Cildinize yo\u011fun bir nem sa\u011flayan Herbalife Herbal Aloe El ve V\u00fccut Losyonu, i\u00e7eri\u011findeki \u00f6zel form\u00fcl ile cildinizi ferahlat\u0131r ve nemli bir g\u00f6r\u00fcn\u00fcm kazand\u0131r\u0131r. Paraben ve s\u00fclfat i\u00e7ermeyen bu losyon, cildinizin sa\u011fl\u0131\u011f\u0131n\u0131 \u00f6n planda tutar.<\/p>\n","protected":false},"featured_media":987498254,"comment_status":"open","ping_status":"closed","template":"","meta":[],"product_brand":[],"product_cat":[554,100,555],"product_tag":[],"class_list":{"0":"post-987498199","1":"product","2":"type-product","3":"status-publish","4":"has-post-thumbnail","6":"product_cat-kisisel-bakim","7":"product_cat-tum-urunler","8":"product_cat-vucut-bakimi","10":"first","11":"instock","12":"sale","13":"taxable","14":"shipping-taxable","15":"purchasable","16":"product-type-simple"},"_links":{"self":[{"href":"https:\/\/sitenhazir.net\/flat\/wp-json\/wp\/v2\/product\/987498199","targetHints":{"allow":["GET"]}}],"collection":[{"href":"https:\/\/sitenhazir.net\/flat\/wp-json\/wp\/v2\/product"}],"about":[{"href":"https:\/\/sitenhazir.net\/flat\/wp-json\/wp\/v2\/types\/product"}],"replies":[{"embeddable":true,"href":"https:\/\/sitenhazir.net\/flat\/wp-json\/wp\/v2\/comments?post=987498199"}],"wp:featuredmedia":[{"embeddable":true,"href":"https:\/\/sitenhazir.net\/flat\/wp-json\/wp\/v2\/media\/987498254"}],"wp:attachment":[{"href":"https:\/\/sitenhazir.net\/flat\/wp-json\/wp\/v2\/media?parent=987498199"}],"wp:term":[{"taxonomy":"product_brand","embeddable":true,"href":"https:\/\/sitenhazir.net\/flat\/wp-json\/wp\/v2\/product_brand?post=987498199"},{"taxonomy":"product_cat","embeddable":true,"href":"https:\/\/sitenhazir.net\/flat\/wp-json\/wp\/v2\/product_cat?post=987498199"},{"taxonomy":"product_tag","embeddable":true,"href":"https:\/\/sitenhazir.net\/flat\/wp-json\/wp\/v2\/product_tag?post=987498199"}],"curies":[{"name":"wp","href":"https:\/\/api.w.org\/{rel}","templated":true}]}}