{"id":987498197,"date":"2026-02-18T19:20:00","date_gmt":"2026-02-18T19:20:00","guid":{"rendered":"https:\/\/sitenhazir.net\/flat\/?post_type=product&#038;p=987498197"},"modified":"2026-02-18T19:21:16","modified_gmt":"2026-02-18T19:21:16","slug":"herbalife-herbal-aloe-guclendirici-sampuan","status":"publish","type":"product","link":"https:\/\/sitenhazir.net\/flat\/urun\/herbalife-herbal-aloe-guclendirici-sampuan\/","title":{"rendered":"Herbalife Herbal Aloe G\u00fc\u00e7lendirici \u015eampuan"},"content":{"rendered":"<p>Herbal Aloe G\u00fc\u00e7lendirici \u015eampuan ile sa\u00e7lar\u0131n\u0131za hak etti\u011fi bak\u0131m\u0131 verin.<\/p>\n<p>Herbal Aloe G\u00fc\u00e7lendirici \u015eampuan sa\u00e7 k\u0131r\u0131lmalar\u0131n\u0131 %90 oran\u0131nda azalt\u0131r ve sadece bir kullan\u0131mdan sonra sa\u00e7lar\u0131n\u0131z\u0131 10 kat daha g\u00fc\u00e7lendirir.*<\/p>\n<p><em>Aloe vera<\/em>\u00a0ve se\u00e7ilmi\u015f bitki \u00f6zleriyle ustal\u0131kla haz\u0131rlanan bu \u015fampuan nazik ama etkili bir temizlik sa\u011flar. Sa\u00e7\u0131n\u0131z\u0131 kuru veya k\u0131r\u0131lgan hissettirmeden kiri, fazla ya\u011f\u0131 giderir. Bu renk koruyucu form\u00fcl ayr\u0131ca sa\u00e7\u0131n\u0131z\u0131 korumaya, onarmaya ve g\u00fc\u00e7lendirmeye yard\u0131mc\u0131 olmak i\u00e7in hidrolize bu\u011fday proteini kullan\u0131larak \u00fcretilmi\u015ftir.<\/p>\n<p>Herbal Aloe G\u00fc\u00e7lendirici \u015eampuan, inceden kal\u0131na ve d\u00fczden k\u0131v\u0131rc\u0131\u011fa kadar t\u00fcm sa\u00e7 tipleri i\u00e7in uygundur.<\/p>\n<p><em>*Herbal Aloe Sa\u00e7 Kremi ile birlikte kullan\u0131ld\u0131\u011f\u0131nda i\u015flem g\u00f6rmemi\u015f sa\u00e7larda G\u00fc\u00e7lendirme ve K\u0131r\u0131lma \u00c7al\u0131\u015fmas\u0131na dayal\u0131 sonu\u00e7lar. Ba\u011f\u0131ms\u0131z bir ara\u015ft\u0131rma laboratuvar\u0131 taraf\u0131ndan &#8220;y\u0131pranm\u0131\u015f&#8221; sa\u00e7 telleri \u00fczerinde yap\u0131lan Tarama Testinden elde edilen ortalama de\u011fer. Herbal Aloe G\u00fc\u00e7lendirici \u015eampuan ve Herbal Aloe Sa\u00e7 Kremi kullan\u0131larak i\u015flem g\u00f6rmemi\u015f sa\u00e7lardaki k\u0131r\u0131k lif say\u0131lar\u0131 kar\u015f\u0131la\u015ft\u0131r\u0131lm\u0131\u015ft\u0131r.<\/em><\/p>\n<p>\u00d6ZEL\u0130KLER\u0130<\/p>\n<p>Herbal Aloe G\u00fc\u00e7lendirici \u015eampuan:<\/p>\n<ul>\n<li><em>Aloe vera<\/em>ve botanik \u00f6zler ile form\u00fcle edilmi\u015ftir<\/li>\n<li>Hidrolize bu\u011fday proteini ile form\u00fcle edilmi\u015ftir<\/li>\n<li>Sa\u00e7 k\u0131r\u0131lmalar\u0131n\u0131 %90 oran\u0131nda azalt\u0131r<\/li>\n<li>Sa\u00e7\u0131 besler ve nemlendirir<\/li>\n<li>Renk koruyucu form\u00fcle sahiptir<\/li>\n<li>Erkekler ve kad\u0131nlar i\u00e7in uygundur<\/li>\n<li>\u0130lave paraben veya s\u00fclfat i\u00e7ermez<\/li>\n<li>Dermatolojik olarak test edilmi\u015ftir<\/li>\n<\/ul>\n<p class=\"mb-4\">i\u00e7indekiler<\/p>\n<div class=\"mb-6 lg:mb-16\">\n<div class=\"lg:col-start-2 lg:col-span-10 col-span-12 ingredientWrapper rte text-semantics-text-regular\">\n<p>Aqua, Sodium Cocoyl Isethionate, Cocamidopropyl Betaine, Parfum,\u00a0<em>Aloe Barbadensis<\/em>\u00a0Leaf Juice, Hydrolyzed Wheat Protein,\u00a0<em>Yucca Schidigera<\/em>\u00a0Leaf\/Root\/Stem Extract,\u00a0<em>Artemisia Tridentata<\/em>\u00a0Extract,\u00a0<em>Simmondsia Chinensis<\/em>\u00a0Seed Extract,\u00a0<em>Silybum Marianum<\/em>\u00a0Seed Extract,\u00a0<em>Salvia Hispanica<\/em>\u00a0Seed Extract,\u00a0<em>Agave Americana<\/em>\u00a0Leaf Extract, Glycerin, Guar Hydroxypropyltrimonium Chloride, Silicone Quaternium-16, Undeceth-11, Butyloctanol, Undeceth-5, Glycol Distearate, Laureth-4, PEG-150 Distearate, Citric Acid, Triethanolamine, Phenoxyethanol, Ethylhexylglycerin, Benzyl Alcohol, Citronellol, Limonene, Hexyl Cinnamal and Linalool.<\/p>\n<p>KULLANIMI<\/p>\n<p>Sa\u00e7\u0131n\u0131z\u0131 iyice \u0131slat\u0131n. Sa\u00e7 derinize ve sa\u00e7\u0131n\u0131za bol miktarda uygulay\u0131n ve yo\u011fun bir k\u00f6p\u00fck olu\u015fturmak i\u00e7in hafif\u00e7e masaj yap\u0131n. Il\u0131k su ile iyice durulay\u0131n.<\/p>\n<p>En iyi sonu\u00e7 i\u00e7in Herbal Aloe Sa\u00e7 Kremi ile birlikte kullan\u0131n.<\/p>\n<\/div>\n<\/div>\n","protected":false},"excerpt":{"rendered":"<p>Sa\u00e7lar\u0131n\u0131za do\u011fal bir g\u00fczellik kat\u0131n! Herbalife Herbal Aloe G\u00fc\u00e7lendirici \u015eampuan, i\u00e7eri\u011findeki bitkisel proteinlerle sa\u00e7lar\u0131n\u0131za g\u00fc\u00e7l\u00fc bir g\u00f6r\u00fcn\u00fcm kazand\u0131rmak i\u00e7in \u00f6zel olarak form\u00fcle edilmi\u015ftir. S\u00fclfat ve paraben i\u00e7ermeyen bu \u015fampuan, renk koruyucu form\u00fcl\u00fc ile sa\u00e7 renginizin canl\u0131l\u0131\u011f\u0131n\u0131 korur.<\/p>\n","protected":false},"featured_media":987498243,"comment_status":"open","ping_status":"closed","template":"","meta":[],"product_brand":[],"product_cat":[554,557,100],"product_tag":[],"class_list":{"0":"post-987498197","1":"product","2":"type-product","3":"status-publish","4":"has-post-thumbnail","6":"product_cat-kisisel-bakim","7":"product_cat-sac-bakimi","8":"product_cat-tum-urunler","10":"first","11":"instock","12":"sale","13":"taxable","14":"shipping-taxable","15":"purchasable","16":"product-type-simple"},"_links":{"self":[{"href":"https:\/\/sitenhazir.net\/flat\/wp-json\/wp\/v2\/product\/987498197","targetHints":{"allow":["GET"]}}],"collection":[{"href":"https:\/\/sitenhazir.net\/flat\/wp-json\/wp\/v2\/product"}],"about":[{"href":"https:\/\/sitenhazir.net\/flat\/wp-json\/wp\/v2\/types\/product"}],"replies":[{"embeddable":true,"href":"https:\/\/sitenhazir.net\/flat\/wp-json\/wp\/v2\/comments?post=987498197"}],"wp:featuredmedia":[{"embeddable":true,"href":"https:\/\/sitenhazir.net\/flat\/wp-json\/wp\/v2\/media\/987498243"}],"wp:attachment":[{"href":"https:\/\/sitenhazir.net\/flat\/wp-json\/wp\/v2\/media?parent=987498197"}],"wp:term":[{"taxonomy":"product_brand","embeddable":true,"href":"https:\/\/sitenhazir.net\/flat\/wp-json\/wp\/v2\/product_brand?post=987498197"},{"taxonomy":"product_cat","embeddable":true,"href":"https:\/\/sitenhazir.net\/flat\/wp-json\/wp\/v2\/product_cat?post=987498197"},{"taxonomy":"product_tag","embeddable":true,"href":"https:\/\/sitenhazir.net\/flat\/wp-json\/wp\/v2\/product_tag?post=987498197"}],"curies":[{"name":"wp","href":"https:\/\/api.w.org\/{rel}","templated":true}]}}