{"id":987498188,"date":"2026-02-18T19:19:37","date_gmt":"2026-02-18T19:19:37","guid":{"rendered":"https:\/\/sitenhazir.net\/flat\/?post_type=product&#038;p=987498188"},"modified":"2026-02-18T19:21:14","modified_gmt":"2026-02-18T19:21:14","slug":"herbalife-herbal-aloe-rahatlatici-jel","status":"publish","type":"product","link":"https:\/\/sitenhazir.net\/flat\/urun\/herbalife-herbal-aloe-rahatlatici-jel\/","title":{"rendered":"Herbalife Herbal Aloe Rahatlat\u0131c\u0131 Jel"},"content":{"rendered":"<p>Herbal Aloe Rahatlat\u0131c\u0131 Jel:<\/p>\n<ul>\n<li><i>Aloe vera\u00a0<\/i>ve botanik \u00f6zlerle form\u00fcle edilmi\u015ftir<\/li>\n<li>G\u00fcn boyu cilt nemini sa\u011flar<\/li>\n<li>Cildi %100 daha p\u00fcr\u00fczs\u00fcz ve yumu\u015fak b\u0131rakt\u0131\u011f\u0131 g\u00f6sterilmi\u015ftir<\/li>\n<li>Kokusuz bir form\u00fcle sahiptir<\/li>\n<li>G\u00fcnl\u00fck kullan\u0131ma uygundur<\/li>\n<li>Erkekler ve kad\u0131nlar i\u00e7in uygundur<\/li>\n<li>\u0130lave paraben i\u00e7ermez<\/li>\n<li>Dermatolojik olarak test edilmi\u015ftir<\/li>\n<\/ul>\n<p class=\"mb-4\"><span style=\"color: #ff0000\">\u0130\u00e7indekiler<\/span><\/p>\n<div class=\"mb-6 lg:mb-16\">\n<div class=\"lg:col-start-2 lg:col-span-10 col-span-12 ingredientWrapper rte text-semantics-text-regular\">\n<p>Aqua,\u00a0<em>Aloe Barbadensis<\/em>\u00a0Leaf Juice, Glycerin,\u00a0<em>Chamomilla Recutita<\/em>\u00a0Flower Extract,\u00a0<em>Yucca Schidigera<\/em>\u00a0leaf\/root\/stem extract,\u00a0<em>Artemisia Tridentata<\/em>\u00a0Extract,\u00a0<em>Simmondsia Chinensis<\/em>\u00a0Seed Extract,\u00a0<em>Silybum Marianum<\/em>\u00a0Seed Extract,\u00a0<em>Salvia Hispanica<\/em>\u00a0Seed Extract,\u00a0<em>Agave Americana<\/em>\u00a0Leaf Extract, Carbomer, Triethanolamine, Phenoxyethanol and Ethylhexylglycerin.<\/p>\n<p><span style=\"color: #ff0000\">Kullan\u0131m\u0131<\/span><\/p>\n<p>Temiz ve kuru cilde bol miktarda Herbal Aloe Rahatlat\u0131c\u0131 Jel uygulay\u0131n. Emilene kadar hafif\u00e7e masaj yap\u0131n.<\/p>\n<p>G\u00fcnl\u00fck kullan\u0131ma uygundur, ihtiya\u00e7 halinde uygulay\u0131n.<\/p>\n<\/div>\n<\/div>\n","protected":false},"excerpt":{"rendered":"<p>Cildinizi d\u0131\u015far\u0131dan besleyin ve\u00a0<em>Aloe veran\u0131n<\/em>\u00a0rahatlat\u0131c\u0131 g\u00fcc\u00fcn\u00fc hissedin.<\/p>\n<p>Herbal Aloe Rahatlat\u0131c\u0131 Jel, cildinizi nazik\u00e7e rahatlatmak ve p\u00fcr\u00fczs\u00fczle\u015ftirmek i\u00e7in<em>\u00a0Aloe vera<\/em>\u00a0ile \u00fcretilmi\u015ftir. Sert kimyasallar, parabenler veya yapay kokular eklenmeyen bu hassas jel, cildinizi nemlendirmeye ve beslemeye yard\u0131mc\u0131 olmak i\u00e7in cilt bak\u0131m botaniklerinin bir kar\u0131\u015f\u0131m\u0131 ile form\u00fcle edilmi\u015ftir.<\/p>\n<p>G\u00fcnl\u00fck kullan\u0131m i\u00e7in m\u00fckemmel, \u00e7ok y\u00f6nl\u00fc, kokusuz ve h\u0131zl\u0131 emilen bir form\u00fcl olan Herbal Aloe Rahatlat\u0131c\u0131 Jel ile cildinizi besleyin.<\/p>\n","protected":false},"featured_media":987498242,"comment_status":"open","ping_status":"closed","template":"","meta":[],"product_brand":[],"product_cat":[554,100,555],"product_tag":[],"class_list":{"0":"post-987498188","1":"product","2":"type-product","3":"status-publish","4":"has-post-thumbnail","6":"product_cat-kisisel-bakim","7":"product_cat-tum-urunler","8":"product_cat-vucut-bakimi","10":"first","11":"instock","12":"sale","13":"taxable","14":"shipping-taxable","15":"purchasable","16":"product-type-simple"},"_links":{"self":[{"href":"https:\/\/sitenhazir.net\/flat\/wp-json\/wp\/v2\/product\/987498188","targetHints":{"allow":["GET"]}}],"collection":[{"href":"https:\/\/sitenhazir.net\/flat\/wp-json\/wp\/v2\/product"}],"about":[{"href":"https:\/\/sitenhazir.net\/flat\/wp-json\/wp\/v2\/types\/product"}],"replies":[{"embeddable":true,"href":"https:\/\/sitenhazir.net\/flat\/wp-json\/wp\/v2\/comments?post=987498188"}],"wp:featuredmedia":[{"embeddable":true,"href":"https:\/\/sitenhazir.net\/flat\/wp-json\/wp\/v2\/media\/987498242"}],"wp:attachment":[{"href":"https:\/\/sitenhazir.net\/flat\/wp-json\/wp\/v2\/media?parent=987498188"}],"wp:term":[{"taxonomy":"product_brand","embeddable":true,"href":"https:\/\/sitenhazir.net\/flat\/wp-json\/wp\/v2\/product_brand?post=987498188"},{"taxonomy":"product_cat","embeddable":true,"href":"https:\/\/sitenhazir.net\/flat\/wp-json\/wp\/v2\/product_cat?post=987498188"},{"taxonomy":"product_tag","embeddable":true,"href":"https:\/\/sitenhazir.net\/flat\/wp-json\/wp\/v2\/product_tag?post=987498188"}],"curies":[{"name":"wp","href":"https:\/\/api.w.org\/{rel}","templated":true}]}}