{"id":987498187,"date":"2026-02-18T19:19:37","date_gmt":"2026-02-18T19:19:37","guid":{"rendered":"https:\/\/sitenhazir.net\/flat\/?post_type=product&#038;p=987498187"},"modified":"2026-02-18T19:21:12","modified_gmt":"2026-02-18T19:21:12","slug":"herbalife-herbal-aloe-el-ve-vucut-sampuani","status":"publish","type":"product","link":"https:\/\/sitenhazir.net\/flat\/urun\/herbalife-herbal-aloe-el-ve-vucut-sampuani\/","title":{"rendered":"Herbalife Herbal Aloe El ve V\u00fccut \u015eampuan\u0131"},"content":{"rendered":"<p>Herbal Aloe El ve V\u00fccut \u015eampuan\u0131:<\/p>\n<ul>\n<li><i>Aloe vera\u00a0<\/i>ve \u00e7\u00f6l botanik \u00f6zlerinin bir kar\u0131\u015f\u0131m\u0131 ile form\u00fcle edilmi\u015ftir<\/li>\n<li>Cilde g\u00fcn boyu nemlendirme sa\u011flar<\/li>\n<li>Cildi %100 oran\u0131nda daha p\u00fcr\u00fczs\u00fcz ve yumu\u015fak b\u0131rakt\u0131\u011f\u0131 g\u00f6sterilmi\u015ftir<\/li>\n<li>Kurulu\u011fu gidermeye ve cildi derinlemesine nemlendirmeye yard\u0131mc\u0131 olur<\/li>\n<li>G\u00fcnl\u00fck kullan\u0131m i\u00e7in uygundur<\/li>\n<li>Erkekler ve kad\u0131nlar i\u00e7in uygundur<\/li>\n<li>\u0130lave paraben veya s\u00fclfat i\u00e7ermez<\/li>\n<li>Dermatolojik olarak test edilmi\u015ftir<\/li>\n<\/ul>\n<p class=\"mb-4\"><span style=\"color: #ff0000\">\u0130\u00e7indekiler<\/span><\/p>\n<div class=\"mb-6 lg:mb-16\">\n<div class=\"lg:col-start-2 lg:col-span-10 col-span-12 ingredientWrapper rte text-semantics-text-regular\">\n<p>Aqua, Sodium Cocoyl Isethionate, Cocamidopropyl Betaine, Glycerin,\u00a0<em>Aloe Barbadensis<\/em>\u00a0Leaf Juice, Parfum, Sodium Cocoyl Apple Amino Acids, Olive Oil Peg-7 Esters, Leuconostoc\/Radish Root Ferment Filtrate,\u00a0<em>Chamomilla Recutita<\/em>\u00a0Flower Extract,\u00a0<em>Yucca Schidigera<\/em>\u00a0leaf\/root\/stem extract,\u00a0<em>Artemisia Tridentata<\/em>\u00a0Extract,\u00a0<em>Simmondsia Chinensis<\/em>\u00a0Seed Extract,\u00a0<em>Silybum Marianum<\/em>\u00a0Seed Extract,\u00a0<em>Salvia Hispanica<\/em>\u00a0Seed Extract,\u00a0<em>Agave Americana<\/em>\u00a0Leaf Extract, Glycol Distearate, Disteareth-75 IPDI, Laureth-4, Phenoxyethanol, Ethylhexylglycerin, Benzyl Alcohol, Citronellol, Limonene, Hexyl Cinnamal and Linalool.<\/p>\n<p><span style=\"color: #ff0000\">Kullan\u0131m\u0131<\/span><\/p>\n<p>Az miktarda Herbal Aloe El ve V\u00fccut \u015eampuan\u0131\u2019n\u0131 \u0131slak cilde uygulay\u0131n ve nazik\u00e7e k\u00f6p\u00fcrt\u00fcn. \u0130yice durulay\u0131n.<\/p>\n<p>Banyo yaparken g\u00fcnl\u00fck olarak kullan\u0131n. Eliniz i\u00e7in g\u00fcn boyunca kullan\u0131n. En iyi sonu\u00e7 i\u00e7in Herbal Aloe El ve V\u00fccut Losyonu ile birlikte kullan\u0131n.<\/p>\n<\/div>\n<\/div>\n","protected":false},"excerpt":{"rendered":"<p>S\u0131radan sabunlar\u0131 bir kenara b\u0131rak\u0131n ve Herbal Aloe El ve V\u00fccut \u015eampuan\u0131 ile cildinize hak etti\u011fi nazik ve rahatlat\u0131c\u0131 bak\u0131m\u0131 uygulay\u0131n.<\/p>\n<p>Cilt tipiniz ne olursa olsun, bu \u00e7ok ama\u00e7l\u0131 v\u00fccut y\u0131kama \u00fcr\u00fcn\u00fc cildi tepeden t\u0131rna\u011fa beslemek ve temizlemek i\u00e7in tasarlanm\u0131\u015ft\u0131r.\u00a0<em>Aloe vera<\/em>\u00a0ve \u00e7\u00f6l botanik \u00f6zlerinin bir kar\u0131\u015f\u0131m\u0131yla form\u00fcle edilen Herbal Aloe El ve V\u00fccut \u015eampuan\u0131, kurulu\u011fu gidermeye yard\u0131mc\u0131 olur ve cildiniz i\u00e7in g\u00fcn boyu nemlendirme sa\u011flar. Bu nazik temizleyici hassas kokuludur ve sert s\u00fclfat, paraben, renklendirici veya boya i\u00e7ermez.<\/p>\n<p>Herbal Aloe El ve V\u00fccut \u015eampuan\u0131\u2019n\u0131 g\u00fcn boyunca kullan\u0131n, k\u00f6p\u00fcrt\u00fcn ve ister g\u00fcn\u00fc bitiriyor ister yeni bir g\u00fcne ba\u015fl\u0131yor olun, cildinize hak etti\u011fi bak\u0131m\u0131 verin.<\/p>\n","protected":false},"featured_media":987498241,"comment_status":"open","ping_status":"closed","template":"","meta":[],"product_brand":[],"product_cat":[554,100,555],"product_tag":[],"class_list":{"0":"post-987498187","1":"product","2":"type-product","3":"status-publish","4":"has-post-thumbnail","6":"product_cat-kisisel-bakim","7":"product_cat-tum-urunler","8":"product_cat-vucut-bakimi","10":"first","11":"instock","12":"sale","13":"taxable","14":"shipping-taxable","15":"purchasable","16":"product-type-simple"},"_links":{"self":[{"href":"https:\/\/sitenhazir.net\/flat\/wp-json\/wp\/v2\/product\/987498187","targetHints":{"allow":["GET"]}}],"collection":[{"href":"https:\/\/sitenhazir.net\/flat\/wp-json\/wp\/v2\/product"}],"about":[{"href":"https:\/\/sitenhazir.net\/flat\/wp-json\/wp\/v2\/types\/product"}],"replies":[{"embeddable":true,"href":"https:\/\/sitenhazir.net\/flat\/wp-json\/wp\/v2\/comments?post=987498187"}],"wp:featuredmedia":[{"embeddable":true,"href":"https:\/\/sitenhazir.net\/flat\/wp-json\/wp\/v2\/media\/987498241"}],"wp:attachment":[{"href":"https:\/\/sitenhazir.net\/flat\/wp-json\/wp\/v2\/media?parent=987498187"}],"wp:term":[{"taxonomy":"product_brand","embeddable":true,"href":"https:\/\/sitenhazir.net\/flat\/wp-json\/wp\/v2\/product_brand?post=987498187"},{"taxonomy":"product_cat","embeddable":true,"href":"https:\/\/sitenhazir.net\/flat\/wp-json\/wp\/v2\/product_cat?post=987498187"},{"taxonomy":"product_tag","embeddable":true,"href":"https:\/\/sitenhazir.net\/flat\/wp-json\/wp\/v2\/product_tag?post=987498187"}],"curies":[{"name":"wp","href":"https:\/\/api.w.org\/{rel}","templated":true}]}}