{"id":987498186,"date":"2026-02-18T19:19:37","date_gmt":"2026-02-18T19:19:37","guid":{"rendered":"https:\/\/sitenhazir.net\/flat\/?post_type=product&#038;p=987498186"},"modified":"2026-02-18T19:21:10","modified_gmt":"2026-02-18T19:21:10","slug":"herbalife-skin-koruyucu-etkili-nemlendirici-spf-30","status":"publish","type":"product","link":"https:\/\/sitenhazir.net\/flat\/urun\/herbalife-skin-koruyucu-etkili-nemlendirici-spf-30\/","title":{"rendered":"Herbalife Skin Koruyucu Etkili Nemlendirici SPF 30"},"content":{"rendered":"<p>Herbalife SKIN Koruyucu Etkili Nemlendirici SPF 30:<\/p>\n<p>\u2022<i>Aloe vera\u00a0<\/i>ve macadamia f\u0131nd\u0131\u011f\u0131 ya\u011f\u0131 ile form\u00fcleedilmi\u015ftir<br \/>\n\u2022B3 (Niacinamide), C (Ascorbyl Glucoside) ve E (Tocopheryl Acetate) vitaminleri ile form\u00fcle edilmi\u015ftir<br \/>\n\u2022Geni\u015f spektrumlu UVA\/UVB korumas\u0131 sa\u011flar<br \/>\n\u2022T\u00fcm cilt tipleri i\u00e7in uygundur<br \/>\n\u2022G\u00fcnl\u00fck kullan\u0131m i\u00e7in uygundur<br \/>\n\u2022Erkekler ve kad\u0131nlar i\u00e7in uygundur<\/p>\n<p class=\"mb-4\"><span style=\"color: #ff0000\">\u0130\u00e7indekiler<\/span><\/p>\n<div class=\"mb-6 lg:mb-16\">\n<div class=\"lg:col-start-2 lg:col-span-10 col-span-12 ingredientWrapper rte text-semantics-text-regular\">\n<p>Aqua, Homosalate, Ethylhexyl Salicylate, Benzophenone-3, Butylene Glycol, Dimethicone, Glyceryl Stearate, Butyl Methoxydibenzoylmethane, Octocrylene, Carthamus Tinctorius Oleosomes, Potassium Cetyl Phosphate, PEG-100 Stearate, Glycerin, Isoamyl Laurate, Isodecyl Neopentanoate, Niacinamide, Ascorbyl Glucoside, Tocopheryl Acetate,\u00a0<em>Aloe Barbadensis<\/em>\u00a0Leaf Juice,\u00a0<em>Physalis Angulata<\/em>\u00a0Extract, Caprylic\/Capric Triglyceride, Diisopropyl Sebacate, Lauryl Lactate, Dimethicone Crosspolymer, Carbomer, Xanthan Gum, Parfum, Triethanolamine, Sodium Citrate, Citric Acid, Disodium EDTA, Sodium Benzoate, Ethylhexylglycerin, Hexylene Glycol, Caprylyl Glycol, Phenoxyethanol, Limonene, Hexyl Cinnamal and Linalool.<\/p>\n<p><span style=\"color: #ff0000\">Kullan\u0131m\u0131<\/span><\/p>\n<p>G\u00fcne\u015fe \u00e7\u0131kmadan 15 dakika \u00f6nce cildinize bolca uygulay\u0131n.<\/p>\n<p>G\u00fcnl\u00fck kullan\u0131m i\u00e7in uygundur. En iyi sonu\u00e7 i\u00e7in, g\u00fcn boyunca Herbalife SKIN Koruyucu Etkili Nemlendirici SPF 30 kullan\u0131n.<\/p>\n<\/div>\n<\/div>\n","protected":false},"excerpt":{"rendered":"<p>Koruyucu Etkili Nemlendirici SPF 30 ile cilt bak\u0131m\u0131 ve g\u00fcne\u015f korumas\u0131n\u0131n m\u00fckemmel kar\u0131\u015f\u0131m\u0131n\u0131 deneyimleyin.<\/p>\n<p>Cildinizi zararl\u0131 UV \u0131\u015f\u0131nlar\u0131ndan korurken nemlendirme sa\u011flamak i\u00e7in \u00fcretilen bu \u00e7ok ama\u00e7l\u0131 nemlendirici, g\u00fcnl\u00fck rutininize mutlaka eklemeniz gereken bir \u00fcr\u00fcnd\u00fcr. Vitaminler,\u00a0<em>Aloe vera<\/em>\u00a0ve macadamia f\u0131nd\u0131\u011f\u0131 ya\u011f\u0131ndan olu\u015fan cilt dostu bir kar\u0131\u015f\u0131mla form\u00fcle edilen Koruyucu Etkili Nemlendirici SPF 30, cildinizi p\u00fcr\u00fczs\u00fcz ve yumu\u015fak hissettirirken g\u00fcne\u015fin zararl\u0131 \u0131\u015f\u0131nlar\u0131na kar\u015f\u0131 geni\u015f spektrumlu UVA\/UVB korumas\u0131 sa\u011flar.<\/p>\n<p>Koruyucu Etkili Nemlendirici SPF 30 g\u00fcnl\u00fck kullan\u0131m i\u00e7in tasarlanm\u0131\u015ft\u0131r ve cilt bak\u0131m rejiminize sorunsuz bir \u015fekilde uyum sa\u011flar. Ya\u011fl\u0131 bir kal\u0131nt\u0131 b\u0131rakmadan h\u0131zla emilmesi i\u00e7in tasarlanan bu uzun \u00f6m\u00fcrl\u00fc nemlendirici, cilt bak\u0131m\u0131 ve makyaj rutininizi tamamlayan hafif ve nefes alabilen bir kapat\u0131c\u0131l\u0131k sa\u011flar.<\/p>\n","protected":false},"featured_media":987498240,"comment_status":"open","ping_status":"closed","template":"","meta":[],"product_brand":[],"product_cat":[556,554,100],"product_tag":[],"class_list":{"0":"post-987498186","1":"product","2":"type-product","3":"status-publish","4":"has-post-thumbnail","6":"product_cat-cilt-bakimi","7":"product_cat-kisisel-bakim","8":"product_cat-tum-urunler","10":"first","11":"instock","12":"sale","13":"taxable","14":"shipping-taxable","15":"purchasable","16":"product-type-simple"},"_links":{"self":[{"href":"https:\/\/sitenhazir.net\/flat\/wp-json\/wp\/v2\/product\/987498186","targetHints":{"allow":["GET"]}}],"collection":[{"href":"https:\/\/sitenhazir.net\/flat\/wp-json\/wp\/v2\/product"}],"about":[{"href":"https:\/\/sitenhazir.net\/flat\/wp-json\/wp\/v2\/types\/product"}],"replies":[{"embeddable":true,"href":"https:\/\/sitenhazir.net\/flat\/wp-json\/wp\/v2\/comments?post=987498186"}],"wp:featuredmedia":[{"embeddable":true,"href":"https:\/\/sitenhazir.net\/flat\/wp-json\/wp\/v2\/media\/987498240"}],"wp:attachment":[{"href":"https:\/\/sitenhazir.net\/flat\/wp-json\/wp\/v2\/media?parent=987498186"}],"wp:term":[{"taxonomy":"product_brand","embeddable":true,"href":"https:\/\/sitenhazir.net\/flat\/wp-json\/wp\/v2\/product_brand?post=987498186"},{"taxonomy":"product_cat","embeddable":true,"href":"https:\/\/sitenhazir.net\/flat\/wp-json\/wp\/v2\/product_cat?post=987498186"},{"taxonomy":"product_tag","embeddable":true,"href":"https:\/\/sitenhazir.net\/flat\/wp-json\/wp\/v2\/product_tag?post=987498186"}],"curies":[{"name":"wp","href":"https:\/\/api.w.org\/{rel}","templated":true}]}}