{"id":987498184,"date":"2026-02-18T19:19:36","date_gmt":"2026-02-18T19:19:36","guid":{"rendered":"https:\/\/sitenhazir.net\/flat\/?post_type=product&#038;p=987498184"},"modified":"2026-02-18T19:21:06","modified_gmt":"2026-02-18T19:21:06","slug":"herbalife-skin-canlandirici-bitki-ozlu-tonik","status":"publish","type":"product","link":"https:\/\/sitenhazir.net\/flat\/urun\/herbalife-skin-canlandirici-bitki-ozlu-tonik\/","title":{"rendered":"Herbalife Skin Canland\u0131r\u0131c\u0131 Bitki \u00d6zl\u00fc Tonik"},"content":{"rendered":"<p>Herbalife SKIN Canland\u0131r\u0131c\u0131 Bitki \u00d6zl\u00fc Tonik:<\/p>\n<ul>\n<li><i>Aloe vera\u00a0<\/i>ile form\u00fcle edilmi\u015ftir<\/li>\n<li>B3 (Niacinamide), C (Ascorbyl Glucoside) ve E (Tocopheryl Acetate) vitaminleri ile form\u00fcle edilmi\u015ftir<\/li>\n<li>Canland\u0131r\u0131c\u0131 mandalina kokusuna sahiptir<\/li>\n<li>T\u00fcm cilt tipleri i\u00e7in uygundur<\/li>\n<li>G\u00fcnl\u00fck kullan\u0131m i\u00e7in uygundur<\/li>\n<li>Erkekler ve kad\u0131nlar i\u00e7in uygundur<\/li>\n<li>\u0130lave paraben i\u00e7ermez<\/li>\n<li>Dermatolojik olarak test edilmi\u015ftir<\/li>\n<li>Alkol i\u00e7ermez<\/li>\n<\/ul>\n<p class=\"mb-4\">\u0130\u00e7indekiler<\/p>\n<div class=\"mb-6 lg:mb-16\">\n<div class=\"lg:col-start-2 lg:col-span-10 col-span-12 ingredientWrapper rte text-semantics-text-regular\">\n<p>Aqua,\u00a0<em>Aloe Barbadensis<\/em>\u00a0Leaf Juice, Niacinamide, Ascorbyl Glucoside, Tocopheryl Acetate,\u00a0<em>Hamamelis Virginiana<\/em>\u00a0Water,\u00a0<em>Rosmarinus Officinalis<\/em>\u00a0Leaf Extract, Glycerin, Polysorbate 20, Parfum, Triethanolamine, Sodium Citrate, Citric Acid, Potassium Alum, Ethylhexylglycerin, Hexylene Glycol, Caprylyl Glycol, Phenoxyethanol, Limonene, Linalool and Hexyl Cinnamal.<\/p>\n<p>Kullan\u0131m\u0131<\/p>\n<p>En iyi sonu\u00e7 i\u00e7in sabah ve ak\u015fam temizleyiciden sonra kullan\u0131n. Y\u00fcz\u00fcn\u00fcze hafif\u00e7e p\u00fcsk\u00fcrt\u00fcn veya daha derinlemesine temizlik i\u00e7in bir pamuk yard\u0131m\u0131yla uygulay\u0131n. Serum ve nemlendirici ile takip edin.<\/p>\n<p>G\u00fcnl\u00fck kullan\u0131m i\u00e7in uygundur &#8211; g\u00fcn boyunca.<\/p>\n<\/div>\n<\/div>\n","protected":false},"excerpt":{"rendered":"<p>Canland\u0131r\u0131c\u0131 Bitki \u00d6zl\u00fc Tonik ile cildinizi nemlendirin ve yumu\u015fat\u0131n.<\/p>\n<p>Canland\u0131r\u0131c\u0131 Bitki \u00d6zl\u00fc Tonik,\u00a0<em>Aloe vera<\/em>\u00a0ve B3, C ve E vitaminleri de dahil olmak \u00fczere besleyici bir i\u00e7erik kar\u0131\u015f\u0131m\u0131 ile form\u00fcle edilmi\u015ftir. Canland\u0131r\u0131c\u0131 mandalina narenciye kokusuna sahip bu yat\u0131\u015ft\u0131r\u0131c\u0131 alkols\u00fcz y\u00fcz toni\u011fi, tahri\u015fe neden olmadan yorgun g\u00f6r\u00fcnen cildi nazik\u00e7e yumu\u015fatmak, nemlendirmek ve tazelemek i\u00e7in tasarlanm\u0131\u015ft\u0131r.<\/p>\n<p>Canland\u0131r\u0131c\u0131 Bitki \u00d6zl\u00fc Tonik t\u00fcm cilt tipleri i\u00e7in uygundur ve cildinizin serumu, g\u00fcnl\u00fck nemlendiriciyi veya gece kremini daha iyi almas\u0131 ve emmesi i\u00e7in haz\u0131rlanmas\u0131na yard\u0131mc\u0131 olmak \u00fczere g\u00fcn boyunca kullan\u0131labilir.<\/p>\n","protected":false},"featured_media":987498238,"comment_status":"open","ping_status":"closed","template":"","meta":[],"product_brand":[],"product_cat":[556,554,100],"product_tag":[],"class_list":{"0":"post-987498184","1":"product","2":"type-product","3":"status-publish","4":"has-post-thumbnail","6":"product_cat-cilt-bakimi","7":"product_cat-kisisel-bakim","8":"product_cat-tum-urunler","10":"first","11":"instock","12":"sale","13":"taxable","14":"shipping-taxable","15":"purchasable","16":"product-type-simple"},"_links":{"self":[{"href":"https:\/\/sitenhazir.net\/flat\/wp-json\/wp\/v2\/product\/987498184","targetHints":{"allow":["GET"]}}],"collection":[{"href":"https:\/\/sitenhazir.net\/flat\/wp-json\/wp\/v2\/product"}],"about":[{"href":"https:\/\/sitenhazir.net\/flat\/wp-json\/wp\/v2\/types\/product"}],"replies":[{"embeddable":true,"href":"https:\/\/sitenhazir.net\/flat\/wp-json\/wp\/v2\/comments?post=987498184"}],"wp:featuredmedia":[{"embeddable":true,"href":"https:\/\/sitenhazir.net\/flat\/wp-json\/wp\/v2\/media\/987498238"}],"wp:attachment":[{"href":"https:\/\/sitenhazir.net\/flat\/wp-json\/wp\/v2\/media?parent=987498184"}],"wp:term":[{"taxonomy":"product_brand","embeddable":true,"href":"https:\/\/sitenhazir.net\/flat\/wp-json\/wp\/v2\/product_brand?post=987498184"},{"taxonomy":"product_cat","embeddable":true,"href":"https:\/\/sitenhazir.net\/flat\/wp-json\/wp\/v2\/product_cat?post=987498184"},{"taxonomy":"product_tag","embeddable":true,"href":"https:\/\/sitenhazir.net\/flat\/wp-json\/wp\/v2\/product_tag?post=987498184"}],"curies":[{"name":"wp","href":"https:\/\/api.w.org\/{rel}","templated":true}]}}