{"id":987498182,"date":"2026-02-18T19:19:36","date_gmt":"2026-02-18T19:19:36","guid":{"rendered":"https:\/\/sitenhazir.net\/flat\/?post_type=product&#038;p=987498182"},"modified":"2026-02-18T19:21:02","modified_gmt":"2026-02-18T19:21:02","slug":"herbalife-skin-aloe-ozlu-rahatlatici-yuz-temizleme-jeli","status":"publish","type":"product","link":"https:\/\/sitenhazir.net\/flat\/urun\/herbalife-skin-aloe-ozlu-rahatlatici-yuz-temizleme-jeli\/","title":{"rendered":"Herbalife Skin Aloe \u00d6zl\u00fc Rahatlat\u0131c\u0131 Y\u00fcz Temizleme Jeli"},"content":{"rendered":"<div id=\"pdp-product-tabs\" class=\"py-14\" data-analytics-id=\"product-tabs\">\n<div class=\"wrapper\">\n<div class=\"hidden lg:block\">\n<div class=\"w-full relative\" data-testid=\"tabs\">\n<div class=\"w-full pt-12 lg:pt-14 pt-14 md:pt-[60px] lg:pt-[84px]\">\n<div id=\"headlessui-tabs-panel-:rgv:\" class=\"ada-border-focus tabs_bounce-in-right__Gykhj\" role=\"tabpanel\" data-testid=\"tabsPanel2\" aria-labelledby=\"1CarouselTab\" data-headlessui-state=\"selected\">\n<section class=\"w-full\">\n<div>\n<div class=\"hl-grid\">\n<div class=\"text-gray-regular hidden lg:block col-span-12 body-lg rte pdpFeatureRowGap\">\n<p>Herbalife SKIN Aloe \u00d6zl\u00fc Rahatlat\u0131c\u0131 Y\u00fcz Temizleme Jeli:<\/p>\n<ul>\n<li>Cildi yumu\u015fatmak ve nemlendirmek i\u00e7in Aloe vera ile\u00a0form\u00fcle edilmi\u015ftir<\/li>\n<li>B3 (Niacinamide), C (Ascorbyl Glucoside) ve E (Tocopheryl Acetate) vitaminleri ile form\u00fcle edilmi\u015ftir<\/li>\n<li>Taze ve yumu\u015fak bir kokuya sahiptir<\/li>\n<li>Kuru ve normal ciltler i\u00e7in m\u00fckemmeldir<\/li>\n<li>G\u00fcnl\u00fck kullan\u0131m i\u00e7in uygundur<\/li>\n<li>Erkekler ve kad\u0131nlar i\u00e7in uygundur<\/li>\n<li>\u0130lave paraben veya s\u00fclfat i\u00e7ermez<\/li>\n<li>Dermatolojik olarak test edilmi\u015ftir<\/li>\n<\/ul>\n<p>&nbsp;<\/p>\n<\/div>\n<\/div>\n<\/div>\n<\/section>\n<\/div>\n<p><span id=\"headlessui-tabs-panel-:rh0:\" role=\"tabpanel\" aria-labelledby=\"2CarouselTab\"><\/span><span id=\"headlessui-tabs-panel-:rh1:\" role=\"tabpanel\" aria-labelledby=\"3CarouselTab\"><\/span><\/p>\n<p class=\"mb-4\"><span style=\"color: #ff0000\">\u0130\u00e7indekiler<\/span><\/p>\n<div class=\"mb-6 lg:mb-16\">\n<div class=\"lg:col-start-2 lg:col-span-10 col-span-12 ingredientWrapper rte text-semantics-text-regular\">\n<p>Aqua, Cocamidopropyl Betaine,\u00a0<em>Aloe Barbadensis<\/em>\u00a0Leaf Juice, Sodium Hydroxypropylsulfonate Laurylglucoside Crosspolymer, Sodium Methyl Cocoyl Taurate, PEG-120 Methyl Glucose Dioleate, Niacinamide, Ascorbyl Glucoside, Tocopheryl Acetate,\u00a0<em>Chamomilla Recutita<\/em>\u00a0Flower Extract,\u00a0<em>Rosmarinus Officinalis<\/em>\u00a0Leaf Extract, Glycerin, Parfum, Sodium Chloride, Sodium Citrate, Citric Acid, Ethylhexylglycerin, Hexylene Glycol, Caprylyl Glycol and Phenoxyethanol.<\/p>\n<\/div>\n<p><span style=\"color: #ff0000\">Kullan\u0131m\u0131<\/span><\/p>\n<p>Nemli cilde dairesel hareketlerle nazik\u00e7e masaj yap\u0131n. Il\u0131k su ile durulay\u0131n ve cildinizi kurulay\u0131n. Tonik, serum ve nemlendirici ile tamamlay\u0131n.<\/p>\n<p>G\u00fcnl\u00fck kullan\u0131m i\u00e7in uygundur &#8211; sabahlar\u0131 ve ak\u015famlar\u0131.<\/p>\n<\/div>\n<\/div>\n<\/div>\n<\/div>\n<\/div>\n<\/div>\n","protected":false},"excerpt":{"rendered":"<p>Aloe \u00d6zl\u00fc Rahatlat\u0131c\u0131 Y\u00fcz Temizleme Jeli ile cildinize biraz sevgi g\u00f6sterin.<\/p>\n<p>Aloe \u00d6zl\u00fc Rahatlat\u0131c\u0131 Y\u00fcz Temizleme Jeli, nazik bir y\u00fcz y\u0131kama sa\u011flamak i\u00e7in<em>\u00a0Aloe vera<\/em>\u00a0ile \u00f6zenle haz\u0131rlanm\u0131\u015ft\u0131r. Bu ultra ipeksi temizleyici, hindistan cevizi t\u00fcrevi temizleyici bile\u015fenler, B3 Vitamini ve antioksidan C ve E vitaminleri i\u00e7eren cilt dostu bir kar\u0131\u015f\u0131ma sahiptir.<\/p>\n<p>Aloe \u00d6zl\u00fc Rahatlat\u0131c\u0131 Y\u00fcz Temizleme Jeli paraben veya s\u00fclfat i\u00e7ermez ve g\u00fcnl\u00fck olarak kullan\u0131labilir. Nazik\u00e7e k\u00f6p\u00fcren bu ho\u015f kokulu y\u00fcz y\u0131kama \u00fcr\u00fcn\u00fc makyaj\u0131, fazla ya\u011f\u0131 ve kirleri tahri\u015f etmeden temizler, cildinizi temizlenmi\u015f ve yumu\u015fac\u0131k hissettirir.<\/p>\n","protected":false},"featured_media":987498236,"comment_status":"open","ping_status":"closed","template":"","meta":[],"product_brand":[],"product_cat":[556,554,100],"product_tag":[],"class_list":{"0":"post-987498182","1":"product","2":"type-product","3":"status-publish","4":"has-post-thumbnail","6":"product_cat-cilt-bakimi","7":"product_cat-kisisel-bakim","8":"product_cat-tum-urunler","10":"first","11":"instock","12":"sale","13":"taxable","14":"shipping-taxable","15":"purchasable","16":"product-type-simple"},"_links":{"self":[{"href":"https:\/\/sitenhazir.net\/flat\/wp-json\/wp\/v2\/product\/987498182","targetHints":{"allow":["GET"]}}],"collection":[{"href":"https:\/\/sitenhazir.net\/flat\/wp-json\/wp\/v2\/product"}],"about":[{"href":"https:\/\/sitenhazir.net\/flat\/wp-json\/wp\/v2\/types\/product"}],"replies":[{"embeddable":true,"href":"https:\/\/sitenhazir.net\/flat\/wp-json\/wp\/v2\/comments?post=987498182"}],"wp:featuredmedia":[{"embeddable":true,"href":"https:\/\/sitenhazir.net\/flat\/wp-json\/wp\/v2\/media\/987498236"}],"wp:attachment":[{"href":"https:\/\/sitenhazir.net\/flat\/wp-json\/wp\/v2\/media?parent=987498182"}],"wp:term":[{"taxonomy":"product_brand","embeddable":true,"href":"https:\/\/sitenhazir.net\/flat\/wp-json\/wp\/v2\/product_brand?post=987498182"},{"taxonomy":"product_cat","embeddable":true,"href":"https:\/\/sitenhazir.net\/flat\/wp-json\/wp\/v2\/product_cat?post=987498182"},{"taxonomy":"product_tag","embeddable":true,"href":"https:\/\/sitenhazir.net\/flat\/wp-json\/wp\/v2\/product_tag?post=987498182"}],"curies":[{"name":"wp","href":"https:\/\/api.w.org\/{rel}","templated":true}]}}