{"id":987498180,"date":"2026-02-18T19:19:35","date_gmt":"2026-02-18T19:19:35","guid":{"rendered":"https:\/\/sitenhazir.net\/flat\/?post_type=product&#038;p=987498180"},"modified":"2026-02-18T19:20:51","modified_gmt":"2026-02-18T19:20:51","slug":"herbalife-barbeku-aromali-protein-cips","status":"publish","type":"product","link":"https:\/\/sitenhazir.net\/flat\/urun\/herbalife-barbeku-aromali-protein-cips\/","title":{"rendered":"Herbalife Barbek\u00fc Aromal\u0131 Protein Cips"},"content":{"rendered":"<p>Protein Cipsler:<\/p>\n<ul>\n<li>Paket ba\u015f\u0131na 11 g bezelye proteini sa\u011flar<\/li>\n<li>Veganlar i\u00e7in uygundur<\/li>\n<li>Glutensizdir<\/li>\n<li>M\u00fckemmel bir protein at\u0131\u015ft\u0131rmal\u0131\u011f\u0131d\u0131r<\/li>\n<li>10&#8217;lu kutu halinde gelir<\/li>\n<\/ul>\n<p class=\"mb-4\"><span style=\"color: #ff0000\">\u0130\u00e7indekiler<\/span><\/p>\n<div class=\"mb-6 lg:mb-16\">\n<div class=\"lg:col-start-2 lg:col-span-10 col-span-12 ingredientWrapper rte text-semantics-text-regular\">\n<p>Proteinli toz kar\u0131\u015f\u0131m [bezelye protein izolat\u0131 (% 40), mercimek unu, patates nisa\u015ftas\u0131, m\u0131s\u0131r unu), \u00e7e\u015fni kar\u0131\u015f\u0131m\u0131 [\u015feker, tuz, domates tozu, maya ekstresi, paprika, asit (laktik asit), so\u011fan tozu, t\u00fcts\u00fc (barbek\u00fc) aroma vericisi, so\u011fan ekstresi, renklendirici (paprika ekstresi), sar\u0131msak tozu), ay\u00e7i\u00e7ek ya\u011f\u0131, antioksidan (biberiye ekstraktlar\u0131).<\/p>\n<\/div>\n<\/div>\n<p class=\"mb-4\">Alerjen bilgisi<\/p>\n<div class=\"mb-6 lg:mb-16\">\n<div class=\"lg:col-start-2 lg:col-span-10 col-span-12 ingredientWrapper rte text-semantics-text-regular\">\n<p>SOYA I\u0307C\u0327EREBI\u0307LI\u0307R.<\/p>\n<p><a href=\"https:\/\/www.herbalsiparis.com.tr\/wp-content\/uploads\/2023\/10\/pn-141k-tr.png\" rel=\"noopener\"><img loading=\"lazy\" decoding=\"async\" class=\"alignnone size-medium wp-image-9792\" src=\"https:\/\/www.herbalsiparis.com.tr\/wp-content\/uploads\/2023\/10\/pn-141k-tr-555x301.png\" alt=\"\" width=\"555\" height=\"301\" \/><\/a><\/p>\n<\/div>\n<p><span style=\"color: #ff0000\">Kullan\u0131m\u0131<\/span><\/p>\n<p>Haz\u0131rl\u0131k gerektirmeden do\u011frudan paketten yiyin. Bu \u00fcr\u00fcn dengeli ve \u00e7e\u015fitli g\u0131dalardan olu\u015fan bir beslenme d\u00fczeni ile sa\u011fl\u0131kl\u0131 ya\u015fam tarz\u0131n\u0131n bir par\u00e7as\u0131 olarak kullan\u0131lmal\u0131d\u0131r.<\/p>\n<p>Serin ve kuru bir yerde saklay\u0131n.<\/p>\n<\/div>\n","protected":false},"excerpt":{"rendered":"<p>Protein Cipsler ile at\u0131\u015ft\u0131rmal\u0131k oyununuzu h\u0131zland\u0131r\u0131n. K\u0131zart\u0131lmadan f\u0131r\u0131nlanan bu proteinli at\u0131\u015ft\u0131rmal\u0131k, kar\u015f\u0131 konulmaz \u00e7\u0131t\u0131rl\u0131\u011f\u0131 bezelye proteini ile birle\u015ftirir.<\/p>\n<p>Protein Cipsler, tatmin edici bir \u00e7\u0131t\u0131rl\u0131k i\u00e7in \u0131s\u0131 ile f\u0131r\u0131nlan\u0131r ve her paketi lezzet ile patlar, y\u00fcksek protein i\u00e7erir ve ayr\u0131ca glutensizdir.<\/p>\n<p>\u0130ster film izleyin, ister i\u015f g\u00fcn\u00fcn\u00fcze g\u00fc\u00e7 kat\u0131n, Protein Cipsler m\u00fckemmel bir at\u0131\u015ft\u0131rmal\u0131k arkada\u015f\u0131d\u0131r. Lezzeti ve \u00e7\u0131t\u0131rt\u0131s\u0131 b\u00fcy\u00fck olan bu cipsler, ihtiya\u00e7 duyabilece\u011finiz her an size protein deste\u011fi sa\u011flamak i\u00e7in tasarlanm\u0131\u015ft\u0131r.<\/p>\n","protected":false},"featured_media":987498226,"comment_status":"closed","ping_status":"closed","template":"","meta":[],"product_brand":[],"product_cat":[551,552,100],"product_tag":[],"class_list":{"0":"post-987498180","1":"product","2":"type-product","3":"status-publish","4":"has-post-thumbnail","6":"product_cat-atistirmaliklar","7":"product_cat-protein-atistirmaliklari","8":"product_cat-tum-urunler","10":"first","11":"instock","12":"sale","13":"taxable","14":"shipping-taxable","15":"purchasable","16":"product-type-simple"},"_links":{"self":[{"href":"https:\/\/sitenhazir.net\/flat\/wp-json\/wp\/v2\/product\/987498180","targetHints":{"allow":["GET"]}}],"collection":[{"href":"https:\/\/sitenhazir.net\/flat\/wp-json\/wp\/v2\/product"}],"about":[{"href":"https:\/\/sitenhazir.net\/flat\/wp-json\/wp\/v2\/types\/product"}],"replies":[{"embeddable":true,"href":"https:\/\/sitenhazir.net\/flat\/wp-json\/wp\/v2\/comments?post=987498180"}],"wp:featuredmedia":[{"embeddable":true,"href":"https:\/\/sitenhazir.net\/flat\/wp-json\/wp\/v2\/media\/987498226"}],"wp:attachment":[{"href":"https:\/\/sitenhazir.net\/flat\/wp-json\/wp\/v2\/media?parent=987498180"}],"wp:term":[{"taxonomy":"product_brand","embeddable":true,"href":"https:\/\/sitenhazir.net\/flat\/wp-json\/wp\/v2\/product_brand?post=987498180"},{"taxonomy":"product_cat","embeddable":true,"href":"https:\/\/sitenhazir.net\/flat\/wp-json\/wp\/v2\/product_cat?post=987498180"},{"taxonomy":"product_tag","embeddable":true,"href":"https:\/\/sitenhazir.net\/flat\/wp-json\/wp\/v2\/product_tag?post=987498180"}],"curies":[{"name":"wp","href":"https:\/\/api.w.org\/{rel}","templated":true}]}}