{"id":987498169,"date":"2026-02-18T19:19:07","date_gmt":"2026-02-18T19:19:07","guid":{"rendered":"https:\/\/sitenhazir.net\/flat\/?post_type=product&#038;p=987498169"},"modified":"2026-02-18T19:20:45","modified_gmt":"2026-02-18T19:20:45","slug":"herbalife-herbal-aloe-el-ve-vucut-sabunu","status":"publish","type":"product","link":"https:\/\/sitenhazir.net\/flat\/urun\/herbalife-herbal-aloe-el-ve-vucut-sabunu\/","title":{"rendered":"Herbalife Herbal Aloe El ve V\u00fccut Sabunu"},"content":{"rendered":"<p>Herbal Aloe El ve V\u00fccut Sabunu:<\/p>\n<ul>\n<li><em>Aloe vera<\/em>, zeytinya\u011f\u0131 ve A, C ve E vitaminleri ile form\u00fcleedilmi\u015ftir<\/li>\n<li>Cilde g\u00fcn boyu nemlendirme sa\u011flar<\/li>\n<li>Cildi %100 oran\u0131nda daha p\u00fcr\u00fczs\u00fcz ve yumu\u015fak b\u0131rakt\u0131\u011f\u0131 g\u00f6sterilmi\u015ftir<\/li>\n<li>G\u00fcnl\u00fck kullan\u0131m i\u00e7in uygundur<\/li>\n<li>Erkekler ve kad\u0131nlar i\u00e7in uygundur<\/li>\n<li>\u0130lave paraben i\u00e7ermez<\/li>\n<li>Dermatolojik olarak test edilmi\u015ftir<\/li>\n<\/ul>\n<p class=\"mb-4\"><span style=\"color: #ff0000;\">\u0130\u00e7indekiler<\/span><\/p>\n<div class=\"mb-6 lg:mb-16\">\n<div class=\"lg:col-start-2 lg:col-span-10 col-span-12 ingredientWrapper rte text-semantics-text-regular\">\n<p>Sodium Palmate, Sodium Palm Kernelate, Aqua, Glycerin, Parfum,\u00a0<em>Aloe Barbadensis<\/em>\u00a0Leaf Juice,\u00a0<em>Olea Europaea<\/em>\u00a0Fruit Oil, Retinyl Palmitate, Tocopheryl Acetate, Ascorbic Acid,\u00a0<em>Yucca Schidigera<\/em>\u00a0leaf\/root\/stem extract,\u00a0<em>Artemisia Tridentata<\/em>\u00a0Extract,\u00a0<em>Simmondsia Chinensis<\/em>\u00a0Seed Extract,\u00a0<em>Silybum Marianum<\/em>\u00a0Seed Extract,\u00a0<em>Salvia Hispanica<\/em>\u00a0Seed Extract,\u00a0<em>Agave Americana<\/em>\u00a0Leaf Extract, Sodium Chloride, Tetrasodium EDTA, Benzyl Alcohol, Citronellol, Limonene, Hexyl Cinnamal, Linalool and Titanium Dioxide (CI 77891).<\/p>\n<\/div>\n<p><span style=\"color: #ff0000;\">Kullan\u0131m\u0131<\/span><\/p>\n<p>Sabun kal\u0131b\u0131n\u0131 \u0131slat\u0131n ve yo\u011fun bir k\u00f6p\u00fck haline getirin. K\u00f6p\u00fc\u011f\u00fc cildinize nazik\u00e7e masaj yaparak yedirin. \u0130yice durulay\u0131n.<\/p>\n<p>G\u00fcnl\u00fck kullan\u0131m i\u00e7in yeterince naziktir. En iyi sonu\u00e7 i\u00e7in Herbal Aloe El ve V\u00fccut Losyonu ile birlikte kullan\u0131n.<\/p>\n<\/div>\n","protected":false},"excerpt":{"rendered":"<p>Herbal Aloe El ve V\u00fccut Sabunu ile cildinizi temizleyin ve nemlendirin.<\/p>\n<p>Herbal Aloe El ve V\u00fccut Sabunu, yat\u0131\u015ft\u0131r\u0131c\u0131\u00a0<em>Aloe vera<\/em>, zengin zeytinya\u011f\u0131 ve antioksidan A, C ve E vitaminleri kar\u0131\u015f\u0131m\u0131yla \u00f6zenle form\u00fcle edilmi\u015ftir. M\u00fckemmel \u015fekilde haz\u0131rlanm\u0131\u015f bu sabun kal\u0131b\u0131, cildinizi tazelenmi\u015f ve nemli hissettiren besleyici bir temizlik sa\u011flar.<\/p>\n<p>Cildinizi nazik ama etkili bir \u015fekilde temizleyin. Herbal Aloe El ve V\u00fccut Sabunu, ciltteki kirleri gerekli ya\u011flar\u0131 s\u0131y\u0131rmadan temizler. T\u00fcm cilt tipleri i\u00e7in uygun, taze kokulu ve sert parabenler i\u00e7ermeyen bu hassas form\u00fcl, ilk k\u00f6p\u00fcrmeden itibaren cildinizi \u015f\u0131mart\u0131r.<\/p>\n<p>Herbal Aloe El ve V\u00fccut Sabunu ile her g\u00fcn\u00fcn\u00fcze biraz ki\u015fisel bak\u0131m ekleyin.<\/p>\n","protected":false},"featured_media":987498224,"comment_status":"open","ping_status":"closed","template":"","meta":[],"product_brand":[],"product_cat":[554,100,555],"product_tag":[],"class_list":{"0":"post-987498169","1":"product","2":"type-product","3":"status-publish","4":"has-post-thumbnail","6":"product_cat-kisisel-bakim","7":"product_cat-tum-urunler","8":"product_cat-vucut-bakimi","10":"first","11":"outofstock","12":"taxable","13":"shipping-taxable","14":"purchasable","15":"product-type-simple"},"_links":{"self":[{"href":"https:\/\/sitenhazir.net\/flat\/wp-json\/wp\/v2\/product\/987498169","targetHints":{"allow":["GET"]}}],"collection":[{"href":"https:\/\/sitenhazir.net\/flat\/wp-json\/wp\/v2\/product"}],"about":[{"href":"https:\/\/sitenhazir.net\/flat\/wp-json\/wp\/v2\/types\/product"}],"replies":[{"embeddable":true,"href":"https:\/\/sitenhazir.net\/flat\/wp-json\/wp\/v2\/comments?post=987498169"}],"wp:featuredmedia":[{"embeddable":true,"href":"https:\/\/sitenhazir.net\/flat\/wp-json\/wp\/v2\/media\/987498224"}],"wp:attachment":[{"href":"https:\/\/sitenhazir.net\/flat\/wp-json\/wp\/v2\/media?parent=987498169"}],"wp:term":[{"taxonomy":"product_brand","embeddable":true,"href":"https:\/\/sitenhazir.net\/flat\/wp-json\/wp\/v2\/product_brand?post=987498169"},{"taxonomy":"product_cat","embeddable":true,"href":"https:\/\/sitenhazir.net\/flat\/wp-json\/wp\/v2\/product_cat?post=987498169"},{"taxonomy":"product_tag","embeddable":true,"href":"https:\/\/sitenhazir.net\/flat\/wp-json\/wp\/v2\/product_tag?post=987498169"}],"curies":[{"name":"wp","href":"https:\/\/api.w.org\/{rel}","templated":true}]}}