{"id":987498168,"date":"2026-02-18T19:19:07","date_gmt":"2026-02-18T19:19:07","guid":{"rendered":"https:\/\/sitenhazir.net\/flat\/?post_type=product&#038;p=987498168"},"modified":"2026-02-18T19:20:43","modified_gmt":"2026-02-18T19:20:43","slug":"herbalife-cr7-drive-spor-icecegi-tozu","status":"publish","type":"product","link":"https:\/\/sitenhazir.net\/flat\/urun\/herbalife-cr7-drive-spor-icecegi-tozu\/","title":{"rendered":"Herbalife CR7 Drive Spor \u0130\u00e7ece\u011fi Tozu"},"content":{"rendered":"<p>Herbalife24\u00ae CR7 Drive:<\/p>\n<ul>\n<li>Elektrolitler, magnezyum ve sodyum ile form\u00fcle edilmi\u015ftir<\/li>\n<li>Normal enerji olu\u015fum metabolizmas\u0131na katk\u0131da bulunan B1 ve B12 vitaminleri ile form\u00fcle edilmi\u015ftir<\/li>\n<li>Tatland\u0131r\u0131c\u0131 i\u00e7ermez<\/li>\n<li>Informed Sports sertifikal\u0131d\u0131r*<\/li>\n<li>20 porsiyon i\u00e7erir<\/li>\n<\/ul>\n<p><em>*Yasakl\u0131 madde test edildi. Informed Sports kalite g\u00fcvence program\u0131, bu \u00fcr\u00fcn\u00fcn \u00fcretildi\u011fi partiden al\u0131nan bir numunenin LGC&#8217;nin d\u00fcnya standartlar\u0131ndaki spor dopingle m\u00fccadele laboratuvar\u0131 taraf\u0131ndan test edildi\u011fini ve dopingle m\u00fccadele ekran\u0131nda yasakl\u0131 madde i\u00e7ermedi\u011finin tespit edildi\u011fini onaylar.<\/em><\/p>\n<p class=\"mb-4\"><span style=\"color: #ff0000\">\u0130\u00e7indekiler<\/span><\/p>\n<div class=\"mb-6 lg:mb-16\">\n<div class=\"lg:col-start-2 lg:col-span-10 col-span-12 ingredientWrapper rte text-semantics-text-regular\">\n<p>Dekstroz, \u015feker, maltodekstrin, sodyum sitrat, isomaltuloz*, asitlik d\u00fczenleyici (sitrik asit), sitrik asidin magnezyum tuzlar\u0131, potasyum sitrat, aroma vericiler, renklendiriciler (antosiyaninler), siyanokobalamin ve tiyamin mononitrat.<\/p>\n<p><em>*\u0130somaltuloz glukoz ve fruktoz kayna\u011f\u0131d\u0131r.<\/em><\/p>\n<p><a href=\"https:\/\/www.herbalsiparis.com.tr\/wp-content\/uploads\/2023\/10\/pn-1466-tr.png\" rel=\"noopener\"><img loading=\"lazy\" decoding=\"async\" class=\"alignnone size-full wp-image-9800\" src=\"https:\/\/www.herbalsiparis.com.tr\/wp-content\/uploads\/2023\/10\/pn-1466-tr.png\" alt=\"\" width=\"720\" height=\"706\" \/><\/a><\/p>\n<p><span style=\"color: #ff0000\">Kullan\u0131m\u0131<\/span><\/p>\n<p>\u0130\u00e7erik \u00e7\u00f6kebilece\u011finden her kullan\u0131mdan \u00f6nce kutuyu hafif\u00e7e \u00e7alkalay\u0131n. 500 ml suya 2 \u00f6l\u00e7ek (27 g) ekleyin, kuvvetlice \u00e7alkalay\u0131n. En iyi t\u00fcketim egzersiz s\u0131ras\u0131ndad\u0131r.<\/p>\n<p>Bu \u00fcr\u00fcn dengeli ve \u00e7e\u015fitli g\u0131dalardan olu\u015fan bir beslenme d\u00fczeni ile sa\u011fl\u0131kl\u0131 ya\u015fam tarz\u0131n\u0131n bir par\u00e7as\u0131 olarak kullan\u0131lmal\u0131d\u0131r.<\/p>\n<p>Serin ve kuru bir yerde kapa\u011f\u0131 kapal\u0131 olarak saklay\u0131n.<\/p>\n<\/div>\n<\/div>\n","protected":false},"excerpt":{"rendered":"<p>CR7 Drive ile antrenman s\u0131ras\u0131nda s\u0131v\u0131 al\u0131m\u0131 seviyenizi koruyun.<\/p>\n<p>CR7 Drive, Cristiano Ronaldo ile ortakla\u015fa olarak spor beslenme uzmanlar\u0131 taraf\u0131ndan geli\u015ftirilmi\u015ftir. \u00d6zel karbonhidrat-elektrolit form\u00fcl\u00fc ile CR7 Drive su emilimini art\u0131rmaya yard\u0131mc\u0131 olur* ve dayan\u0131kl\u0131l\u0131k performans\u0131n\u0131 s\u00fcrd\u00fcrmeye yard\u0131mc\u0131 oldu\u011fu kan\u0131tlanm\u0131\u015ft\u0131r.**<\/p>\n<p>CR7 Drive, ko\u015fudan haltere kadar her t\u00fcrl\u00fc egzersiz i\u00e7in tercih edebilece\u011finiz bir sporcu i\u00e7ece\u011fidir. Elektrolitlerle form\u00fcle edilen CR7 Drive, porsiyon ba\u015f\u0131na 249 miligram sodyum ve 142 miligram magnezyum sa\u011flar.<\/p>\n<p>Ferahlat\u0131c\u0131 a\u00e7ai aromal\u0131 ve B1 ve B12 vitaminleriyle dolu bu sporcu i\u00e7ece\u011fi, antrenman\u0131n\u0131z\u0131 desteklemek i\u00e7in form\u00fcle edilmi\u015ftir.<\/p>\n<p><em>*Karbonhidrat-elektrolit \u00e7\u00f6zeltileri fiziksel egzersiz s\u0131ras\u0131nda su emilimini art\u0131r\u0131r.<br \/>\n**Karbonhidrat-elektrolit uzun s\u00fcreli egzersiz s\u0131ras\u0131nda dayan\u0131kl\u0131l\u0131k performans\u0131n\u0131n korunmas\u0131na katk\u0131da bulunur.<\/em><\/p>\n","protected":false},"featured_media":987498223,"comment_status":"open","ping_status":"closed","template":"","meta":[],"product_brand":[],"product_cat":[553,100],"product_tag":[],"class_list":{"0":"post-987498168","1":"product","2":"type-product","3":"status-publish","4":"has-post-thumbnail","6":"product_cat-sporcu-beslenmesi","7":"product_cat-tum-urunler","9":"first","10":"instock","11":"sale","12":"taxable","13":"shipping-taxable","14":"purchasable","15":"product-type-simple"},"_links":{"self":[{"href":"https:\/\/sitenhazir.net\/flat\/wp-json\/wp\/v2\/product\/987498168","targetHints":{"allow":["GET"]}}],"collection":[{"href":"https:\/\/sitenhazir.net\/flat\/wp-json\/wp\/v2\/product"}],"about":[{"href":"https:\/\/sitenhazir.net\/flat\/wp-json\/wp\/v2\/types\/product"}],"replies":[{"embeddable":true,"href":"https:\/\/sitenhazir.net\/flat\/wp-json\/wp\/v2\/comments?post=987498168"}],"wp:featuredmedia":[{"embeddable":true,"href":"https:\/\/sitenhazir.net\/flat\/wp-json\/wp\/v2\/media\/987498223"}],"wp:attachment":[{"href":"https:\/\/sitenhazir.net\/flat\/wp-json\/wp\/v2\/media?parent=987498168"}],"wp:term":[{"taxonomy":"product_brand","embeddable":true,"href":"https:\/\/sitenhazir.net\/flat\/wp-json\/wp\/v2\/product_brand?post=987498168"},{"taxonomy":"product_cat","embeddable":true,"href":"https:\/\/sitenhazir.net\/flat\/wp-json\/wp\/v2\/product_cat?post=987498168"},{"taxonomy":"product_tag","embeddable":true,"href":"https:\/\/sitenhazir.net\/flat\/wp-json\/wp\/v2\/product_tag?post=987498168"}],"curies":[{"name":"wp","href":"https:\/\/api.w.org\/{rel}","templated":true}]}}