{"id":987498167,"date":"2026-02-18T19:19:07","date_gmt":"2026-02-18T19:19:07","guid":{"rendered":"https:\/\/sitenhazir.net\/flat\/?post_type=product&#038;p=987498167"},"modified":"2026-02-18T19:20:41","modified_gmt":"2026-02-18T19:20:41","slug":"rebuild-endurance-izotonik-sporcu-icecegi-tozu","status":"publish","type":"product","link":"https:\/\/sitenhazir.net\/flat\/urun\/rebuild-endurance-izotonik-sporcu-icecegi-tozu\/","title":{"rendered":"Rebuild Endurance \u0130zotonik Sporcu \u0130\u00e7ece\u011fi Tozu"},"content":{"rendered":"<p>Herbalife24\u00ae Rebuild Endurance:<\/p>\n<ul>\n<li>Porsiyon ba\u015f\u0131na 10 g protein sa\u011flar<\/li>\n<li>Peynir alt\u0131 suyu proteini ile form\u00fcle edilmi\u015ftir<\/li>\n<li>36 g karbonhidrat sa\u011flar<\/li>\n<li>Demir ile birlikte C, E, B1 ve B2 vitaminleri sa\u011flar<\/li>\n<li>L-glutamin, L-karnitin, L-izol\u00f6sin, L-l\u00f6sin, L-valin ile form\u00fcle edilmi\u015ftir<\/li>\n<li>Informed Sports sertifikal\u0131d\u0131r*<\/li>\n<li>20 porsiyon i\u00e7erir<\/li>\n<\/ul>\n<p><em>*Yasakl\u0131 madde test edildi. Informed Sports kalite g\u00fcvence program\u0131, bu \u00fcr\u00fcn\u00fcn \u00fcretildi\u011fi partiden al\u0131nan bir numunenin LGC&#8217;nin d\u00fcnya standartlar\u0131ndaki spor dopingle m\u00fccadele laboratuvar\u0131 taraf\u0131ndan test edildi\u011fini ve dopingle m\u00fccadele ekran\u0131nda yasakl\u0131 madde i\u00e7ermedi\u011finin tespit edildi\u011fini onaylar.<\/em><\/p>\n<p class=\"mb-4\"><span style=\"color: #ff0000\">\u0130\u00e7indekiler<\/span><\/p>\n<div class=\"mb-6 lg:mb-16\">\n<div class=\"lg:col-start-2 lg:col-span-10 col-span-12 ingredientWrapper rte text-semantics-text-regular\">\n<p>Maltodekstrin, fruktoz, sukroz,\u00a0<strong>s\u00fct protein konsantresi<\/strong>, L-glutamin,\u00a0<strong>peynir alt\u0131 suyu protein konsantresi<\/strong>, do\u011fal aroma verici, asitlik d\u00fczenleyici (tripotasyum sitrat), L-karnitin, sodyum klor\u00fcr, L-izol\u00f6sin, do\u011fal aroma verici, L-l\u00f6sin, L-valin, bitkisel ya\u011f (palm ve hindistancevizi ya\u011f\u0131 kar\u0131\u015f\u0131m\u0131), sodyum L-askorbat, k\u0131vam artt\u0131r\u0131c\u0131 (guar gum), topaklanmay\u0131 \u00f6nleyici (silikon dioksit), ferrik pirofosfat, DL-alfa-tokoferol, kalsiyum D-pantotenat, siyanokobalamin, piridoksin hidroklorit, tiyamin hidroklorit, riboflavin ve D-biyotin.<\/p>\n<p>Domuz ya\u011f\u0131 ve domuzdan elde edilmi\u015f hi\u00e7bir \u00fcr\u00fcn i\u00e7ermez.<\/p>\n<\/div>\n<\/div>\n<p class=\"mb-4\">Alerjen bilgisi<\/p>\n<div class=\"mb-6 lg:mb-16\">\n<div class=\"lg:col-start-2 lg:col-span-10 col-span-12 ingredientWrapper rte text-semantics-text-regular\">S\u00dcT \u0130\u00c7ER\u0130R. ESER MI\u0307KTARDA SOYA VE YUMURTA I\u0307C\u0327EREBI\u0307LI\u0307R.<\/div>\n<\/div>\n<div><a href=\"https:\/\/www.herbalsiparis.com.tr\/wp-content\/uploads\/2023\/10\/pn-1436-tr.png\" rel=\"noopener\"><img loading=\"lazy\" decoding=\"async\" class=\"alignnone size-full wp-image-9805\" src=\"https:\/\/www.herbalsiparis.com.tr\/wp-content\/uploads\/2023\/10\/pn-1436-tr.png\" alt=\"\" width=\"720\" height=\"748\" \/><\/a><\/div>\n<div><span style=\"color: #ff0000\">Kullan\u0131m\u0131<\/span><\/div>\n<div>Topaklanma olmas\u0131n\u0131 engellemek i\u00e7in her kullan\u0131m \u00f6ncesi kutuyu yava\u015f\u00e7a sallay\u0131n\u0131z. 250 ml suya 4 ka\u015f\u0131k (50 g) ekleyin, kuvvetlice \u00e7alkalay\u0131n. Aerobik egzersizi takiben 30 dakika i\u00e7inde t\u00fcketin.<\/p>\n<p>Bu \u00fcr\u00fcn dengeli ve \u00e7e\u015fitli g\u0131dalardan olu\u015fan bir beslenme d\u00fczeni ile sa\u011fl\u0131kl\u0131 ya\u015fam tarz\u0131n\u0131n bir par\u00e7as\u0131 olarak kullan\u0131lmal\u0131d\u0131r.<\/p>\n<p>Serin ve kuru bir yerde kapa\u011f\u0131 kapal\u0131 olarak saklay\u0131n.<\/p><\/div>\n<p>&nbsp;<\/p>\n","protected":false},"excerpt":{"rendered":"<p>Rebuild Endurance ile egzersiz sonras\u0131 toparlanman\u0131z\u0131* destekleyin.<\/p>\n<p>Rebuild Endurance, dayan\u0131kl\u0131l\u0131k sporcular\u0131 i\u00e7in \u00f6zel olarak geli\u015ftirilmi\u015f izotonik bir spor i\u00e7ece\u011fi tozudur. Eklenmi\u015f L-glutamin ve L-karnitin ile form\u00fcle edilen bu izotonik spor i\u00e7ece\u011fi tozu, aerobik egzersizden sonra t\u00fcketilmek \u00fczere tasarlanm\u0131\u015ft\u0131r.*<\/p>\n<p>Rebuild Endurance&#8217;\u0131n her porsiyonu, kas k\u00fctlesinin b\u00fcy\u00fcmesine ve korunmas\u0131na katk\u0131da bulunan 10 gram protein sa\u011flar. Rebuild Endurance ayr\u0131ca peynir alt\u0131 suyu proteini ve h\u00fccreleri oksidatif stresten koruyan C ve E vitaminleri de dahil olmak \u00fczere bir vitamin ve mineral kar\u0131\u015f\u0131m\u0131 ile form\u00fcle edilmi\u015ftir. Ayr\u0131ca, C Vitamini ve Demir yorgunluk ve bitkinli\u011fi azaltmaya yard\u0131mc\u0131 olur ve B1 ve B2 vitaminleri ile birlikte normal enerji olu\u015fum metabolizmas\u0131na da katk\u0131da bulunurlar.<\/p>\n<p>Rebuild Endurance ile antrenman sonras\u0131 zaman\u0131n\u0131z\u0131 de\u011ferlendirin.<\/p>\n<p><em>*Karbonhidratlar, kas yorgunlu\u011funa ve iskelet kas\u0131ndaki glikojen depolar\u0131n\u0131n t\u00fckenmesine yol a\u00e7an \u00e7ok yo\u011fun ve uzun s\u00fcreli fiziksel egzersizden sonra normal kas fonksiyonunun iyile\u015fmesine katk\u0131da bulunur. Yararl\u0131 etki, kas yorgunlu\u011funa ve iskelet kas\u0131ndaki glikojen depolar\u0131n\u0131n t\u00fckenmesine yol a\u00e7an y\u00fcksek yo\u011funluklu ve\/veya uzun s\u00fcreli fiziksel egzersizi takiben, ilk 4 saat ve en ge\u00e7 6 saat i\u00e7inde, kg v\u00fccut a\u011f\u0131rl\u0131\u011f\u0131 ba\u015f\u0131na toplam 4 g al\u0131m\u0131nda t\u00fcm kaynaklardan karbonhidrat t\u00fcketimi ile elde edilir.<\/em><\/p>\n","protected":false},"featured_media":987498222,"comment_status":"open","ping_status":"closed","template":"","meta":[],"product_brand":[],"product_cat":[553,100],"product_tag":[],"class_list":{"0":"post-987498167","1":"product","2":"type-product","3":"status-publish","4":"has-post-thumbnail","6":"product_cat-sporcu-beslenmesi","7":"product_cat-tum-urunler","9":"first","10":"outofstock","11":"taxable","12":"shipping-taxable","13":"purchasable","14":"product-type-simple"},"_links":{"self":[{"href":"https:\/\/sitenhazir.net\/flat\/wp-json\/wp\/v2\/product\/987498167","targetHints":{"allow":["GET"]}}],"collection":[{"href":"https:\/\/sitenhazir.net\/flat\/wp-json\/wp\/v2\/product"}],"about":[{"href":"https:\/\/sitenhazir.net\/flat\/wp-json\/wp\/v2\/types\/product"}],"replies":[{"embeddable":true,"href":"https:\/\/sitenhazir.net\/flat\/wp-json\/wp\/v2\/comments?post=987498167"}],"wp:featuredmedia":[{"embeddable":true,"href":"https:\/\/sitenhazir.net\/flat\/wp-json\/wp\/v2\/media\/987498222"}],"wp:attachment":[{"href":"https:\/\/sitenhazir.net\/flat\/wp-json\/wp\/v2\/media?parent=987498167"}],"wp:term":[{"taxonomy":"product_brand","embeddable":true,"href":"https:\/\/sitenhazir.net\/flat\/wp-json\/wp\/v2\/product_brand?post=987498167"},{"taxonomy":"product_cat","embeddable":true,"href":"https:\/\/sitenhazir.net\/flat\/wp-json\/wp\/v2\/product_cat?post=987498167"},{"taxonomy":"product_tag","embeddable":true,"href":"https:\/\/sitenhazir.net\/flat\/wp-json\/wp\/v2\/product_tag?post=987498167"}],"curies":[{"name":"wp","href":"https:\/\/api.w.org\/{rel}","templated":true}]}}