{"id":987498166,"date":"2026-02-18T19:19:06","date_gmt":"2026-02-18T19:19:06","guid":{"rendered":"https:\/\/sitenhazir.net\/flat\/?post_type=product&#038;p=987498166"},"modified":"2026-02-18T19:20:38","modified_gmt":"2026-02-18T19:20:38","slug":"herbalife-h24-prolong-spor-icecegi-tozu","status":"publish","type":"product","link":"https:\/\/sitenhazir.net\/flat\/urun\/herbalife-h24-prolong-spor-icecegi-tozu\/","title":{"rendered":"Herbalife H24 Prolong Spor \u0130\u00e7ece\u011fi Tozu"},"content":{"rendered":"<p>Herbalife24\u00ae Prolong:<\/p>\n<ul>\n<li>Porsiyon ba\u015f\u0131na 7 g protein sa\u011flar<\/li>\n<li>Peynir alt\u0131 suyu proteini ile form\u00fcle edilmi\u015ftir<\/li>\n<li>C Vitamini \u0130\u00e7erir<\/li>\n<li>B vitaminleri i\u00e7erir (B1, B3, B6, B12 ve Pantotenik asit dahil)<\/li>\n<li>Informed Sports sertifikal\u0131d\u0131r*<\/li>\n<li>15 porsiyon i\u00e7erir<\/li>\n<\/ul>\n<p><em>*Yasakl\u0131 madde test edildi. Informed Sports kalite g\u00fcvence program\u0131, bu \u00fcr\u00fcn\u00fcn \u00fcretildi\u011fi partiden al\u0131nan bir numunenin LGC&#8217;nin d\u00fcnya standartlar\u0131ndaki spor dopingle m\u00fccadele laboratuvar\u0131 taraf\u0131ndan test edildi\u011fini ve dopingle m\u00fccadele ekran\u0131nda yasakl\u0131 madde i\u00e7ermedi\u011finin tespit edildi\u011fini onaylar.<\/em><\/p>\n<p>&nbsp;<\/p>\n<p class=\"mb-4\"><span style=\"color: #ff0000\">\u0130\u00e7indekiler<\/span><\/p>\n<div class=\"mb-6 lg:mb-16\">\n<div class=\"lg:col-start-2 lg:col-span-10 col-span-12 ingredientWrapper rte text-semantics-text-regular\">\n<p>Maltodekstrin, fruktoz,\u00a0<strong>peynir alt\u0131 suyu protein izolat\u0131<\/strong>\u00a0(% 12,5), asitlik d\u00fczenleyiciler (trisodyum sitrat, sitrik asit, trikalsiyum sitrat), aroma artt\u0131r\u0131c\u0131 (potasyum klor\u00fcr), asitlik d\u00fczenleyiciler (tripotasyum sitrat, magnezyum hidroksit), sodyum klor\u00fcr, sodyum L-askorbat, bitkisel ya\u011f (palm ve hindistancevizi ya\u011f\u0131 kar\u0131\u015f\u0131m\u0131), nikotinamid, do\u011fal misket limonu aromas\u0131, kalsiyum-D-pantotenat, siyanokobalamin, piridoksin hidroklorit, tiyamin hidroklorit ve D-biyotin.<\/p>\n<p>Domuz ya\u011f\u0131 ve domuzdan elde edilmi\u015f hi\u00e7bir \u00fcr\u00fcn icermez.<\/p>\n<\/div>\n<\/div>\n<p class=\"mb-4\">Alerjen bilgisi<\/p>\n<div class=\"mb-6 lg:mb-16\">\n<div class=\"lg:col-start-2 lg:col-span-10 col-span-12 ingredientWrapper rte text-semantics-text-regular\">PEYN\u0130RALTI SUYU PROTE\u0130N\u0130 \u0130ZOLATI \u0130\u00c7ER\u0130R. ESER MI\u0307KTARDA SOYA VE YUMURTA I\u0307C\u0327EREBI\u0307LI\u0307R.<\/div>\n<\/div>\n<div><a href=\"https:\/\/www.herbalsiparis.com.tr\/wp-content\/uploads\/2023\/10\/pn-1435-tr.png\" rel=\"noopener\"><img loading=\"lazy\" decoding=\"async\" class=\"alignnone size-full wp-image-9807\" src=\"https:\/\/www.herbalsiparis.com.tr\/wp-content\/uploads\/2023\/10\/pn-1435-tr.png\" alt=\"\" width=\"720\" height=\"436\" \/><\/a><\/div>\n<div><\/div>\n<div><span style=\"color: #ff0000\">Kullan\u0131m\u0131<\/span><\/div>\n<div>Topaklanma olmas\u0131n\u0131 engellemek i\u00e7in her kullan\u0131m \u00f6ncesi kutuyu yava\u015f\u00e7a sallay\u0131n\u0131z. 250 ml suya 4 \u00f6l\u00e7ek (60 g) ekleyin, kuvvetlice \u00e7alkalay\u0131n, ard\u0131ndan 500 ml&#8217;lik bir porsiyon yapmak i\u00e7in 250 ml daha su ekleyin. Fiziksel aktivite s\u0131ras\u0131nda saatte bir \u015fi\u015fe (500 ml) i\u00e7in.<\/p>\n<p>Bu \u00fcr\u00fcn dengeli ve \u00e7e\u015fitli g\u0131dalardan olu\u015fan bir beslenme d\u00fczeni ile sa\u011fl\u0131kl\u0131 ya\u015fam tarz\u0131n\u0131n bir par\u00e7as\u0131 olarak kullan\u0131lmal\u0131d\u0131r.<\/p>\n<p>Serin ve kuru bir yerde kapa\u011f\u0131 kapal\u0131 olarak saklay\u0131n.<\/p><\/div>\n","protected":false},"excerpt":{"rendered":"<p>Prolong ile egzersiz rutininizden en iyi \u015fekilde yararlan\u0131n.<\/p>\n<p>Beslenme uzmanlar\u0131 taraf\u0131ndan form\u00fcle edilen Prolong, uzun s\u00fcreli yo\u011fun egzersiz s\u0131ras\u0131nda kullan\u0131lmak \u00fczere \u00f6zel olarak tasarlanm\u0131\u015f bir spor i\u00e7ece\u011fi tozudur.<\/p>\n<p>Informed Sports sertifikal\u0131* Prolong, C Vitamini ve B1, B3, B6 ve B12 B vitaminleri i\u00e7erir. Peynir alt\u0131 suyu proteini ile form\u00fcle edilen bu limon aromal\u0131 spor i\u00e7ece\u011finin her porsiyonu, kas k\u00fctlesinin b\u00fcy\u00fcmesini ve korunmas\u0131n\u0131 desteklemek i\u00e7in 7 gram protein sa\u011flar.<\/p>\n<p>\u0130ster spor salonuna gidin ister a\u00e7\u0131k hava maceras\u0131na at\u0131l\u0131n, Prolong dayan\u0131kl\u0131l\u0131k sporlar\u0131n\u0131 tercih edenlerin ihtiya\u00e7lar\u0131na g\u00f6re tasarlanm\u0131\u015ft\u0131r.<\/p>\n<p><em>*Yasakl\u0131 madde test edildi. Informed Sports kalite g\u00fcvence program\u0131, bu \u00fcr\u00fcn\u00fcn \u00fcretildi\u011fi partiden al\u0131nan bir numunenin LGC&#8217;nin d\u00fcnya standartlar\u0131ndaki spor dopingle m\u00fccadele laboratuvar\u0131 taraf\u0131ndan test edildi\u011fini ve dopingle m\u00fccadele ekran\u0131nda yasakl\u0131 madde i\u00e7ermedi\u011finin tespit edildi\u011fini onaylar.<\/em><\/p>\n","protected":false},"featured_media":987498221,"comment_status":"open","ping_status":"closed","template":"","meta":[],"product_brand":[],"product_cat":[553,100],"product_tag":[],"class_list":{"0":"post-987498166","1":"product","2":"type-product","3":"status-publish","4":"has-post-thumbnail","6":"product_cat-sporcu-beslenmesi","7":"product_cat-tum-urunler","9":"first","10":"outofstock","11":"taxable","12":"shipping-taxable","13":"purchasable","14":"product-type-simple"},"_links":{"self":[{"href":"https:\/\/sitenhazir.net\/flat\/wp-json\/wp\/v2\/product\/987498166","targetHints":{"allow":["GET"]}}],"collection":[{"href":"https:\/\/sitenhazir.net\/flat\/wp-json\/wp\/v2\/product"}],"about":[{"href":"https:\/\/sitenhazir.net\/flat\/wp-json\/wp\/v2\/types\/product"}],"replies":[{"embeddable":true,"href":"https:\/\/sitenhazir.net\/flat\/wp-json\/wp\/v2\/comments?post=987498166"}],"wp:featuredmedia":[{"embeddable":true,"href":"https:\/\/sitenhazir.net\/flat\/wp-json\/wp\/v2\/media\/987498221"}],"wp:attachment":[{"href":"https:\/\/sitenhazir.net\/flat\/wp-json\/wp\/v2\/media?parent=987498166"}],"wp:term":[{"taxonomy":"product_brand","embeddable":true,"href":"https:\/\/sitenhazir.net\/flat\/wp-json\/wp\/v2\/product_brand?post=987498166"},{"taxonomy":"product_cat","embeddable":true,"href":"https:\/\/sitenhazir.net\/flat\/wp-json\/wp\/v2\/product_cat?post=987498166"},{"taxonomy":"product_tag","embeddable":true,"href":"https:\/\/sitenhazir.net\/flat\/wp-json\/wp\/v2\/product_tag?post=987498166"}],"curies":[{"name":"wp","href":"https:\/\/api.w.org\/{rel}","templated":true}]}}