{"id":987498162,"date":"2026-02-18T19:19:06","date_gmt":"2026-02-18T19:19:06","guid":{"rendered":"https:\/\/sitenhazir.net\/flat\/?post_type=product&#038;p=987498162"},"modified":"2026-02-18T19:20:19","modified_gmt":"2026-02-18T19:20:19","slug":"herbalife-pro-core-takviye-edici-gida-20-li","status":"publish","type":"product","link":"https:\/\/sitenhazir.net\/flat\/urun\/herbalife-pro-core-takviye-edici-gida-20-li\/","title":{"rendered":"Herbalife Pro-core Takviye Edici G\u0131da 20 li"},"content":{"rendered":"<p>Pro-core:77<\/p>\n<ul>\n<li>EpiCor\u00ae ile form\u00fcle edilmi\u015ftir<\/li>\n<li>C Vitamini, Selenyum ve \u00c7inko i\u00e7eri\u011fi y\u00fcksektir<\/li>\n<li>D vitamini bak\u0131m\u0131ndan zengindir<\/li>\n<li>Veganlar ve vejetaryenler i\u00e7in uygundur<\/li>\n<li>Gluten i\u00e7ermez<\/li>\n<li>10 ayr\u0131 tek kullan\u0131ml\u0131k po\u015fetten olu\u015fan bir kutu i\u00e7inde gelir<\/li>\n<\/ul>\n<div class=\"col-span-12 lg:col-span-4\">\n<div class=\"ingredientWrapperModified col-span-12\">\n<p class=\"mb-4\">\u0130\u00e7indekiler<\/p>\n<div class=\"mb-6 lg:mb-16\">\n<div class=\"lg:col-start-2 lg:col-span-10 col-span-12 ingredientWrapper rte text-semantics-text-regular\">\n<p>Maltodekstrin, ekmek mayas\u0131 (<em>Saccharomyces cerevisiae<\/em>), kara m\u00fcrver (<em>Sambucus nigra<\/em>) meyve suyu tozu, asitlik d\u00fczenleyici (sitrik asit), k\u0131vam artt\u0131r\u0131c\u0131 (ksantan gam, akasya gam\u0131), L-askorbik asit, aroma verici, renklendirici (pancar k\u00f6k\u00f9 k\u0131rm\u0131z\u0131s\u0131), \u00e7inko sitrat, tatland\u0131r\u0131c\u0131 (sukraloz), kolekalsiferol, topaklanmay\u0131 \u00f6nleyici (silikon dioksit), sodyum selenit.<\/p>\n<p>Domuz ya\u011f\u0131 ve domuzdan elde edilmi\u015f hi\u00e7bir \u00fcr\u00fcn i\u00e7ermez.<\/p>\n<\/div>\n<\/div>\n<\/div>\n<\/div>\n<div class=\"col-span-12 lg:col-start-6 lg:col-span-7\">\n<div class=\"col-span-12 lg:col-span-6 overflow-hidden lg:font-lg w-full mt-8 lg:mt-0 rounded-lg\"><\/div>\n<div><a href=\"https:\/\/www.herbalsiparis.com.tr\/wp-content\/uploads\/2023\/10\/pn-2273-tr.png\" rel=\"noopener\"><img loading=\"lazy\" decoding=\"async\" class=\"alignnone size-full wp-image-9819\" src=\"https:\/\/www.herbalsiparis.com.tr\/wp-content\/uploads\/2023\/10\/pn-2273-tr.png\" alt=\"\" width=\"720\" height=\"582\" \/><\/a><\/div>\n<div>Kullan\u0131m\u0131<\/div>\n<div>\n<p>1 po\u015feti (3,7 g) 150 ml suya ekleyin ve \u00e7\u00f6z\u00fcnene kadar kar\u0131\u015ft\u0131r\u0131n. G\u00fcnde bir kez yemeklerle birlikte 1 bardak t\u00fcketin.*<\/p>\n<p>Bu \u00fcr\u00fcn dengeli ve \u00e7e\u015fitli g\u0131dalardan olu\u015fan bir beslenme d\u00fczeni ile sa\u011fl\u0131kl\u0131 ya\u015fam tarz\u0131n\u0131n bir par\u00e7as\u0131 olarak kullan\u0131lmal\u0131d\u0131r.<\/p>\n<p>Serin ve kuru bir yerde saklay\u0131n.<\/p>\n<p><em>*Tavsiye edilen g\u00fcnl\u00fck porsiyonu a\u015fmay\u0131n. Takviye edici g\u0131dalar normal beslenmenin yerini tutamaz. \u00c7ocuklar\u0131n ula\u015famayaca\u011f\u0131 yerlerde saklay\u0131n. Bu bir ila\u00e7 de\u011fil. Hastal\u0131klar\u0131n \u00f6nlenmesi veya tedavisi i\u00e7in kullan\u0131lamaz. Hamilelik, emzirme, hastal\u0131k veya ila\u00e7 kullan\u0131m\u0131 durumlar\u0131nda l\u00fctfen doktorunuza dan\u0131\u015f\u0131n\u0131z.<\/em><\/p>\n<\/div>\n<\/div>\n","protected":false},"excerpt":{"rendered":"<blockquote><p>Ba\u011f\u0131\u015f\u0131kl\u0131k sisteminiz, her g\u00fcn sessizce ve yorulmadan \u00e7al\u0131\u015fan inan\u0131lmaz derecede karma\u015f\u0131k bir a\u011fd\u0131r.<\/p><\/blockquote>\n<p>Pro-core, d\u00fcnyan\u0131n \u00f6nde gelen tam g\u0131da fermentat i\u00e7eri\u011fi olan EpiCor\u00ae ile \u00f6zel olarak form\u00fcle edilmi\u015f toz takviye edici g\u0131dad\u0131r. Pro-core ayr\u0131ca h\u00fccrelerin oksidatif stresten korunmas\u0131na katk\u0131da bulunan C Vitamini, Selenyum ve \u00c7inko ile ba\u011f\u0131\u015f\u0131kl\u0131k sisteminin normal fonksiyonuna katk\u0131da bulunan D Vitamini gibi \u00f6nemli vitamin ve minerallerin bir kar\u0131\u015f\u0131m\u0131yla geli\u015ftirilmi\u015ftir.<\/p>\n<p>Pro-core&#8217;u g\u00fcnl\u00fck rutininize kolayl\u0131kla dahil edin. Orman meyvesi tad\u0131 ile dolu bu e\u015fsiz takviyenin her bir porsiyonu kullan\u0131\u015fl\u0131 bir po\u015fet i\u00e7inde gelir. Hareket halindeyken, evde, ofiste veya g\u00fcn\u00fcn\u00fcz\u00fcn sizi g\u00f6t\u00fcrd\u00fc\u011f\u00fc her yerde Pro-core&#8217;un tad\u0131n\u0131 \u00e7\u0131kar\u0131n.<\/p>\n","protected":false},"featured_media":987498209,"comment_status":"open","ping_status":"closed","template":"","meta":[],"product_brand":[],"product_cat":[537,539,536,100],"product_tag":[],"class_list":{"0":"post-987498162","1":"product","2":"type-product","3":"status-publish","4":"has-post-thumbnail","6":"product_cat-bagisiklik-destegi","7":"product_cat-genel-wellness","8":"product_cat-gida-takviyeleri","9":"product_cat-tum-urunler","11":"first","12":"outofstock","13":"sale","14":"taxable","15":"shipping-taxable","16":"purchasable","17":"product-type-simple"},"_links":{"self":[{"href":"https:\/\/sitenhazir.net\/flat\/wp-json\/wp\/v2\/product\/987498162","targetHints":{"allow":["GET"]}}],"collection":[{"href":"https:\/\/sitenhazir.net\/flat\/wp-json\/wp\/v2\/product"}],"about":[{"href":"https:\/\/sitenhazir.net\/flat\/wp-json\/wp\/v2\/types\/product"}],"replies":[{"embeddable":true,"href":"https:\/\/sitenhazir.net\/flat\/wp-json\/wp\/v2\/comments?post=987498162"}],"wp:featuredmedia":[{"embeddable":true,"href":"https:\/\/sitenhazir.net\/flat\/wp-json\/wp\/v2\/media\/987498209"}],"wp:attachment":[{"href":"https:\/\/sitenhazir.net\/flat\/wp-json\/wp\/v2\/media?parent=987498162"}],"wp:term":[{"taxonomy":"product_brand","embeddable":true,"href":"https:\/\/sitenhazir.net\/flat\/wp-json\/wp\/v2\/product_brand?post=987498162"},{"taxonomy":"product_cat","embeddable":true,"href":"https:\/\/sitenhazir.net\/flat\/wp-json\/wp\/v2\/product_cat?post=987498162"},{"taxonomy":"product_tag","embeddable":true,"href":"https:\/\/sitenhazir.net\/flat\/wp-json\/wp\/v2\/product_tag?post=987498162"}],"curies":[{"name":"wp","href":"https:\/\/api.w.org\/{rel}","templated":true}]}}