{"id":987498161,"date":"2026-02-18T19:19:05","date_gmt":"2026-02-18T19:19:05","guid":{"rendered":"https:\/\/sitenhazir.net\/flat\/?post_type=product&#038;p=987498161"},"modified":"2026-02-18T19:20:16","modified_gmt":"2026-02-18T19:20:16","slug":"xtra-cal-kalsiyum-ve-d-vitamini-gida-takviyesi","status":"publish","type":"product","link":"https:\/\/sitenhazir.net\/flat\/urun\/xtra-cal-kalsiyum-ve-d-vitamini-gida-takviyesi\/","title":{"rendered":"Xtra-Cal Kalsiyum ve D Vitamini G\u0131da Takviyesi"},"content":{"rendered":"<p>Xtra-Cal\u00ae:<\/p>\n<ul>\n<li>Kalsiyum ile form\u00fcle edilmi\u015ftir<\/li>\n<li>G\u00fcnl\u00fck porsiyon ba\u015f\u0131na % 100&#8217;\u00fcn \u00fczerinde Kalsiyum BRD* sa\u011flar<\/li>\n<li>D Vitamini ile form\u00fcle edilmi\u015ftir<\/li>\n<li>Temel mineraller Magnezyum, Bak\u0131r, Manganez ve \u00c7inko ile form\u00fcle edilmi\u015ftir<\/li>\n<li>90 tablet i\u00e7erir<\/li>\n<\/ul>\n<p><em>*Besin Referans De\u011feri<\/em><\/p>\n<p class=\"mb-4\"><span style=\"color: #ff0000\">\u0130\u00e7indekiler<\/span><\/p>\n<div class=\"mb-6 lg:mb-16\">\n<div class=\"lg:col-start-2 lg:col-span-10 col-span-12 ingredientWrapper rte text-semantics-text-regular\">\n<p>Kalsiyum karbonat, hacim art\u0131r\u0131c\u0131 (mikrokristalin sel\u00fcloz), sitrik asidin kalsiyum tuzlar\u0131, magnezyum oksit, hacim artt\u0131r\u0131c\u0131 (\u00e7apraz-ba\u011fl\u0131 sodyum karboksi metil sel\u00fcloz), m\u0131s\u0131r ni\u015fastas\u0131, topaklanmay\u0131 \u00f6nleyici (ya\u011f asitleri), tablet kaplama [hidroksipropil metil sel\u00fcloz, renklendirici (titanyum dioksit), gliserol], topaklanmay\u0131 \u00f6nleyici (silikon dioksit), topaklanmay\u0131 \u00f6nleyici (ya\u011f asitlerinin kalsiyum tuzlar\u0131), \u00e7inko s\u00fclfat, bak\u0131r glukonat, parlat\u0131c\u0131lar (gliserol, hidroksipropil metil sel\u00fcloz), manganez s\u00fclfat, kolekalsiferol.<\/p>\n<p><a href=\"https:\/\/www.herbalsiparis.com.tr\/wp-content\/uploads\/2023\/10\/pn-0020-tr.png\" rel=\"noopener\"><img loading=\"lazy\" decoding=\"async\" class=\"alignnone size-full wp-image-9816\" src=\"https:\/\/www.herbalsiparis.com.tr\/wp-content\/uploads\/2023\/10\/pn-0020-tr.png\" alt=\"\" width=\"720\" height=\"313\" \/><\/a><\/p>\n<p><span style=\"color: #ff0000\">Kullan\u0131m\u0131<\/span><\/p>\n<p>G\u00fcnde \u00fc\u00e7 kez, yemeklerle birlikte bir tablet al\u0131n.*<\/p>\n<p>Bu \u00fcr\u00fcn dengeli ve \u00e7e\u015fitli g\u0131dalardan olu\u015fan bir beslenme d\u00fczeni ile sa\u011fl\u0131kl\u0131 ya\u015fam tarz\u0131n\u0131n bir par\u00e7as\u0131 olarak kullan\u0131lmal\u0131d\u0131r.<\/p>\n<p>Serin ve kuru bir yerde kapa\u011f\u0131 kapal\u0131 olarak saklay\u0131n.<\/p>\n<p><em>*Tavsiye edilen g\u00fcnl\u00fck porsiyonu a\u015fmay\u0131n. Takviye edici g\u0131dalar normal beslenmenin yerini tutamaz. \u00c7ocuklar\u0131n ula\u015famayaca\u011f\u0131 yerlerde saklay\u0131n. Bu bir ila\u00e7 de\u011fildir. Hastal\u0131klar\u0131n \u00f6nlenmesi veya tedavisi i\u00e7in kullan\u0131lamaz. Hamilelik, emzirme, hastal\u0131k veya ila\u00e7 kullan\u0131m\u0131 durumlar\u0131nda l\u00fctfen doktorunuza dan\u0131\u015f\u0131n\u0131z.<\/em><\/p>\n<\/div>\n<\/div>\n","protected":false},"excerpt":{"rendered":"<p>G\u00fcnl\u00fck kalsiyum ihtiyac\u0131n\u0131z\u0131 Xtra-Cal ile destekleyin.<\/p>\n<p>Xtra-Cal\u00ae, Kalsiyum ve Magnezyum, Bak\u0131r, Manganez ve \u00c7inko gibi \u00f6zenle se\u00e7ilmi\u015f di\u011fer minerallerin bir kar\u0131\u015f\u0131m\u0131 ile form\u00fcle edilmi\u015f g\u00fcnl\u00fck bir takviye edici g\u0131dad\u0131r. Xtra-Cal\u00ae ayr\u0131ca kalsiyum ve fosforun normal emilimine ve kullan\u0131m\u0131na katk\u0131da bulunan D Vitamini i\u00e7erir. Buna ek olarak, D Vitamini normal kas fonksiyonunun korunmas\u0131na katk\u0131da bulunur.<\/p>\n<p>Normal kemiklerin ve normal di\u015flerin korunmas\u0131 i\u00e7in yeterli kalsiyum al\u0131nmas\u0131 gerekir. Kalsiyum a\u00e7\u0131s\u0131ndan zengin bu takviye edici g\u0131da, g\u00fcnl\u00fck rutininize kolayl\u0131kla dahil edebilece\u011finiz kullan\u0131\u015fl\u0131 tabletler halinde gelir. Her ana \u00f6\u011f\u00fcnle birlikte bir tablet alman\u0131z yeterlidir. G\u00fcnl\u00fck 3 tabletlik bir porsiyon size Kalsiyum BRD\u2019nizin %100&#8217;\u00fcnden fazlas\u0131n\u0131 sa\u011flar.*<\/p>\n<p><em>*Besin Referans De\u011feri<\/em><\/p>\n","protected":false},"featured_media":987498208,"comment_status":"open","ping_status":"closed","template":"","meta":[],"product_brand":[],"product_cat":[538,536,540,550,100],"product_tag":[],"class_list":{"0":"post-987498161","1":"product","2":"type-product","3":"status-publish","4":"has-post-thumbnail","6":"product_cat-erkek-destegi","7":"product_cat-gida-takviyeleri","8":"product_cat-kadin-destegi","9":"product_cat-kemik-ve-dis-destegi","10":"product_cat-tum-urunler","12":"first","13":"instock","14":"sale","15":"taxable","16":"shipping-taxable","17":"purchasable","18":"product-type-simple"},"_links":{"self":[{"href":"https:\/\/sitenhazir.net\/flat\/wp-json\/wp\/v2\/product\/987498161","targetHints":{"allow":["GET"]}}],"collection":[{"href":"https:\/\/sitenhazir.net\/flat\/wp-json\/wp\/v2\/product"}],"about":[{"href":"https:\/\/sitenhazir.net\/flat\/wp-json\/wp\/v2\/types\/product"}],"replies":[{"embeddable":true,"href":"https:\/\/sitenhazir.net\/flat\/wp-json\/wp\/v2\/comments?post=987498161"}],"wp:featuredmedia":[{"embeddable":true,"href":"https:\/\/sitenhazir.net\/flat\/wp-json\/wp\/v2\/media\/987498208"}],"wp:attachment":[{"href":"https:\/\/sitenhazir.net\/flat\/wp-json\/wp\/v2\/media?parent=987498161"}],"wp:term":[{"taxonomy":"product_brand","embeddable":true,"href":"https:\/\/sitenhazir.net\/flat\/wp-json\/wp\/v2\/product_brand?post=987498161"},{"taxonomy":"product_cat","embeddable":true,"href":"https:\/\/sitenhazir.net\/flat\/wp-json\/wp\/v2\/product_cat?post=987498161"},{"taxonomy":"product_tag","embeddable":true,"href":"https:\/\/sitenhazir.net\/flat\/wp-json\/wp\/v2\/product_tag?post=987498161"}],"curies":[{"name":"wp","href":"https:\/\/api.w.org\/{rel}","templated":true}]}}