{"id":987498160,"date":"2026-02-18T19:19:05","date_gmt":"2026-02-18T19:19:05","guid":{"rendered":"https:\/\/sitenhazir.net\/flat\/?post_type=product&#038;p=987498160"},"modified":"2026-02-18T19:20:13","modified_gmt":"2026-02-18T19:20:13","slug":"herbalife-niteworks","status":"publish","type":"product","link":"https:\/\/sitenhazir.net\/flat\/urun\/herbalife-niteworks\/","title":{"rendered":"Herbalife Niteworks"},"content":{"rendered":"<div id=\"pdp-product-tabs\" class=\"py-14\" data-analytics-id=\"product-tabs\">\n<div class=\"wrapper\">\n<div class=\"hidden lg:block\">\n<div class=\"w-full relative\" data-testid=\"tabs\">\n<div class=\"w-full pt-12 lg:pt-14 pt-14 md:pt-[60px] lg:pt-[84px]\">\n<div id=\"headlessui-tabs-panel-:r1b:\" class=\"ada-border-focus tabs_bounce-in-right__Gykhj\" role=\"tabpanel\" data-testid=\"tabsPanel2\" aria-labelledby=\"1CarouselTab\" data-headlessui-state=\"selected\">\n<section class=\"w-full\">\n<div>\n<div class=\"hl-grid\">\n<div class=\"text-gray-regular hidden lg:block col-span-12 body-lg rte pdpFeatureRowGap\">\n<p>Niteworks\u00ae:<\/p>\n<ul>\n<li>L-arginin ve L-sitr\u00fclin amino asitlerini i\u00e7erir<\/li>\n<li>C ve E vitaminleri bak\u0131m\u0131ndan zengindir<\/li>\n<li>Folik asit oran\u0131 y\u00fcksektir<\/li>\n<li>Vejetaryenler ve veganlar i\u00e7in uygundur<\/li>\n<li>15 porsiyon i\u00e7erir<\/li>\n<\/ul>\n<p>&nbsp;<\/p>\n<\/div>\n<\/div>\n<\/div>\n<\/section>\n<\/div>\n<p>&nbsp;<\/p>\n<p class=\"mb-4\"><span style=\"color: #ff0000\">\u0130\u00e7indekiler<\/span><\/p>\n<div class=\"mb-6 lg:mb-16\">\n<div class=\"lg:col-start-2 lg:col-span-10 col-span-12 ingredientWrapper rte text-semantics-text-regular\">\n<p>L-arjinin, aroma artt\u0131r\u0131c\u0131 (sitrik asit), maltodekstrin, aroma verici (% 3,5), taurin, L-sitrulin, kalsiyum L-askorbat, DL-alfa-tokoferil asetat, tatland\u0131r\u0131c\u0131 (sukraloz), melisa yapra\u011f\u0131 ekstresi (<em>Melissa officinalis<\/em>), pteroilmonoglutamik asit, topaklanmay\u0131 \u00f6nleyici (silikon dioksit).<\/p>\n<p>Domuz ya\u011f\u0131 ve domuzdan elde edilmi\u015f hi\u00e7bir \u00fcr\u00fcn i\u00e7ermez.<\/p>\n<p><a href=\"https:\/\/www.herbalsiparis.com.tr\/wp-content\/uploads\/2023\/10\/pn-3150-tr.png\" rel=\"noopener\"><img loading=\"lazy\" decoding=\"async\" class=\"alignnone size-full wp-image-9813\" src=\"https:\/\/www.herbalsiparis.com.tr\/wp-content\/uploads\/2023\/10\/pn-3150-tr.png\" alt=\"\" width=\"720\" height=\"476\" \/><\/a><\/p>\n<p><span style=\"color: #ff0000\">Kullan\u0131m\u0131<\/span><\/p>\n<p>Her kullan\u0131mdan \u00f6nce kutuyu hafif\u00e7e \u00e7alkalay\u0131n. \u0130ki ka\u015f\u0131k (10 g) Niteworks\u00ae&#8217;\u00fc 250 ml so\u011fuk suda kar\u0131\u015ft\u0131r\u0131n ve \u00e7\u00f6z\u00fcnene kadar kar\u0131\u015ft\u0131r\u0131n. Maden suyu veya meyve suyu ile de kar\u0131\u015ft\u0131r\u0131labilir. Gece yatmadan \u00f6nce i\u00e7in.*<\/p>\n<p>Bu \u00fcr\u00fcn dengeli ve \u00e7e\u015fitli g\u0131dalardan olu\u015fan bir beslenme d\u00fczeni ile sa\u011fl\u0131kl\u0131 ya\u015fam tarz\u0131n\u0131n bir par\u00e7as\u0131 olarak kullan\u0131lmal\u0131d\u0131r.<\/p>\n<p>Serin ve kuru bir yerde kapa\u011f\u0131 kapal\u0131 olarak saklay\u0131n.<\/p>\n<p>Bu \u00fcr\u00fcn\u00fcn kalitesini korumak i\u00e7in i\u00e7eri\u011finde nemi emen bir torba bulunmaktad\u0131r. Bu torba yutulmamal\u0131d\u0131r ve \u00e7ocuklardan uzak tutulmal\u0131d\u0131r.<\/p>\n<p><em>*Tavsiye edilen g\u00fcnl\u00fck porsiyonu a\u015fmay\u0131n. Takviye edici g\u0131dalar normal beslenmenin yerini tutamaz. \u00c7ocuklar\u0131n ula\u015famayaca\u011f\u0131 yerlerde saklay\u0131n. Bu bir ila\u00e7 de\u011fildir. Hastal\u0131klar\u0131n \u00f6nlenmesi veya tedavisi i\u00e7in kullan\u0131lamaz. Hamilelik, emzirme, hastal\u0131k veya ila\u00e7 kullan\u0131m\u0131 durumlar\u0131nda l\u00fctfen doktorunuza dan\u0131\u015f\u0131n\u0131z.<\/em><\/p>\n<\/div>\n<\/div>\n<\/div>\n<\/div>\n<\/div>\n<\/div>\n<\/div>\n","protected":false},"excerpt":{"rendered":"<p>Niteworks\u00ae ile gece beslenmesinin faydalar\u0131n\u0131 ortaya \u00e7\u0131kar\u0131n.<\/p>\n<p>L-arginin, L-sitr\u00fclin ve Folik asit ile bilimsel olarak form\u00fcle edilen Niteworks\u00ae, h\u00fccreleri oksidatif stresten korumaya yard\u0131mc\u0131 olan C ve E vitaminlerinin bir kar\u0131\u015f\u0131m\u0131n\u0131 da i\u00e7eren gece i\u00e7in bir takviye edici g\u0131dad\u0131r.<\/p>\n<p>Ferahlat\u0131c\u0131 bir narenciye aromas\u0131yla form\u00fcle edilen bu e\u015fsiz toz takviye, sade veya maden suyuna veya meyve suyuna kar\u0131\u015ft\u0131r\u0131labilir. Niteworks\u00ae&#8217;\u00fc ak\u015fam rutininize kolayl\u0131kla dahil edin. Yatmadan \u00f6nce suyunuza ekleyin ve siz dinlenirken amino asitlerin \u00e7al\u0131\u015fmas\u0131na izin verin.<\/p>\n","protected":false},"featured_media":987498207,"comment_status":"open","ping_status":"closed","template":"","meta":[],"product_brand":[],"product_cat":[538,539,536,540,100],"product_tag":[],"class_list":{"0":"post-987498160","1":"product","2":"type-product","3":"status-publish","4":"has-post-thumbnail","6":"product_cat-erkek-destegi","7":"product_cat-genel-wellness","8":"product_cat-gida-takviyeleri","9":"product_cat-kadin-destegi","10":"product_cat-tum-urunler","12":"first","13":"instock","14":"sale","15":"taxable","16":"shipping-taxable","17":"purchasable","18":"product-type-simple"},"_links":{"self":[{"href":"https:\/\/sitenhazir.net\/flat\/wp-json\/wp\/v2\/product\/987498160","targetHints":{"allow":["GET"]}}],"collection":[{"href":"https:\/\/sitenhazir.net\/flat\/wp-json\/wp\/v2\/product"}],"about":[{"href":"https:\/\/sitenhazir.net\/flat\/wp-json\/wp\/v2\/types\/product"}],"replies":[{"embeddable":true,"href":"https:\/\/sitenhazir.net\/flat\/wp-json\/wp\/v2\/comments?post=987498160"}],"wp:featuredmedia":[{"embeddable":true,"href":"https:\/\/sitenhazir.net\/flat\/wp-json\/wp\/v2\/media\/987498207"}],"wp:attachment":[{"href":"https:\/\/sitenhazir.net\/flat\/wp-json\/wp\/v2\/media?parent=987498160"}],"wp:term":[{"taxonomy":"product_brand","embeddable":true,"href":"https:\/\/sitenhazir.net\/flat\/wp-json\/wp\/v2\/product_brand?post=987498160"},{"taxonomy":"product_cat","embeddable":true,"href":"https:\/\/sitenhazir.net\/flat\/wp-json\/wp\/v2\/product_cat?post=987498160"},{"taxonomy":"product_tag","embeddable":true,"href":"https:\/\/sitenhazir.net\/flat\/wp-json\/wp\/v2\/product_tag?post=987498160"}],"curies":[{"name":"wp","href":"https:\/\/api.w.org\/{rel}","templated":true}]}}