{"id":987498159,"date":"2026-02-18T19:19:05","date_gmt":"2026-02-18T19:19:05","guid":{"rendered":"https:\/\/sitenhazir.net\/flat\/?post_type=product&#038;p=987498159"},"modified":"2026-02-18T19:20:10","modified_gmt":"2026-02-18T19:20:10","slug":"herbalifeline-max-omega-3-balik-yagi","status":"publish","type":"product","link":"https:\/\/sitenhazir.net\/flat\/urun\/herbalifeline-max-omega-3-balik-yagi\/","title":{"rendered":"Herbalifeline Max &#8211; Omega 3 Bal\u0131k Ya\u011f\u0131"},"content":{"rendered":"<p>Herbalifeline\u00ae Max:<\/p>\n<ul>\n<li>Friend of Sea\u00a9* taraf\u0131ndan akredite edilmi\u015f s\u00fcrd\u00fcr\u00fclebilir kaynakl\u0131 bal\u0131k ya\u011f\u0131 ile form\u00fcle edilmi\u015ftir<\/li>\n<li>Temel omega-3 ya\u011f asitleri EPA ve DHA ile form\u00fcle edilmi\u015ftir<\/li>\n<li>Kekik ve nane esansiyel ya\u011flar\u0131 i\u00e7eren vejetaryen jel kaps\u00fcllerde sunulur<\/li>\n<li>30 kaps\u00fcll\u00fck bir kutu i\u00e7inde gelir<\/li>\n<\/ul>\n<p>&nbsp;<\/p>\n<p><em>*Resmi Bal\u0131k\u00e7\u0131l\u0131k ve Su \u00dcr\u00fcnleri S\u00fcrd\u00fcr\u00fclebilir Deniz \u00dcr\u00fcnleri Sertifikas\u0131na sahip olan Herbalifeline\u00ae Max&#8217;in i\u00e7erdi\u011fi bal\u0131k ya\u011f\u0131, Friend of the Sea\u00a9 taraf\u0131ndan akredite edilmi\u015ftir ve deniz habitat\u0131 i\u00e7in ayn\u0131 sayg\u0131l\u0131 de\u011ferleri desteklemektedir.<br \/>\n**S\u0131ralanan t\u00fcm faydalar, talimatlarda belirtildi\u011fi gibi ka\u00e7 kaps\u00fcl al\u0131nd\u0131\u011f\u0131na ba\u011fl\u0131d\u0131r.<\/em><\/p>\n<p>&nbsp;<\/p>\n<p class=\"mb-4\"><span style=\"color: #ff0000\">\u0130\u00e7indekiler<\/span><\/p>\n<div class=\"mb-6 lg:mb-16\">\n<div class=\"lg:col-start-2 lg:col-span-10 col-span-12 ingredientWrapper rte text-semantics-text-regular\">\n<p><strong>Bal\u0131k<\/strong>\u00a0<strong>ya\u011f\u0131<\/strong>, kaps\u00fcl kaplama (stabiliz\u00f6r (hidroksipropil ni\u015fasta), sertle\u015ftirici (gliserol), jelle\u015ftirici (karragenan), asitlik d\u00fczenleyici (disodyum fosfat)], antioksidan (alfa-tokoferol), do\u011fal aroma vericiler [kekik ya\u011f\u0131 (% 0,14), nane ya\u011f\u0131 (% 0,07)].<\/p>\n<\/div>\n<\/div>\n<p class=\"mb-4\">Alerjen bilgisi<\/p>\n<div class=\"mb-6 lg:mb-16\">\n<div class=\"lg:col-start-2 lg:col-span-10 col-span-12 ingredientWrapper rte text-semantics-text-regular\">BALIK \u0130\u00c7ER\u0130R.<\/div>\n<\/div>\n<div><\/div>\n<div><a href=\"https:\/\/www.herbalsiparis.com.tr\/wp-content\/uploads\/2023\/10\/pn-0043-tr.png\" rel=\"noopener\"><img loading=\"lazy\" decoding=\"async\" class=\"alignnone size-full wp-image-9810\" src=\"https:\/\/www.herbalsiparis.com.tr\/wp-content\/uploads\/2023\/10\/pn-0043-tr.png\" alt=\"\" width=\"720\" height=\"545\" \/><\/a><\/div>\n<div><span style=\"color: #ff0000\">Kullan\u0131m\u0131<\/span><\/div>\n<div><\/div>\n<div>\n<p>G\u00fcnde 1 ila 4 kaps\u00fcl su ile birlikte, tercihen yemeklerle birlikte, g\u00fcn boyunca aral\u0131kl\u0131 olarak al\u0131n.*<\/p>\n<p>DHA, normal beyin fonksiyonlar\u0131n\u0131n ve normal g\u00f6r\u00fc\u015f\u00fcn korunmas\u0131na katk\u0131da bulunur. Yararl\u0131 etki, g\u00fcnl\u00fck 250 mg DHA al\u0131m\u0131yla elde edilir.<\/p>\n<p>DHA ve EPA kalbin normal fonksiyonuna katk\u0131da bulunur. Yararl\u0131 etki, g\u00fcnl\u00fck 250 mg EPA ve DHA al\u0131m\u0131yla elde edilir.<\/p>\n<p>DHA ve EPA normal trigliserit seviyelerinin korunmas\u0131na katk\u0131da bulunur. Yararl\u0131 etki, g\u00fcnl\u00fck 2 g EPA ve DHA al\u0131m\u0131yla elde edilir.<\/p>\n<p>DHA ve EPA normal kan bas\u0131nc\u0131n\u0131n korunmas\u0131na katk\u0131da bulunur. Yararl\u0131 etki, g\u00fcnl\u00fck 3 g EPA ve DHA al\u0131m\u0131yla elde edilir.<\/p>\n<p>G\u00fcnl\u00fck 5 g EPA ve DHA al\u0131m\u0131n\u0131 a\u015fmay\u0131n. Her Herbalifeline\u00ae Max kaps\u00fcl 375 mg EPA ve 250 mg DHA sa\u011flar.<\/p>\n<p>Bu \u00fcr\u00fcn dengeli ve \u00e7e\u015fitli g\u0131dalardan olu\u015fan bir beslenme d\u00fczeni ile sa\u011fl\u0131kl\u0131 ya\u015fam tarz\u0131n\u0131n bir par\u00e7as\u0131 olarak kullan\u0131lmal\u0131d\u0131r.<\/p>\n<p>Serin ve kuru bir yerde saklay\u0131n.<\/p>\n<p><em>*Tavsiye edilen g\u00fcnl\u00fck porsiyonu a\u015fmay\u0131n. Takviye edici g\u0131dalar normal beslenmenin yerini tutamaz. \u00c7ocuklar\u0131n ula\u015famayaca\u011f\u0131 yerlerde saklay\u0131n. Bu bir ila\u00e7 de\u011fildir. Hastal\u0131klar\u0131n \u00f6nlenmesi veya tedavisi i\u00e7in kullan\u0131lamaz. Hamilelik, emzirme, hastal\u0131k veya ila\u00e7 kullan\u0131m\u0131 durumlar\u0131nda l\u00fctfen doktorunuza dan\u0131\u015f\u0131n\u0131z.<\/em><\/p>\n<\/div>\n","protected":false},"excerpt":{"rendered":"<p>S\u00fcrd\u00fcr\u00fclebilir kaynakl\u0131 bal\u0131k ya\u011flar\u0131 ile form\u00fcle edilmi\u015f Herbalifeline\u00ae Max ile omega-3 ya\u011f asitlerinin faydalar\u0131n\u0131 ortaya \u00e7\u0131kar\u0131n.*<\/p>\n<p>Bu g\u00fcnl\u00fck takviye edici g\u0131da, taze bir tat vermek i\u00e7in kekik ve nane esansiyel ya\u011flar\u0131 ile \u00f6zenle haz\u0131rlanm\u0131\u015f kullan\u0131\u015fl\u0131 vejetaryen jel kaps\u00fcllerde gelir.<\/p>\n<p>Herbalifeline\u00ae Max&#8217;in her bir kaps\u00fcl\u00fc 375 miligram EPA ve 250 miligram DHA sa\u011flar. Bu temel ya\u011f asitleri kalbin normal fonksiyonuna, normal kan bas\u0131nc\u0131n\u0131n korunmas\u0131na ve normal kan trigliserit seviyelerinin korunmas\u0131na katk\u0131da bulunur. DHA esansiyel ya\u011f asidi de normal beyin fonksiyonlar\u0131n\u0131n ve normal g\u00f6r\u00fc\u015f\u00fcn korunmas\u0131na katk\u0131da bulunur.**<\/p>\n<p>G\u00fcnl\u00fck omega-3 ihtiyac\u0131n\u0131z\u0131 Herbalifeline\u00ae Max ile destekleyin. G\u00fcnde 1 ila 4 kaps\u00fcl al\u0131n ve bu ya\u011f asitlerinin say\u0131s\u0131z faydalar\u0131ndan yararlanmaya ba\u015flay\u0131n.<\/p>\n<p><em>*Resmi Bal\u0131k\u00e7\u0131l\u0131k ve Su \u00dcr\u00fcnleri S\u00fcrd\u00fcr\u00fclebilir Deniz \u00dcr\u00fcnleri Sertifikas\u0131na sahip olan Herbalifeline\u00ae Max&#8217;in i\u00e7erdi\u011fi bal\u0131k ya\u011f\u0131, Friend of the Sea\u00a9 taraf\u0131ndan akredite edilmi\u015ftir ve deniz habitat\u0131 i\u00e7in ayn\u0131 sayg\u0131l\u0131 de\u011ferleri desteklemektedir.<br \/>\n**S\u0131ralanan t\u00fcm faydalar, talimatlarda belirtildi\u011fi gibi ka\u00e7 kaps\u00fcl al\u0131nd\u0131\u011f\u0131na ba\u011fl\u0131d\u0131r.<\/em><\/p>\n","protected":false},"featured_media":987498206,"comment_status":"open","ping_status":"closed","template":"","meta":[],"product_brand":[],"product_cat":[536,548,549,100],"product_tag":[],"class_list":{"0":"post-987498159","1":"product","2":"type-product","3":"status-publish","4":"has-post-thumbnail","6":"product_cat-gida-takviyeleri","7":"product_cat-normal-gorme","8":"product_cat-normal-kalp-fonksiyonu","9":"product_cat-tum-urunler","11":"first","12":"instock","13":"sale","14":"taxable","15":"shipping-taxable","16":"purchasable","17":"product-type-simple"},"_links":{"self":[{"href":"https:\/\/sitenhazir.net\/flat\/wp-json\/wp\/v2\/product\/987498159","targetHints":{"allow":["GET"]}}],"collection":[{"href":"https:\/\/sitenhazir.net\/flat\/wp-json\/wp\/v2\/product"}],"about":[{"href":"https:\/\/sitenhazir.net\/flat\/wp-json\/wp\/v2\/types\/product"}],"replies":[{"embeddable":true,"href":"https:\/\/sitenhazir.net\/flat\/wp-json\/wp\/v2\/comments?post=987498159"}],"wp:featuredmedia":[{"embeddable":true,"href":"https:\/\/sitenhazir.net\/flat\/wp-json\/wp\/v2\/media\/987498206"}],"wp:attachment":[{"href":"https:\/\/sitenhazir.net\/flat\/wp-json\/wp\/v2\/media?parent=987498159"}],"wp:term":[{"taxonomy":"product_brand","embeddable":true,"href":"https:\/\/sitenhazir.net\/flat\/wp-json\/wp\/v2\/product_brand?post=987498159"},{"taxonomy":"product_cat","embeddable":true,"href":"https:\/\/sitenhazir.net\/flat\/wp-json\/wp\/v2\/product_cat?post=987498159"},{"taxonomy":"product_tag","embeddable":true,"href":"https:\/\/sitenhazir.net\/flat\/wp-json\/wp\/v2\/product_tag?post=987498159"}],"curies":[{"name":"wp","href":"https:\/\/api.w.org\/{rel}","templated":true}]}}