{"id":987498158,"date":"2026-02-18T19:19:05","date_gmt":"2026-02-18T19:19:05","guid":{"rendered":"https:\/\/sitenhazir.net\/flat\/?post_type=product&#038;p=987498158"},"modified":"2026-02-18T19:20:07","modified_gmt":"2026-02-18T19:20:07","slug":"herbalife-thermo-complete","status":"publish","type":"product","link":"https:\/\/sitenhazir.net\/flat\/urun\/herbalife-thermo-complete\/","title":{"rendered":"Herbalife Thermo Complete"},"content":{"rendered":"<p>Thermo Complete\u00ae:<\/p>\n<ul>\n<li>Ye\u015fil \u00e7ay \u00f6z\u00fc ve yerba mate \u00f6z\u00fc ile form\u00fcle edilmi\u015ftir<\/li>\n<li>G\u00fcnl\u00fck 2 tabletlik her porsiyonda 164 mg kafein* sa\u011flar<\/li>\n<li>C Vitamini ile form\u00fcle edilmi\u015ftir<\/li>\n<li>G\u00fcnl\u00fck 2 tabletlik her porsiyonda C Vitamini\u00a0 BRD&#8217;nin** \u2022%50&#8217;sini sa\u011flar<\/li>\n<li>90 tablet i\u00e7erir<\/li>\n<\/ul>\n<p>&nbsp;<\/p>\n<p><em>*T\u00fcm kaynaklardan g\u00fcnl\u00fck 400 mg kafein al\u0131m\u0131n\u0131n a\u015f\u0131lmamas\u0131 \u00f6nerilir (hamile veya emziren kad\u0131nlar i\u00e7in 200 mg). Tek doz 200 mg kafein a\u015f\u0131lmamal\u0131d\u0131r. (EFSA Dergisi 2015;13(5):4102. 2015)<br \/>\n**Besin Referans De\u011feri<\/em><\/p>\n<p>&nbsp;<\/p>\n<p class=\"mb-4\"><span style=\"color: #ff0000\">\u0130\u00e7indekiler<\/span><\/p>\n<div class=\"mb-6 lg:mb-16\">\n<div class=\"lg:col-start-2 lg:col-span-10 col-span-12 ingredientWrapper rte text-semantics-text-regular\">\n<p>Ye\u015fil \u00e7ay yapra\u011f\u0131 ekstresi (<em>Camellia sinensis<\/em>), hacim artt\u0131r\u0131c\u0131 (kalsiyum karbonat), m\u0131s\u0131r ni\u015fastas\u0131, kakao tohum kabu\u011fu ekstresi (<em>Theobroma cacao<\/em>), mate yapra\u011f\u0131 ekstresi\u00a0<em>(Ilex paraguariensis<\/em>), toz kafein, toz tar\u00e7\u0131n kabu\u011fu (<em>Cinnamomum\u00a0 zeylanicum<\/em>), hacim artt\u0131r\u0131c\u0131 (sel\u00fcloz), L-askorbik asit,<strong>\u00a0toz kereviz tohumu<\/strong>\u00a0(<em>Apium graveolens<\/em>), toz maydanoz yapra\u011f\u0131 (<em>Petroselinum crispum<\/em>), toz alfalfa yapra\u011f\u0131 (<em>Medicago sativa<\/em>), toz rezene meyvesi (<em>Foeniculum vulgare<\/em>), topaklanmay\u0131 \u00f6nleyici (silikon dioksit), tablet kaplamas\u0131 [parlat\u0131c\u0131 (sodium karboksi metil sel\u00fcloz), dekstrin, dekstroz,\u00a0<strong>em\u00fclgat\u00f6r<\/strong>\u00a0(<strong>soya lesitini<\/strong>)], topaklanmay\u0131 \u00f6nleyici (ya\u011f asitleri), meyan k\u00f6k\u00fc tozu (<em>Glycyrrhiza glabra<\/em>), stabiliz\u00f6r (sodyum karboksi metil sel\u00fcloz), topaklanmay\u0131 \u00f6nleyici (ya\u011f asitlerinin magnezyum tuzlar\u0131).<\/p>\n<\/div>\n<\/div>\n<p class=\"mb-4\">Alerjen bilgisi<\/p>\n<div class=\"mb-6 lg:mb-16\">\n<div class=\"lg:col-start-2 lg:col-span-10 col-span-12 ingredientWrapper rte text-semantics-text-regular\">ESER MI\u0307KTARDA GLUTEN I\u0307C\u0327EREBI\u0307LI\u0307R.<\/div>\n<\/div>\n<div><a href=\"https:\/\/www.herbalsiparis.com.tr\/wp-content\/uploads\/2023\/10\/pn-0050-tr.png\" rel=\"noopener\"><img loading=\"lazy\" decoding=\"async\" class=\"alignnone size-full wp-image-9854\" src=\"https:\/\/www.herbalsiparis.com.tr\/wp-content\/uploads\/2023\/10\/pn-0050-tr.png\" alt=\"\" width=\"720\" height=\"649\" \/><\/a><\/div>\n<div><span style=\"color: #ff0000\">Kullan\u0131m\u0131<\/span><\/div>\n<div><\/div>\n<div>G\u00fcnde iki kez bir tablet al\u0131n.*<\/p>\n<p>Bu \u00fcr\u00fcn dengeli ve \u00e7e\u015fitli g\u0131dalardan olu\u015fan bir beslenme d\u00fczeni ile sa\u011fl\u0131kl\u0131 ya\u015fam tarz\u0131n\u0131n bir par\u00e7as\u0131 olarak kullan\u0131lmal\u0131d\u0131r.<\/p>\n<p>Serin ve kuru bir yerde kapa\u011f\u0131 kapal\u0131 olarak saklay\u0131n.<\/p>\n<p><em>*Tavsiye edilen g\u00fcnl\u00fck porsiyonu a\u015fmay\u0131n. Takviye edici g\u0131dalar normal beslenmenin yerini tutamaz. \u00c7ocuklar\u0131n ula\u015famayaca\u011f\u0131 yerlerde saklay\u0131n. Bu bir ila\u00e7 de\u011fildir. Hastal\u0131klar\u0131n \u00f6nlenmesi veya tedavisi i\u00e7in kullan\u0131lamaz.<\/em><\/div>\n","protected":false},"excerpt":{"rendered":"<p>e\u015fil \u00e7ay ve yerba mate&#8217;nin dinamik bir kar\u0131\u015f\u0131m\u0131 olan Thermo Complete\u00ae ile zaman\u0131n \u00f6tesindeki bitkilerin faydalar\u0131n\u0131 ortaya \u00e7\u0131kar\u0131n.<\/p>\n<p>Ye\u015fil \u00e7ay \u00f6z\u00fc ve yerba mate \u00f6z\u00fc de dahil olmak \u00fczere se\u00e7ilmi\u015f bitkilerle \u00f6zel olarak form\u00fcle edilmi\u015f bu \u00f6zel kar\u0131\u015f\u0131m\u0131n her tableti 82 miligram kafein* ve 20 miligram C Vitamini sa\u011flayarak yorgunluk ve bitkinli\u011fin azalmas\u0131na katk\u0131da bulunur. C vitamini ayr\u0131ca normal enerji \u00fcretim metabolizmas\u0131na ve h\u00fccrelerin oksidatif stresten korunmas\u0131na katk\u0131da bulunur.<\/p>\n<p>Kahve molas\u0131 i\u00e7in zaman yok \u2013 sorun de\u011fil. Bu \u00e7ok g\u00f6revli kafein a\u00e7\u0131s\u0131ndan zengin takviye edici g\u0131da, g\u00fcnl\u00fck rutininize kolayl\u0131kla dahil edebilece\u011finiz kullan\u0131\u015fl\u0131 tabletler halinde gelir. G\u00fcnde iki kez, tercihen yemeklerle birlikte bir tablet alman\u0131z yeterlidir.<\/p>\n<p><em>*T\u00fcm kaynaklardan g\u00fcnl\u00fck 400 mg kafein al\u0131m\u0131n\u0131n a\u015f\u0131lmamas\u0131 \u00f6nerilir (hamile veya emziren kad\u0131nlar i\u00e7in 200 mg). Tek doz 200 mg kafein a\u015f\u0131lmamal\u0131d\u0131r. (EFSA Dergisi 2015;13(5):4102. 2015)<\/em><\/p>\n","protected":false},"featured_media":987498205,"comment_status":"open","ping_status":"closed","template":"","meta":[],"product_brand":[],"product_cat":[536,547,100],"product_tag":[],"class_list":{"0":"post-987498158","1":"product","2":"type-product","3":"status-publish","4":"has-post-thumbnail","6":"product_cat-gida-takviyeleri","7":"product_cat-metabolizma","8":"product_cat-tum-urunler","10":"first","11":"instock","12":"sale","13":"taxable","14":"shipping-taxable","15":"purchasable","16":"product-type-simple"},"_links":{"self":[{"href":"https:\/\/sitenhazir.net\/flat\/wp-json\/wp\/v2\/product\/987498158","targetHints":{"allow":["GET"]}}],"collection":[{"href":"https:\/\/sitenhazir.net\/flat\/wp-json\/wp\/v2\/product"}],"about":[{"href":"https:\/\/sitenhazir.net\/flat\/wp-json\/wp\/v2\/types\/product"}],"replies":[{"embeddable":true,"href":"https:\/\/sitenhazir.net\/flat\/wp-json\/wp\/v2\/comments?post=987498158"}],"wp:featuredmedia":[{"embeddable":true,"href":"https:\/\/sitenhazir.net\/flat\/wp-json\/wp\/v2\/media\/987498205"}],"wp:attachment":[{"href":"https:\/\/sitenhazir.net\/flat\/wp-json\/wp\/v2\/media?parent=987498158"}],"wp:term":[{"taxonomy":"product_brand","embeddable":true,"href":"https:\/\/sitenhazir.net\/flat\/wp-json\/wp\/v2\/product_brand?post=987498158"},{"taxonomy":"product_cat","embeddable":true,"href":"https:\/\/sitenhazir.net\/flat\/wp-json\/wp\/v2\/product_cat?post=987498158"},{"taxonomy":"product_tag","embeddable":true,"href":"https:\/\/sitenhazir.net\/flat\/wp-json\/wp\/v2\/product_tag?post=987498158"}],"curies":[{"name":"wp","href":"https:\/\/api.w.org\/{rel}","templated":true}]}}