{"id":987498157,"date":"2026-02-18T19:19:04","date_gmt":"2026-02-18T19:19:04","guid":{"rendered":"https:\/\/sitenhazir.net\/flat\/?post_type=product&#038;p=987498157"},"modified":"2026-02-18T19:20:05","modified_gmt":"2026-02-18T19:20:05","slug":"liftoff-efervesan-icecek-limon-aromali","status":"publish","type":"product","link":"https:\/\/sitenhazir.net\/flat\/urun\/liftoff-efervesan-icecek-limon-aromali\/","title":{"rendered":"Liftoff Efervesan \u0130\u00e7ecek &#8211; Limon Aromal\u0131"},"content":{"rendered":"<p>LiftOff\u00ae:<\/p>\n<ul>\n<li>75 mg kafein sa\u011flar*<\/li>\n<li>Kafein tozu ve guaranadan elde edilen do\u011fal kafein i\u00e7erir<\/li>\n<li>B vitaminleri (B1, B2, B3, B6, B12, Pantotenik asit ve Biotin) ile form\u00fcle edilmi\u015ftir<\/li>\n<li>C Vitamini ile form\u00fcle edilmi\u015ftir<\/li>\n<li>Tablet ba\u015f\u0131na sadece 10 kilokalori i\u00e7erir<\/li>\n<li>Kolayl\u0131k sa\u011flamak i\u00e7in ayr\u0131 ayr\u0131 paketlenmi\u015ftir ve 10&#8217;luk bir kutuda gelir<\/li>\n<\/ul>\n<p><em>*T\u00fcm kaynaklardan g\u00fcnl\u00fck 400 mg kafein al\u0131m\u0131n\u0131n a\u015f\u0131lmamas\u0131 \u00f6nerilir (hamile veya emziren kad\u0131nlar i\u00e7in 200 mg). Tek bir doz 200 mg kafein a\u015f\u0131lmamal\u0131d\u0131r. (EFSA Dergisi 2015; 13(5):4102. 2015)<\/em><\/p>\n<p>&nbsp;<\/p>\n<p class=\"mb-4\"><span style=\"color: #ff0000\">\u0130\u00e7indekiler<\/span><\/p>\n<div class=\"mb-6 lg:mb-16\">\n<div class=\"lg:col-start-2 lg:col-span-10 col-span-12 ingredientWrapper rte text-semantics-text-regular\">\n<p>Asit (sitrik asit), asitlik d\u00fczenleyici (sodyum bikarbonat), maltodekstrin, taurin, L-askorbik asit, toz kafein, guarana tohumu tozu ekstresi (<em>Paullinia cupana<\/em>), tatland\u0131r\u0131c\u0131 (asesulfam K), aroma vericiler, inositol, aroma verici, nikotinamid, tatland\u0131r\u0131c\u0131 (s\u00fckraloz), hacim art\u0131r\u0131c\u0131 (sorbitol), kalsiyum D-pantotenat, aroma verici, riboflavin 5-fosfat sodyum, piridoksin hidroklor\u00fcr, tiamin mononitrat, D-biotin, siyanokobalamin.<\/p>\n<p>Domuz ya\u011f\u0131 ve domuzdan elde edilmi\u015f hi\u00e7bir \u00fcr\u00fcn i\u00e7ermez.<\/p>\n<p><a href=\"https:\/\/www.herbalsiparis.com.tr\/wp-content\/uploads\/2023\/10\/pn-3152-tr.png\" rel=\"noopener\"><img loading=\"lazy\" decoding=\"async\" class=\"alignnone size-full wp-image-9852\" src=\"https:\/\/www.herbalsiparis.com.tr\/wp-content\/uploads\/2023\/10\/pn-3152-tr.png\" alt=\"\" width=\"720\" height=\"900\" \/><\/a><\/p>\n<p><span style=\"color: #ff0000\">Kullan\u0131m<\/span><\/p>\n<\/div>\n<p>Bir tableti 250 ml suya b\u0131rak\u0131n ve \u00e7\u00f6z\u00fcnmesine izin verin. G\u00fcnde 1 porsiyonun tad\u0131n\u0131 \u00e7\u0131kar\u0131n. G\u00fcnl\u00fck \u00f6nerilen porsiyonu a\u015fmay\u0131n.*<\/p>\n<p>Bu \u00fcr\u00fcn dengeli ve \u00e7e\u015fitli g\u0131dalardan olu\u015fan bir beslenme d\u00fczeni ile sa\u011fl\u0131kl\u0131 ya\u015fam tarz\u0131n\u0131n bir par\u00e7as\u0131 olarak kullan\u0131lmal\u0131d\u0131r.<\/p>\n<p>Serin ve kuru bir yerde saklay\u0131n.<\/p>\n<p><em>*Tavsiye edilen g\u00fcnl\u00fck porsiyonu a\u015fmay\u0131n\u0131z. Takviye edici g\u0131dalar normal beslenmenin yerini alamaz. \u00c7ocuklar\u0131n eri\u015femeyece\u011fi yerlerde saklay\u0131n. Bu bir ila\u00e7 de\u011fil. Hastal\u0131klar\u0131n \u00f6nlenmesi veya tedavisi i\u00e7in kullan\u0131lamaz. Hamilelik ve emzirme d\u00f6neminde, hastal\u0131k veya ila\u00e7 kullan\u0131m\u0131 durumlar\u0131nda l\u00fctfen doktorunuza dan\u0131\u015f\u0131n\u0131z.<\/em><\/p>\n<\/div>\n","protected":false},"excerpt":{"rendered":"<p>LiftOff&#8217;un\u00ae ince k\u00f6p\u00fckl\u00fc ve ferahlat\u0131c\u0131 lezzetli tad\u0131n\u0131n tad\u0131n\u0131 \u00e7\u0131kar\u0131n.<\/p>\n<p>Porsiyon ba\u015f\u0131na sadece 10 kalori olan LiftOff\u00ae, kullan\u0131m\u0131 kolay bir tablette harika bir tat sunan d\u00fc\u015f\u00fck kalorili efervesan bir takviye edici g\u0131dad\u0131r. Ayr\u0131 cep boyutunda po\u015fetlere uygun \u015fekilde sar\u0131lan LiftOff\u00ae, C Vitamini ve B1, B2, B3, B6 ve B12 vitaminleri dahil olmak \u00fczere temel vitaminlerin bir kar\u0131\u015f\u0131m\u0131 ile form\u00fcle edilmi\u015ftir. Ek olarak, her bir tablet, guarana bitkisinden elde edilen do\u011fal kafein de dahil olmak \u00fczere 75 miligram kafein* sa\u011flar.<\/p>\n<p>Her LiftOff\u00ae tableti, ferahlat\u0131c\u0131 limon aromal\u0131 bir i\u00e7ece\u011fe d\u00f6n\u00fc\u015f\u00fcr. Bir tableti bir bardak suda eritin ve bu d\u00fc\u015f\u00fck kalorili takviye edici g\u0131dan\u0131n g\u00fcnl\u00fck porsiyonunun tad\u0131n\u0131 her zaman ve her yerde, deste\u011fe ihtiyac\u0131n\u0131z oldu\u011funda \u00e7\u0131kar\u0131n.*<\/p>\n<p><em>*T\u00fcm kaynaklardan g\u00fcnl\u00fck 400 mg kafein al\u0131m\u0131n\u0131n a\u015f\u0131lmamas\u0131 \u00f6nerilir (hamile veya emziren kad\u0131nlar i\u00e7in 200 mg). Tek bir doz 200 mg kafein a\u015f\u0131lmamal\u0131d\u0131r. (EFSA Dergisi 2015; 13(5):4102. 2015)<\/em><\/p>\n","protected":false},"featured_media":987498204,"comment_status":"open","ping_status":"closed","template":"","meta":[],"product_brand":[],"product_cat":[537,536,542,546,100],"product_tag":[],"class_list":{"0":"post-987498157","1":"product","2":"type-product","3":"status-publish","4":"has-post-thumbnail","6":"product_cat-bagisiklik-destegi","7":"product_cat-gida-takviyeleri","8":"product_cat-kafein-destegi","9":"product_cat-sporda-sivi-alimi","10":"product_cat-tum-urunler","12":"first","13":"instock","14":"sale","15":"taxable","16":"shipping-taxable","17":"purchasable","18":"product-type-simple"},"_links":{"self":[{"href":"https:\/\/sitenhazir.net\/flat\/wp-json\/wp\/v2\/product\/987498157","targetHints":{"allow":["GET"]}}],"collection":[{"href":"https:\/\/sitenhazir.net\/flat\/wp-json\/wp\/v2\/product"}],"about":[{"href":"https:\/\/sitenhazir.net\/flat\/wp-json\/wp\/v2\/types\/product"}],"replies":[{"embeddable":true,"href":"https:\/\/sitenhazir.net\/flat\/wp-json\/wp\/v2\/comments?post=987498157"}],"wp:featuredmedia":[{"embeddable":true,"href":"https:\/\/sitenhazir.net\/flat\/wp-json\/wp\/v2\/media\/987498204"}],"wp:attachment":[{"href":"https:\/\/sitenhazir.net\/flat\/wp-json\/wp\/v2\/media?parent=987498157"}],"wp:term":[{"taxonomy":"product_brand","embeddable":true,"href":"https:\/\/sitenhazir.net\/flat\/wp-json\/wp\/v2\/product_brand?post=987498157"},{"taxonomy":"product_cat","embeddable":true,"href":"https:\/\/sitenhazir.net\/flat\/wp-json\/wp\/v2\/product_cat?post=987498157"},{"taxonomy":"product_tag","embeddable":true,"href":"https:\/\/sitenhazir.net\/flat\/wp-json\/wp\/v2\/product_tag?post=987498157"}],"curies":[{"name":"wp","href":"https:\/\/api.w.org\/{rel}","templated":true}]}}