{"id":987498156,"date":"2026-02-18T19:19:04","date_gmt":"2026-02-18T19:19:04","guid":{"rendered":"https:\/\/sitenhazir.net\/flat\/?post_type=product&#038;p=987498156"},"modified":"2026-02-18T19:19:57","modified_gmt":"2026-02-18T19:19:57","slug":"herbalife-pro-boost-yuksek-proteinli-icecek-tozu","status":"publish","type":"product","link":"https:\/\/sitenhazir.net\/flat\/urun\/herbalife-pro-boost-yuksek-proteinli-icecek-tozu\/","title":{"rendered":"Herbalife Pro-Boost Y\u00fcksek Proteinli \u0130\u00e7ecek Tozu"},"content":{"rendered":"<p>Form\u00fcl 3 Pro-Boost y\u00fcksek proteinli aromal\u0131 i\u00e7ecek tozu:<\/p>\n<ul>\n<li>Servis ba\u015f\u0131na 5 g bezelye ve peynir alt\u0131 suyu proteini kar\u0131\u015f\u0131m\u0131 sa\u011flar<\/li>\n<li>Porsiyon ba\u015f\u0131na 24 kaloriye sahiptir<\/li>\n<li>N\u00f6tr aromas\u0131 sayesinde \u00e7ok y\u00f6nl\u00fcd\u00fcr<\/li>\n<li>Kolay bir protein takviyesi sa\u011flar<\/li>\n<li>40 porsiyon i\u00e7erir<\/li>\n<\/ul>\n<p class=\"mb-4\">\u0130\u00e7indekiler<\/p>\n<div class=\"mb-6 lg:mb-16\">\n<div class=\"lg:col-start-2 lg:col-span-10 col-span-12 ingredientWrapper rte text-semantics-text-regular\">\n<p>Bezelye proteini (% 75,4),\u00a0<strong>peynir alt\u0131 suyu protein konsantresi<\/strong>\u00a0(% 22,1) ve aroma vericiler.<\/p>\n<p>Domuz ya\u011f\u0131 ve domuzdan elde edilmi\u015f hi\u00e7bir \u00fcr\u00fcn i\u00e7ermez.<\/p>\n<\/div>\n<\/div>\n<p class=\"mb-4\">Alerjen bilgisi<\/p>\n<div class=\"mb-6 lg:mb-16\">\n<div class=\"lg:col-start-2 lg:col-span-10 col-span-12 ingredientWrapper rte text-semantics-text-regular\">\u200b\u200bKONSANTRES\u0130 PEYN\u0130R ALTI SUYU PROTE\u0130N KONSANTRES\u0130\u200b.<\/div>\n<\/div>\n<div><\/div>\n<div><a href=\"https:\/\/www.herbalsiparis.com.tr\/wp-content\/uploads\/2023\/10\/pn-068k-tr.png\" rel=\"noopener\"><img loading=\"lazy\" decoding=\"async\" class=\"alignnone size-full wp-image-9849\" src=\"https:\/\/www.herbalsiparis.com.tr\/wp-content\/uploads\/2023\/10\/pn-068k-tr.png\" alt=\"\" width=\"1318\" height=\"864\" \/><\/a><\/div>\n<div>Kullan\u0131m\u0131<\/div>\n<div><\/div>\n<div>\n<p>1 yemek ka\u015f\u0131\u011f\u0131 (6,7 g) \u00fcr\u00fcn 5 g protein i\u00e7erir. Y\u00fcksek proteinli bir i\u00e7ecek haz\u0131rlamak i\u00e7in 1 yemek ka\u015f\u0131\u011f\u0131 (6,7 g) \u00fcr\u00fcn\u00fc 250 ml su ile kar\u0131\u015ft\u0131r\u0131n, tercihinize g\u00f6re meyve suyu veya s\u00fct gibi i\u00e7eceklerinize de ekleyerek t\u00fcketebilirsiniz.<\/p>\n<p>Bu \u00fcr\u00fcn dengeli ve \u00e7e\u015fitli g\u0131dalardan olu\u015fan bir beslenme d\u00fczeni ile sa\u011fl\u0131kl\u0131 ya\u015fam tarz\u0131n\u0131n bir par\u00e7as\u0131 olarak kullan\u0131lmal\u0131d\u0131r.<\/p>\n<p>Kapa\u011f\u0131 kapal\u0131 olarak serin ve kuru bir yerde saklay\u0131n.<\/p>\n<\/div>\n<div><\/div>\n","protected":false},"excerpt":{"rendered":"<p>Bu \u00e7ok y\u00f6nl\u00fc protein kar\u0131\u015f\u0131m\u0131, beslenmenizi tamamlamak ve g\u00fcnl\u00fck protein ihtiyac\u0131n\u0131z\u0131 kar\u015f\u0131laman\u0131za yard\u0131mc\u0131 olmak i\u00e7in form\u00fcle edilmi\u015ftir.<\/p>\n<p>Form\u00fcl 3 Pro-Boost, kas k\u00fctlesinin korunmas\u0131na ve b\u00fcy\u00fcmesine katk\u0131da bulunan peynir alt\u0131 suyu proteini ve y\u00fcksek kaliteli bezelye proteini kar\u0131\u015f\u0131m\u0131ndan yap\u0131lm\u0131\u015ft\u0131r.<\/p>\n<p>Pro-Boost g\u00fcnl\u00fck protein al\u0131m\u0131n\u0131z\u0131 kontrol alt\u0131na alman\u0131za yard\u0131mc\u0131 olur. N\u00f6tr tad\u0131 ile bu toz, ekstra proteine ihtiya\u00e7 duydu\u011funuzda i\u00e7eceklere ve yemeklere kolayca kar\u0131\u015f\u0131r. G\u00fcnl\u00fck shakelerinize, smoothielerinize, \u00e7orbalar\u0131n\u0131za ve soslar\u0131n\u0131za ekleyin ve protein al\u0131m\u0131n\u0131z\u0131 tek bir kolay ad\u0131mda art\u0131r\u0131n.<\/p>\n","protected":false},"featured_media":987498196,"comment_status":"open","ping_status":"closed","template":"","meta":[],"product_brand":[],"product_cat":[541,533,545,100],"product_tag":[],"class_list":{"0":"post-987498156","1":"product","2":"type-product","3":"status-publish","4":"has-post-thumbnail","6":"product_cat-icecekler-ve-caylar","7":"product_cat-kilo-kontrolu-ve-setler","8":"product_cat-protein-destegi-icecekler","9":"product_cat-tum-urunler","11":"first","12":"instock","13":"sale","14":"taxable","15":"shipping-taxable","16":"purchasable","17":"product-type-simple"},"_links":{"self":[{"href":"https:\/\/sitenhazir.net\/flat\/wp-json\/wp\/v2\/product\/987498156","targetHints":{"allow":["GET"]}}],"collection":[{"href":"https:\/\/sitenhazir.net\/flat\/wp-json\/wp\/v2\/product"}],"about":[{"href":"https:\/\/sitenhazir.net\/flat\/wp-json\/wp\/v2\/types\/product"}],"replies":[{"embeddable":true,"href":"https:\/\/sitenhazir.net\/flat\/wp-json\/wp\/v2\/comments?post=987498156"}],"wp:featuredmedia":[{"embeddable":true,"href":"https:\/\/sitenhazir.net\/flat\/wp-json\/wp\/v2\/media\/987498196"}],"wp:attachment":[{"href":"https:\/\/sitenhazir.net\/flat\/wp-json\/wp\/v2\/media?parent=987498156"}],"wp:term":[{"taxonomy":"product_brand","embeddable":true,"href":"https:\/\/sitenhazir.net\/flat\/wp-json\/wp\/v2\/product_brand?post=987498156"},{"taxonomy":"product_cat","embeddable":true,"href":"https:\/\/sitenhazir.net\/flat\/wp-json\/wp\/v2\/product_cat?post=987498156"},{"taxonomy":"product_tag","embeddable":true,"href":"https:\/\/sitenhazir.net\/flat\/wp-json\/wp\/v2\/product_tag?post=987498156"}],"curies":[{"name":"wp","href":"https:\/\/api.w.org\/{rel}","templated":true}]}}