{"id":987498155,"date":"2026-02-18T19:19:04","date_gmt":"2026-02-18T19:19:04","guid":{"rendered":"https:\/\/sitenhazir.net\/flat\/?post_type=product&#038;p=987498155"},"modified":"2026-02-18T19:19:55","modified_gmt":"2026-02-18T19:19:55","slug":"tri-blend-select-yuksek-proteinli-muz-aromali-icecek-tozu","status":"publish","type":"product","link":"https:\/\/sitenhazir.net\/flat\/urun\/tri-blend-select-yuksek-proteinli-muz-aromali-icecek-tozu\/","title":{"rendered":"Tri Blend Select Y\u00fcksek Proteinli Muz Aromal\u0131 \u0130\u00e7ecek Tozu"},"content":{"rendered":"<p>Tri Blend Select Y\u00fcksek Proteinli Muz Aromal\u0131 \u0130\u00e7ecek Tozu:<\/p>\n<ul>\n<li>Porsiyon ba\u015f\u0131na 20 g bitki bazl\u0131 protein sa\u011flar<\/li>\n<li>Porsiyon ba\u015f\u0131na 6 g lif sa\u011flar<\/li>\n<li>Porsiyon ba\u015f\u0131na 151 kilokaloriye sahiptir<\/li>\n<li>Eksiksiz bir vegan amino asit profili sunar*<\/li>\n<li>C Vitamini ve se\u00e7ilmi\u015f mineraller i\u00e7erir<\/li>\n<li>\u015eeker oran\u0131 d\u00fc\u015f\u00fckt\u00fcr<\/li>\n<li>Rengi yok<\/li>\n<li>Veganlar ve vejetaryenler i\u00e7in uygundur<\/li>\n<li>15 porsiyon i\u00e7erir<\/li>\n<\/ul>\n<p><em>*Pirin\u00e7 proteini ilavesi tam bir protein sa\u011flar.<\/em><\/p>\n<p class=\"mb-4\"><span style=\"color: #ff0000\">\u0130\u00e7indekiler<\/span><\/p>\n<div class=\"mb-6 lg:mb-16\">\n<div class=\"lg:col-start-2 lg:col-span-10 col-span-12 ingredientWrapper rte text-semantics-text-regular\">\n<p>Tri Blend Protein\u2122 kar\u0131\u015f\u0131m\u0131 (% 65,5) (bezelye proteini izolat\u0131 (% 50), keten tohumu tozu (% 10,5), kinoa tozu (% 5)), hindistan cevizi \u015fekeri, inulin, pirin\u00e7 proteini izolat\u0131 (% 6,7), glutensiz\u00a0<strong>yulaf\u00a0<\/strong>lifi, do\u011fal aroma vericiler (% 4,18), aserola kiraz\u0131 ekstrakt\u0131 (<em>Malpighia punicifolia<\/em>\u00a0L.), tatland\u0131r\u0131c\u0131 (steviol glikozitler), pirin\u00e7 lifi.<\/p>\n<p>Domuz ya\u011f\u0131 ve domuzdan elde edilmi\u015f hi\u00e7bir \u00fcr\u00fcn i\u00e7ermez.<\/p>\n<\/div>\n<\/div>\n<p class=\"mb-4\">Alerjen bilgisi<\/p>\n<div class=\"mb-6 lg:mb-16\">\n<div class=\"lg:col-start-2 lg:col-span-10 col-span-12 ingredientWrapper rte text-semantics-text-regular\">\u200b\u200bYULAF \u0130\u00c7ER\u0130R\u200b.<\/div>\n<\/div>\n<div><a href=\"https:\/\/www.herbalsiparis.com.tr\/wp-content\/uploads\/2023\/10\/pn-013k-tr.png\" rel=\"noopener\"><img loading=\"lazy\" decoding=\"async\" class=\"alignnone size-full wp-image-9847\" src=\"https:\/\/www.herbalsiparis.com.tr\/wp-content\/uploads\/2023\/10\/pn-013k-tr.png\" alt=\"\" width=\"720\" height=\"620\" \/><\/a><\/div>\n<div><span style=\"color: #ff0000\">Kullan\u0131m\u0131<\/span><\/div>\n<div><\/div>\n<div>G\u00fcn\u00fcn her saatinde Tri Blend Select Y\u00fcksek Proteinli Muz Aromal\u0131 \u0130\u00e7ecek Tozu&#8217;nun tad\u0131n\u0131 \u00e7\u0131kar\u0131n.<\/p>\n<p>Topaklanma olmas\u0131n\u0131 engellemek i\u00e7in her kullan\u0131m \u00f6ncesi kutuyu yava\u015f\u00e7a sallay\u0131n\u0131z. 3 \u00f6l\u00e7ek (40 g) tozu 250 ml su, en sevdi\u011finiz alternatif i\u00e7ecek veya hatta meyve suyu ile kar\u0131\u015ft\u0131r\u0131n. \u0130stedi\u011finiz k\u0131vam i\u00e7in s\u0131v\u0131 miktar\u0131n\u0131 ayarlay\u0131n. Meyve suyu veya ba\u015fka bir i\u00e7ecekle kar\u0131\u015ft\u0131r\u0131l\u0131rsa veya s\u0131v\u0131 miktar\u0131 ayarlan\u0131rsa, besin de\u011ferleri farkl\u0131l\u0131k g\u00f6sterecektir.<\/p>\n<p>Bu \u00fcr\u00fcn dengeli ve \u00e7e\u015fitli g\u0131dalardan olu\u015fan bir beslenme d\u00fczeni ile sa\u011fl\u0131kl\u0131 ya\u015fam tarz\u0131n\u0131n bir par\u00e7as\u0131 olarak kullan\u0131lmal\u0131d\u0131r.<\/p>\n<p>Serin ve kuru bir yerde a\u011fz\u0131 kapal\u0131 olarak saklay\u0131n.<\/p><\/div>\n","protected":false},"excerpt":{"rendered":"<p>V\u00fccudunuzu bitkilerle g\u00fc\u00e7lendirilmi\u015f iyiliklerle besleyin.<\/p>\n<p>Tri Blend Select, \u00f6zenle se\u00e7ilmi\u015f bitki bazl\u0131 i\u00e7eriklerle haz\u0131rlanm\u0131\u015f besleyici bir shake&#8217;tir. Bezelye proteini, pirin\u00e7 proteini, kinoa ve keten tohumu kar\u0131\u015f\u0131m\u0131yla Tri Blend Select % 100 tavizsizdir ve her porsiyonu 20 gram vegan protein sa\u011flar.<\/p>\n<p>Eksiksiz bir amino asit profiline ek olarak, Tri Blend Select&#8217;in her bir porsiyonu ayr\u0131ca 6 gram lif, C Vitamini ve se\u00e7ilmi\u015f mineraller sa\u011flar. Bu bitki bazl\u0131 protein kar\u0131\u015f\u0131m\u0131n\u0131n \u015feker oran\u0131 d\u00fc\u015f\u00fckt\u00fcr ve renklendirici i\u00e7ermez.<\/p>\n<p>Vejetaryen veya vegan ya\u015fam tarz\u0131 i\u00e7in m\u00fckemmel olan Tri Blend Select, geli\u015fen beslenme ihtiya\u00e7lar\u0131n\u0131z\u0131 kar\u015f\u0131laman\u0131za yard\u0131mc\u0131 olmak i\u00e7in tasarlanm\u0131\u015ft\u0131r.<\/p>\n","protected":false},"featured_media":987498195,"comment_status":"open","ping_status":"closed","template":"","meta":[],"product_brand":[],"product_cat":[533,100],"product_tag":[],"class_list":{"0":"post-987498155","1":"product","2":"type-product","3":"status-publish","4":"has-post-thumbnail","6":"product_cat-kilo-kontrolu-ve-setler","7":"product_cat-tum-urunler","9":"first","10":"outofstock","11":"sale","12":"taxable","13":"shipping-taxable","14":"purchasable","15":"product-type-simple"},"_links":{"self":[{"href":"https:\/\/sitenhazir.net\/flat\/wp-json\/wp\/v2\/product\/987498155","targetHints":{"allow":["GET"]}}],"collection":[{"href":"https:\/\/sitenhazir.net\/flat\/wp-json\/wp\/v2\/product"}],"about":[{"href":"https:\/\/sitenhazir.net\/flat\/wp-json\/wp\/v2\/types\/product"}],"replies":[{"embeddable":true,"href":"https:\/\/sitenhazir.net\/flat\/wp-json\/wp\/v2\/comments?post=987498155"}],"wp:featuredmedia":[{"embeddable":true,"href":"https:\/\/sitenhazir.net\/flat\/wp-json\/wp\/v2\/media\/987498195"}],"wp:attachment":[{"href":"https:\/\/sitenhazir.net\/flat\/wp-json\/wp\/v2\/media?parent=987498155"}],"wp:term":[{"taxonomy":"product_brand","embeddable":true,"href":"https:\/\/sitenhazir.net\/flat\/wp-json\/wp\/v2\/product_brand?post=987498155"},{"taxonomy":"product_cat","embeddable":true,"href":"https:\/\/sitenhazir.net\/flat\/wp-json\/wp\/v2\/product_cat?post=987498155"},{"taxonomy":"product_tag","embeddable":true,"href":"https:\/\/sitenhazir.net\/flat\/wp-json\/wp\/v2\/product_tag?post=987498155"}],"curies":[{"name":"wp","href":"https:\/\/api.w.org\/{rel}","templated":true}]}}