{"id":987498154,"date":"2026-02-18T19:19:04","date_gmt":"2026-02-18T19:19:04","guid":{"rendered":"https:\/\/sitenhazir.net\/flat\/?post_type=product&#038;p=987498154"},"modified":"2026-02-18T19:19:52","modified_gmt":"2026-02-18T19:19:52","slug":"heartwell-yulaf-aromali-icecek-tozu","status":"publish","type":"product","link":"https:\/\/sitenhazir.net\/flat\/urun\/heartwell-yulaf-aromali-icecek-tozu\/","title":{"rendered":"Heartwell Yulaf Aromal\u0131 \u0130\u00e7ecek Tozu"},"content":{"rendered":"<p>Heartwell\u2122 :<\/p>\n<ul>\n<li>\u00d6l\u00e7\u00fc ka\u015f\u0131\u011f\u0131 ba\u015f\u0131na 1,5 g yulaf beta-glukan\u0131 sa\u011flar<\/li>\n<li>\u00d6l\u00e7\u00fc ka\u015f\u0131\u011f\u0131 ba\u015f\u0131na 3 g lif sa\u011flar<\/li>\n<li>\u00d6l\u00e7\u00fc ka\u015f\u0131\u011f\u0131 ba\u015f\u0131na 25 kalori i\u00e7erir<\/li>\n<li>Protein kayna\u011f\u0131d\u0131r<\/li>\n<li>\u015eeker i\u00e7ermez<\/li>\n<li>Vejetaryenler i\u00e7in uygundur<\/li>\n<li>30 porsiyon i\u00e7erir<\/li>\n<\/ul>\n<p class=\"mb-4\"><span style=\"color: #ff0000\">\u0130\u00e7indekiler<\/span><\/p>\n<div class=\"mb-6 lg:mb-16\">\n<div class=\"lg:col-start-2 lg:col-span-10 col-span-12 ingredientWrapper rte text-semantics-text-regular\">\n<p><strong>Yulaf kepe\u011fi tozu<\/strong>\u00a0(% 89), bitkisel krema tozu (ay\u00e7i\u00e7ek ya\u011f\u0131, maltodekstrin,<strong>\u00a0sodyum kazeinat<\/strong>\u00a0(<strong>s\u00fct<\/strong>)), aroma verici.<\/p>\n<\/div>\n<\/div>\n<p class=\"mb-4\">Alerjen bilgisi<\/p>\n<div class=\"mb-6 lg:mb-16\">\n<div class=\"lg:col-start-2 lg:col-span-10 col-span-12 ingredientWrapper rte text-semantics-text-regular\">YULAF VE S\u00dcT \u0130\u00c7ER\u0130R.<\/div>\n<\/div>\n<div><a href=\"https:\/\/www.herbalsiparis.com.tr\/wp-content\/uploads\/2023\/10\/pn-0267-tr.png\" rel=\"noopener\"><img loading=\"lazy\" decoding=\"async\" class=\"alignnone size-full wp-image-9844\" src=\"https:\/\/www.herbalsiparis.com.tr\/wp-content\/uploads\/2023\/10\/pn-0267-tr.png\" alt=\"\" width=\"720\" height=\"498\" \/><\/a><\/div>\n<div><span style=\"color: #ff0000\">Kullan\u0131m\u0131<\/span><\/div>\n<div><\/div>\n<div>Her kullan\u0131mdan \u00f6nce kutuyu hafif\u00e7e \u00e7alkalay\u0131n. G\u00fcnde bir kez 1 veya 2 \u00f6l\u00e7ek Heratwell\u2122 \u2018i su veya meyve suyu ile kar\u0131\u015ft\u0131rman\u0131z yeterlidir.<\/p>\n<p>Bu \u00fcr\u00fcn dengeli ve \u00e7e\u015fitli g\u0131dalardan olu\u015fan bir beslenme d\u00fczeni ile sa\u011fl\u0131kl\u0131 ya\u015fam tarz\u0131n\u0131n bir par\u00e7as\u0131 olarak kullan\u0131lmal\u0131d\u0131r.<\/p>\n<p>Serin ve kuru bir yerde kapa\u011f\u0131 kapal\u0131 olarak saklay\u0131n.<\/p><\/div>\n","protected":false},"excerpt":{"rendered":"<p>G\u00fcnl\u00fck beslenmenizi a\u015fa\u011f\u0131dakilerle geli\u015ftirin Heartwell\u2122 lif oran\u0131 y\u00fcksek ve protein kayna\u011f\u0131 olan besleyici bir kar\u0131\u015f\u0131md\u0131r.<\/p>\n<p>Bu \u015fekersiz, vanilya aromal\u0131 tozun iki \u00f6l\u00e7\u00fc ka\u015f\u0131\u011f\u0131, 3 gram\u0131 tescilli OatWell\u00ae yulaf beta-glukan i\u00e7eri\u011finden gelen beta-glukanlar olmak \u00fczere 6 gram lif sa\u011flar. \u00c7\u00f6z\u00fcn\u00fcr bir diyet lifi olan yulaf beta-glukan\u0131 kan kolesterol\u00fcn\u00fc d\u00fc\u015f\u00fcrd\u00fc\u011f\u00fc g\u00f6zlemlenmi\u015ftir. Y\u00fcksek kolesterol koroner kalp hastal\u0131\u011f\u0131n\u0131n geli\u015fiminde bir risk fakt\u00f6r\u00fcd\u00fcr.* Beta-glukanlar normal kan kolesterol seviyelerinin korunmas\u0131na katk\u0131da bulunur.**<\/p>\n<p>Heartwell\u2122 protein, lif ve yulaf beta-glukanlar\u0131n\u0131 beslenmenize dahil etmenin uygun bir yoludur. \u0130ster suyunuza, ister shake&#8217;inize veya meyve suyunuza ekleyin, p\u00fcr\u00fczs\u00fcz dokusu ve hafif vanilya aromas\u0131yla bu \u00e7ok g\u00f6revli toz i\u00e7ecek g\u00fcnl\u00fck rutininize zahmetsizce uyum sa\u011flayabilir.<\/p>\n<p><em>*G\u00fcnde 3 g yulaf beta-glukan\u0131 al\u0131nd\u0131\u011f\u0131nda faydal\u0131 etki elde edilir.<br \/>\n**Faydal\u0131 etkiyi g\u00f6rebilmek i\u00e7in yulaf, yulaf kepe\u011fi, arpa, arpa kepe\u011fi veya bunlar\u0131n kar\u0131\u015f\u0131mlar\u0131ndan elde edilen beta-glukan t\u00fcketimi g\u00fcnde en az 3 g olmal\u0131d\u0131r.<\/em><\/p>\n","protected":false},"featured_media":987498194,"comment_status":"open","ping_status":"closed","template":"","meta":[],"product_brand":[],"product_cat":[541,533,544,100],"product_tag":[],"class_list":{"0":"post-987498154","1":"product","2":"type-product","3":"status-publish","4":"has-post-thumbnail","6":"product_cat-icecekler-ve-caylar","7":"product_cat-kilo-kontrolu-ve-setler","8":"product_cat-lif-takviyesi","9":"product_cat-tum-urunler","11":"first","12":"instock","13":"sale","14":"taxable","15":"shipping-taxable","16":"purchasable","17":"product-type-simple"},"_links":{"self":[{"href":"https:\/\/sitenhazir.net\/flat\/wp-json\/wp\/v2\/product\/987498154","targetHints":{"allow":["GET"]}}],"collection":[{"href":"https:\/\/sitenhazir.net\/flat\/wp-json\/wp\/v2\/product"}],"about":[{"href":"https:\/\/sitenhazir.net\/flat\/wp-json\/wp\/v2\/types\/product"}],"replies":[{"embeddable":true,"href":"https:\/\/sitenhazir.net\/flat\/wp-json\/wp\/v2\/comments?post=987498154"}],"wp:featuredmedia":[{"embeddable":true,"href":"https:\/\/sitenhazir.net\/flat\/wp-json\/wp\/v2\/media\/987498194"}],"wp:attachment":[{"href":"https:\/\/sitenhazir.net\/flat\/wp-json\/wp\/v2\/media?parent=987498154"}],"wp:term":[{"taxonomy":"product_brand","embeddable":true,"href":"https:\/\/sitenhazir.net\/flat\/wp-json\/wp\/v2\/product_brand?post=987498154"},{"taxonomy":"product_cat","embeddable":true,"href":"https:\/\/sitenhazir.net\/flat\/wp-json\/wp\/v2\/product_cat?post=987498154"},{"taxonomy":"product_tag","embeddable":true,"href":"https:\/\/sitenhazir.net\/flat\/wp-json\/wp\/v2\/product_tag?post=987498154"}],"curies":[{"name":"wp","href":"https:\/\/api.w.org\/{rel}","templated":true}]}}