{"id":987498148,"date":"2026-02-18T19:19:03","date_gmt":"2026-02-18T19:19:03","guid":{"rendered":"https:\/\/sitenhazir.net\/flat\/?post_type=product&#038;p=987498148"},"modified":"2026-02-18T19:19:27","modified_gmt":"2026-02-18T19:19:27","slug":"herbalife-bitkisel-konsantre-cay-51gr-limon-aromali","status":"publish","type":"product","link":"https:\/\/sitenhazir.net\/flat\/urun\/herbalife-bitkisel-konsantre-cay-51gr-limon-aromali\/","title":{"rendered":"Herbalife Bitkisel Konsantre \u00c7ay 51gr &#8211; Limon Aromal\u0131"},"content":{"rendered":"<p>\u00c7ay ve Bitki Ekstreli Aromal\u0131 \u0130\u00e7ecek Tozu:<\/p>\n<ul>\n<li>D\u00fc\u015f\u00fck kalorilidir \u2013 porsiyon ba\u015f\u0131na 6 kalori<\/li>\n<li>Vejetaryenler ve veganlar i\u00e7in uygundur<\/li>\n<li>Gluten i\u00e7ermez<\/li>\n<li>30 porsiyon i\u00e7erir<\/li>\n<\/ul>\n<p class=\"mb-4\"><span style=\"color: #ff0000\">\u0130\u00e7indekiler<\/span><\/p>\n<div class=\"mb-6 lg:mb-16\">\n<div class=\"lg:col-start-2 lg:col-span-10 col-span-12 ingredientWrapper rte text-semantics-text-regular\">\n<p>Maltodekstrin, siyah \u00e7ay yapra\u011f\u0131 ekstresi (<em>Camellia sinensis<\/em>, % 14,7), fruktoz, do\u011fal limon aroma vericisi (% 7,6), ye\u015fil \u00e7ay yapra\u011f\u0131 ekstresi (<em>Camellia sinensis<\/em>, % 7), tatland\u0131r\u0131c\u0131 (ases\u00fclfam-K), aroma art\u0131r\u0131c\u0131 (sitrik asit), kakule meyvesi ekstresi (<em>Elettaria cardamomum<\/em>, % 0,4), toz bamya \u00e7i\u00e7e\u011fi (<em>Hibiscus sabdariffa<\/em>, % 0,1), ebeg\u00fcmeci \u00e7i\u00e7e\u011fi ekstresi (Malva sylvestris, % 0,1).<\/p>\n<p>Domuz ya\u011f\u0131 ve domuzdan elde edilmi\u015f hi\u00e7bir \u00fcr\u00fcn i\u00e7ermez.<\/p>\n<p><a href=\"https:\/\/www.herbalsiparis.com.tr\/wp-content\/uploads\/2023\/10\/pn-0255-tr.png\" rel=\"noopener\"><img loading=\"lazy\" decoding=\"async\" class=\"alignnone size-full wp-image-9861\" src=\"https:\/\/www.herbalsiparis.com.tr\/wp-content\/uploads\/2023\/10\/pn-0255-tr.png\" alt=\"\" width=\"720\" height=\"511\" \/><\/a><\/p>\n<p><span style=\"color: #ff0000\">Kullan\u0131m\u0131<\/span><\/p>\n<\/div>\n<p>Her kullan\u0131mdan \u00f6nce kutuyu hafif\u00e7e \u00e7alkalay\u0131n. \u00c7ay ve Bitki Ekstreli Aromal\u0131 \u0130\u00e7ecek Tozu\u2019nu \u00bd \u00e7ay ka\u015f\u0131\u011f\u0131 (1,7 g) 350 ml s\u0131cak veya so\u011fuk su ile kar\u0131\u015ft\u0131r\u0131n. Bu \u00fcr\u00fcn dengeli ve \u00e7e\u015fitli g\u0131dalardan olu\u015fan bir beslenme d\u00fczeni ile sa\u011fl\u0131kl\u0131 ya\u015fam tarz\u0131n\u0131n bir par\u00e7as\u0131 olarak kullan\u0131lmal\u0131d\u0131r.<\/p>\n<p>Serin ve kuru bir yerde kapa\u011f\u0131 kapal\u0131 olarak saklay\u0131n.<\/p>\n<\/div>\n","protected":false},"excerpt":{"rendered":"<p>\u00c7ay ve Bitki Ekstreli Aromal\u0131 \u0130\u00e7ecek Tozu, geleneksel siyah \u00e7ay yapra\u011f\u0131 \u00f6z\u00fc, ye\u015fil \u00e7ay \u00f6z\u00fc, Hibiskus \u00e7i\u00e7e\u011fi tozu ve Kakule meyvesi \u00f6z\u00fcn\u00fcn e\u015fsiz bir kar\u0131\u015f\u0131m\u0131 ile form\u00fcle edilmi\u015ftir. Ye\u015fil \u00e7ay, geleneksel olarak demlenmi\u015f ye\u015fil \u00e7aylardan bekleyece\u011finiz\u00a0bile\u015fenlerin ayn\u0131 spektrumunu vermek i\u00e7in su ile ekstrakte edilir.<\/p>\n<p>Bu, sabah\u0131n\u0131z\u0131 ba\u015flatmak ya da \u00f6\u011fleden sonra canland\u0131r\u0131c\u0131 olarak tad\u0131n\u0131 \u00e7\u0131karmak i\u00e7in m\u00fckemmel bir bitkisel i\u00e7ecektir. Yudumlay\u0131n ve ayn\u0131 zamanda d\u00fc\u015f\u00fck kalorili, ferahlat\u0131c\u0131 bir bitkisel i\u00e7ece\u011fin enfes tad\u0131n\u0131 \u00e7\u0131kar\u0131n.<\/p>\n<p>\u00c7ay ve Bitki Ekstreli Aromal\u0131 \u0130\u00e7ecek Tozu \u00e7e\u015fitli aromalarda gelir ve s\u0131cak veya so\u011fuk olarak t\u00fcketilebilir. Bu i\u00e7ece\u011fi haz\u0131rlamak saniyeler s\u00fcrer, b\u00f6ylece hareket halindeyken veya evinizin rahatl\u0131\u011f\u0131nda tad\u0131n\u0131 \u00e7\u0131karabilirsiniz. En sevdi\u011finiz meyveler veya narenciye ile demleyin ve\u00a0\u00c7ay ve Bitki Ekstreli Aromal\u0131 \u0130\u00e7ecek Tozu\u2019nun ger\u00e7ek \u00e7ok y\u00f6nl\u00fcl\u00fc\u011f\u00fcn\u00fc ke\u015ffedin.<\/p>\n","protected":false},"featured_media":987498178,"comment_status":"open","ping_status":"closed","template":"","meta":[],"product_brand":[],"product_cat":[541,542,533,543,100],"product_tag":[],"class_list":{"0":"post-987498148","1":"product","2":"type-product","3":"status-publish","4":"has-post-thumbnail","6":"product_cat-icecekler-ve-caylar","7":"product_cat-kafein-destegi","8":"product_cat-kilo-kontrolu-ve-setler","9":"product_cat-sivi-alimi","10":"product_cat-tum-urunler","12":"first","13":"instock","14":"sale","15":"taxable","16":"shipping-taxable","17":"purchasable","18":"product-type-simple"},"_links":{"self":[{"href":"https:\/\/sitenhazir.net\/flat\/wp-json\/wp\/v2\/product\/987498148","targetHints":{"allow":["GET"]}}],"collection":[{"href":"https:\/\/sitenhazir.net\/flat\/wp-json\/wp\/v2\/product"}],"about":[{"href":"https:\/\/sitenhazir.net\/flat\/wp-json\/wp\/v2\/types\/product"}],"replies":[{"embeddable":true,"href":"https:\/\/sitenhazir.net\/flat\/wp-json\/wp\/v2\/comments?post=987498148"}],"wp:featuredmedia":[{"embeddable":true,"href":"https:\/\/sitenhazir.net\/flat\/wp-json\/wp\/v2\/media\/987498178"}],"wp:attachment":[{"href":"https:\/\/sitenhazir.net\/flat\/wp-json\/wp\/v2\/media?parent=987498148"}],"wp:term":[{"taxonomy":"product_brand","embeddable":true,"href":"https:\/\/sitenhazir.net\/flat\/wp-json\/wp\/v2\/product_brand?post=987498148"},{"taxonomy":"product_cat","embeddable":true,"href":"https:\/\/sitenhazir.net\/flat\/wp-json\/wp\/v2\/product_cat?post=987498148"},{"taxonomy":"product_tag","embeddable":true,"href":"https:\/\/sitenhazir.net\/flat\/wp-json\/wp\/v2\/product_tag?post=987498148"}],"curies":[{"name":"wp","href":"https:\/\/api.w.org\/{rel}","templated":true}]}}