{"id":987498147,"date":"2026-02-18T19:19:02","date_gmt":"2026-02-18T19:19:02","guid":{"rendered":"https:\/\/sitenhazir.net\/flat\/?post_type=product&#038;p=987498147"},"modified":"2026-02-18T19:19:25","modified_gmt":"2026-02-18T19:19:25","slug":"herbalife-cay-bitkisel-konsantre-100gr","status":"publish","type":"product","link":"https:\/\/sitenhazir.net\/flat\/urun\/herbalife-cay-bitkisel-konsantre-100gr\/","title":{"rendered":"Herbalife \u00c7ay Bitkisel Konsantre 100gr"},"content":{"rendered":"<h3>Herbalife \u00c7ay \u00d6zellikleri<\/h3>\n<ul>\n<li>Kalorisi d\u00fc\u015f\u00fckt\u00fcr \u2013 porsiyon ba\u015f\u0131na 6 kalori<\/li>\n<li>Vejetaryenler ve veganlar i\u00e7in uygundur<\/li>\n<li>Glutensizdir<\/li>\n<li>60 porsiyon i\u00e7erir<\/li>\n<\/ul>\n<div class=\"col-span-12 lg:col-span-4\">\n<div class=\"ingredientWrapperModified col-span-12\">\n<h3 class=\"mb-4\"><span style=\"color: #ff0000\">\u0130\u00e7indekiler<\/span><\/h3>\n<div class=\"mb-6 lg:mb-16\">\n<div class=\"lg:col-start-2 lg:col-span-10 col-span-12 ingredientWrapper rte text-semantics-text-regular\">\n<p>Maltodekstrin, fruktoz, siyah \u00e7ay yapra\u011f\u0131 ekstresi (<em>Camellia sinensis<\/em>, % 14,7), do\u011fal limon aroma vericisi (% 7), ye\u015fil \u00e7ay yapra\u011f\u0131 ekstresi (<em>Camellia sinensis<\/em>, % 6,9), kakule meyvesi ekstresi (<em>Elettaria cardamomum<\/em>, % 0,4), toz bamya \u00e7i\u00e7e\u011fi (<em>Hibiscus sabdariffa<\/em>, % 0,1), ebeg\u00fcmeci yapra\u011f\u0131 ekstresi (<em>Malva sylvestris<\/em>, % 0,1).<\/p>\n<p>Domuz ya\u011f\u0131 ve domuzdan elde edilmi\u015f hi\u00e7bir \u00fcr\u00fcn i\u00e7ermez.<\/p>\n<h3>Kullan\u0131m\u0131<\/h3>\n<p>Herbalife \u00e7ay\u0131 her kullan\u0131mdan \u00f6nce kutuyu hafif\u00e7e sallay\u0131n. 1\/2 \u00e7ay ka\u015f\u0131\u011f\u0131 (1,7 g) Bitkisel Konsantre \u00c7ay ile 350 ml s\u0131cak veya so\u011fuk su ile kar\u0131\u015ft\u0131r\u0131n. Bu \u00fcr\u00fcn dengeli ve \u00e7e\u015fitli g\u0131dalardan olu\u015fan bir beslenme d\u00fczeni ile sa\u011fl\u0131kl\u0131 ya\u015fam tarz\u0131n\u0131n bir par\u00e7as\u0131 olarak kullan\u0131lmal\u0131d\u0131r. Kapa\u011f\u0131 kapal\u0131 olarak serin ve kuru bir yerde saklay\u0131n.<\/p>\n<\/div>\n<\/div>\n<\/div>\n<\/div>\n<div class=\"col-span-12 lg:col-start-6 lg:col-span-7\">\n<div class=\"col-span-12 lg:col-span-6 overflow-hidden lg:font-lg w-full mt-8 lg:mt-0 rounded-lg\"><\/div>\n<div><a href=\"https:\/\/www.herbalsiparis.com.tr\/wp-content\/uploads\/2023\/10\/pn-0106-tr.png\" rel=\"noopener\"><img loading=\"lazy\" decoding=\"async\" class=\"alignnone size-full wp-image-9864\" src=\"https:\/\/www.herbalsiparis.com.tr\/wp-content\/uploads\/2023\/10\/pn-0106-tr.png\" alt=\"\" width=\"720\" height=\"346\" \/><\/a><\/div>\n<div>\n<div class=\"flex max-w-full flex-col flex-grow AIPRM__conversation__response\">\n<div class=\"min-h-[20px] text-message flex w-full flex-col items-end gap-2 whitespace-normal break-words [.text-message+&amp;]:mt-5 overflow-x-auto\" dir=\"auto\" data-message-author-role=\"assistant\" data-message-id=\"ffadcf58-8679-4e4e-80a9-84b5acedf377\">\n<div class=\"flex w-full flex-col gap-1 empty:hidden first:pt-[3px]\">\n<div class=\"markdown prose w-full break-words dark:prose-invert light\">\n<p>Herbalife \u00e7aylar, sa\u011fl\u0131kl\u0131 bir ya\u015fam tarz\u0131n\u0131 desteklemek ve metabolizmay\u0131 h\u0131zland\u0131rmak amac\u0131yla tasarlanm\u0131\u015f bitkisel kar\u0131\u015f\u0131mlardan olu\u015fan i\u00e7eceklerdir. Bu \u00e7aylar, \u00f6zellikle kilo kontrol\u00fc hedefleyen ki\u015filer i\u00e7in pop\u00fcler bir se\u00e7enektir. Herbalife&#8217;\u0131n bitkisel \u00e7aylar\u0131, d\u00fc\u015f\u00fck kalorili olup enerji seviyelerini art\u0131r\u0131rken, v\u00fccuda zararl\u0131 toksinlerin at\u0131lmas\u0131na da yard\u0131mc\u0131 olur.<\/p>\n<p>Herbalife \u00e7aylar metabolizmay\u0131 h\u0131zland\u0131r\u0131c\u0131 etkileri ile bilinir. G\u00fcn i\u00e7inde aktif kalman\u0131za ve ya\u011f yak\u0131m\u0131n\u0131 desteklemenize yard\u0131mc\u0131 olur. \u00c7aylar\u0131n i\u00e7eri\u011finde genellikle ye\u015fil \u00e7ay, mate yapra\u011f\u0131, portakal kabu\u011fu ve hibiskus gibi do\u011fal bile\u015fenler bulunur. Bu bile\u015fenler, enerji seviyelerini art\u0131r\u0131rken sindirim sistemini destekler ve antioksidan \u00f6zellikleriyle v\u00fccutta biriken zararl\u0131 maddelerin at\u0131lmas\u0131na yard\u0131mc\u0131 olur.<\/p>\n<p>Herbalife \u00e7aylar, s\u0131cak ya da so\u011fuk olarak t\u00fcketilebilir ve g\u00fcn\u00fcn herhangi bir saatinde rahatl\u0131kla i\u00e7ilebilir. Yo\u011fun bir i\u015f temposunda ya da egzersiz sonras\u0131 enerji d\u00fc\u015f\u00fckl\u00fc\u011f\u00fcn\u00fc gidermek i\u00e7in ideal bir se\u00e7enektir. Ayr\u0131ca, bu \u00e7aylar su t\u00fcketimini art\u0131rarak, g\u00fcnl\u00fck s\u0131v\u0131 ihtiyac\u0131n\u0131z\u0131 kar\u015f\u0131lama konusunda da katk\u0131 sa\u011flar. D\u00fczenli t\u00fcketildi\u011finde, sa\u011fl\u0131kl\u0131 ya\u015fam hedeflerinize ula\u015fman\u0131za destek olur.<\/p>\n<\/div>\n<\/div>\n<\/div>\n<\/div>\n<\/div>\n<\/div>\n","protected":false},"excerpt":{"rendered":"<p>Herbalife \u00c7ay bitkisel konsantre , geleneksel siyah \u00e7ay yapra\u011f\u0131 \u00f6z\u00fc, ye\u015fil \u00e7ay \u00f6z\u00fc, Hibiskus \u00e7i\u00e7e\u011fi tozu ve Kakule meyvesi \u00f6z\u00fct\u00fcn\u00fcn e\u015fsiz bir kar\u0131\u015f\u0131m\u0131 ile form\u00fcle edilmi\u015ftir. Geleneksel yollarla demlenen ye\u015fil \u00e7aydan bekledi\u011finiz bile\u015fenleri ayn\u0131 oranda sa\u011flayabilmek i\u00e7in, ye\u015fil \u00e7ay suda ekstrakte edilmi\u015ftir. Bu, sabah\u0131n\u0131za ba\u015flamak veya \u00f6\u011fleden sonra tad\u0131n\u0131 \u00e7\u0131karmak i\u00e7in m\u00fckemmel bir bitkisel i\u00e7ecektir. Kalorisi de d\u00fc\u015f\u00fck olan ferahlat\u0131c\u0131 bir bitkisel i\u00e7ece\u011fin narin tad\u0131n\u0131 yudumlay\u0131n ve tad\u0131n\u0131 \u00e7\u0131kar\u0131n.<\/p>\n<p>Bitkisel konsantre \u00e7ay \u00e7e\u015fitli tatlarda gelir ve s\u0131cak veya so\u011fuk olarak i\u00e7ilebilir. Bu i\u00e7ece\u011fin haz\u0131rlanmas\u0131 saniyeler s\u00fcrer, b\u00f6ylece hareket halindeyken veya evinizin rahatl\u0131\u011f\u0131nda tad\u0131n\u0131 \u00e7\u0131karabilirsiniz. En sevdi\u011finiz meyveler veya narenciye ile demleyin ve Bitkisel konsantre \u00e7ay\u0131n ger\u00e7ek \u00e7ok y\u00f6nl\u00fcl\u00fc\u011f\u00fcn\u00fc ke\u015ffedin.<\/p>\n","protected":false},"featured_media":987498177,"comment_status":"open","ping_status":"closed","template":"","meta":[],"product_brand":[],"product_cat":[541,542,533,543,100],"product_tag":[],"class_list":{"0":"post-987498147","1":"product","2":"type-product","3":"status-publish","4":"has-post-thumbnail","6":"product_cat-icecekler-ve-caylar","7":"product_cat-kafein-destegi","8":"product_cat-kilo-kontrolu-ve-setler","9":"product_cat-sivi-alimi","10":"product_cat-tum-urunler","12":"first","13":"instock","14":"sale","15":"taxable","16":"shipping-taxable","17":"purchasable","18":"product-type-simple"},"_links":{"self":[{"href":"https:\/\/sitenhazir.net\/flat\/wp-json\/wp\/v2\/product\/987498147","targetHints":{"allow":["GET"]}}],"collection":[{"href":"https:\/\/sitenhazir.net\/flat\/wp-json\/wp\/v2\/product"}],"about":[{"href":"https:\/\/sitenhazir.net\/flat\/wp-json\/wp\/v2\/types\/product"}],"replies":[{"embeddable":true,"href":"https:\/\/sitenhazir.net\/flat\/wp-json\/wp\/v2\/comments?post=987498147"}],"wp:featuredmedia":[{"embeddable":true,"href":"https:\/\/sitenhazir.net\/flat\/wp-json\/wp\/v2\/media\/987498177"}],"wp:attachment":[{"href":"https:\/\/sitenhazir.net\/flat\/wp-json\/wp\/v2\/media?parent=987498147"}],"wp:term":[{"taxonomy":"product_brand","embeddable":true,"href":"https:\/\/sitenhazir.net\/flat\/wp-json\/wp\/v2\/product_brand?post=987498147"},{"taxonomy":"product_cat","embeddable":true,"href":"https:\/\/sitenhazir.net\/flat\/wp-json\/wp\/v2\/product_cat?post=987498147"},{"taxonomy":"product_tag","embeddable":true,"href":"https:\/\/sitenhazir.net\/flat\/wp-json\/wp\/v2\/product_tag?post=987498147"}],"curies":[{"name":"wp","href":"https:\/\/api.w.org\/{rel}","templated":true}]}}