{"id":987498146,"date":"2026-02-18T19:19:02","date_gmt":"2026-02-18T19:19:02","guid":{"rendered":"https:\/\/sitenhazir.net\/flat\/?post_type=product&#038;p=987498146"},"modified":"2026-02-18T19:19:22","modified_gmt":"2026-02-18T19:19:22","slug":"herbalife-bitkisel-konsantre-cay-51gr-klasik","status":"publish","type":"product","link":"https:\/\/sitenhazir.net\/flat\/urun\/herbalife-bitkisel-konsantre-cay-51gr-klasik\/","title":{"rendered":"Herbalife Bitkisel Konsantre \u00c7ay 51gr Klasik"},"content":{"rendered":"<p>Herbalife Bitkisel Konsantre \u00c7ay, metabolizmay\u0131 h\u0131zland\u0131rmaya, enerji seviyelerini art\u0131rmaya ve kilo kontrol\u00fcn\u00fc desteklemeye yard\u0131mc\u0131 olan konsantre formda bitkisel bir i\u00e7ecektir. \u0130\u00e7eri\u011finde bulunan ye\u015fil \u00e7ay, siyah \u00e7ay, hibiskus ve mate yapra\u011f\u0131 gibi do\u011fal bitkiler sayesinde v\u00fccudun ya\u011f yakma s\u00fcrecini destekler ve g\u00fcnl\u00fck enerji ihtiyac\u0131n\u0131 kar\u015f\u0131lamaya yard\u0131mc\u0131 olur. D\u00fc\u015f\u00fck kalorili olmas\u0131, kilo kontrol\u00fc yapanlar i\u00e7in ideal bir i\u00e7ecek olmas\u0131n\u0131 sa\u011flar.<\/p>\n<p>Bu \u00e7ay, \u00f6zellikle yo\u011fun i\u015f temposu ve egzersiz s\u0131ras\u0131nda enerji kayb\u0131n\u0131 \u00f6nleyerek zinde kalman\u0131za katk\u0131 sa\u011flar. Hem s\u0131cak hem de so\u011fuk olarak t\u00fcketilebilen Herbalife Bitkisel Konsantre \u00c7ay, pratik kullan\u0131m\u0131 sayesinde g\u00fcn\u00fcn her saatinde kolayca haz\u0131rlanabilir. Metabolizmay\u0131 h\u0131zland\u0131r\u0131c\u0131 etkisi, kilo verme hedeflerinize ula\u015fman\u0131za yard\u0131mc\u0131 olurken, sindirim sistemini de destekler.<\/p>\n<p>\u00c7ay\u0131n en b\u00fcy\u00fck avantajlar\u0131ndan biri de, v\u00fccuttaki \u00f6demin at\u0131lmas\u0131na ve toksinlerden ar\u0131nmaya yard\u0131mc\u0131 olmas\u0131d\u0131r. D\u00fczenli olarak t\u00fcketildi\u011finde, v\u00fccut enerjisinin dengelenmesine katk\u0131 sa\u011flar ve su t\u00fcketimini art\u0131rarak g\u00fcnl\u00fck s\u0131v\u0131 ihtiyac\u0131n\u0131z\u0131 kar\u015f\u0131lamaya destek olur. Herbalife Bitkisel Konsantre \u00c7ay, sa\u011fl\u0131kl\u0131 ya\u015fam hedeflerine ula\u015fmak isteyenler i\u00e7in etkili bir takviye olarak tercih edilmektedir.<\/p>\n<h3>Herbalife Bitkisel Konsantre \u00c7ay \u00d6zellikleri<\/h3>\n<ul>\n<li>D\u00fc\u015f\u00fck kalorilidir \u2013 porsiyon ba\u015f\u0131na 6 kalori<\/li>\n<li>Vejetaryenler ve veganlar i\u00e7in uygundur<\/li>\n<li>Gluten i\u00e7ermez<\/li>\n<li>30 porsiyon i\u00e7erir<\/li>\n<\/ul>\n<div class=\"col-span-12 lg:col-span-4\">\n<div class=\"ingredientWrapperModified col-span-12\">\n<h3 class=\"mb-4\"><span style=\"color: #ff0000\">\u0130\u00e7indekiler<\/span><\/h3>\n<div class=\"mb-6 lg:mb-16\">\n<div class=\"lg:col-start-2 lg:col-span-10 col-span-12 ingredientWrapper rte text-semantics-text-regular\">\n<p>Maltodekstrin, fruktoz, siyah \u00e7ay yapra\u011f\u0131 ekstresi (<em>Camellia sinensis<\/em>, % 14,7), do\u011fal limon aroma vericisi (% 7), ye\u015fil \u00e7ay yapra\u011f\u0131 ekstresi (<em>Camellia sinensis<\/em>, % 6,9), kakule meyvesi ekstresi (<em>Elettaria cardamomum<\/em>, % 0,4), toz bamya \u00e7i\u00e7e\u011fi (<em>Hibiscus sabdariffa<\/em>, % 0,1), ebeg\u00fcmeci yapra\u011f\u0131 ekstresi (<em>Malva sylvestris<\/em>, % 0,1).<\/p>\n<p>Domuz ya\u011f\u0131 ve domuzdan elde edilmi\u015f hi\u00e7bir \u00fcr\u00fcn i\u00e7ermez.<\/p>\n<h3><span style=\"color: #ff0000\">Kullan\u0131m\u0131<\/span><\/h3>\n<p>Her kullan\u0131mdan \u00f6nce kutuyu hafif\u00e7e \u00e7alkalay\u0131n. \u00bd \u00e7ay ka\u015f\u0131\u011f\u0131 (1,7 g) Bitkisel Konsantre \u00c7ay\u0131 350 ml s\u0131cak veya so\u011fuk su ile kar\u0131\u015ft\u0131r\u0131n. Bu \u00fcr\u00fcn dengeli ve \u00e7e\u015fitli g\u0131dalardan olu\u015fan bir beslenme d\u00fczeni ile sa\u011fl\u0131kl\u0131 ya\u015fam tarz\u0131n\u0131n bir par\u00e7as\u0131 olarak kullan\u0131lmal\u0131d\u0131r.<\/p>\n<p>Serin ve kuru bir yerde kapa\u011f\u0131 kapal\u0131 olarak saklay\u0131n.<\/p>\n<p><a href=\"https:\/\/www.herbalsiparis.com.tr\/wp-content\/uploads\/2023\/10\/pn-0105-tr.png\" rel=\"noopener\"><img loading=\"lazy\" decoding=\"async\" class=\"alignnone size-full wp-image-9867\" src=\"https:\/\/www.herbalsiparis.com.tr\/wp-content\/uploads\/2023\/10\/pn-0105-tr.png\" alt=\"\" width=\"720\" height=\"346\" \/><\/a><\/p>\n<p>Herbalife Bitkisel \u00c7ay, metabolizmay\u0131 h\u0131zland\u0131rmaya, enerji seviyelerini art\u0131rmaya ve kilo kontrol\u00fcn\u00fc desteklemeye yard\u0131mc\u0131 olan bitkisel i\u00e7erikli bir i\u00e7ecektir. D\u00fc\u015f\u00fck kalorili yap\u0131s\u0131 sayesinde, g\u00fcn boyunca rahatl\u0131kla t\u00fcketilebilir ve sa\u011fl\u0131kl\u0131 bir ya\u015fam tarz\u0131n\u0131 benimseyenler i\u00e7in ideal bir se\u00e7enektir. \u0130\u00e7eri\u011finde bulunan ye\u015fil \u00e7ay, siyah \u00e7ay, mate yapra\u011f\u0131 ve hibiskus gibi do\u011fal bitkiler, \u00e7ay\u0131n metabolizma \u00fczerinde olumlu etkiler yapmas\u0131n\u0131 sa\u011flar.<\/p>\n<p>Bu \u00e7ay\u0131n en \u00f6nemli \u00f6zelliklerinden biri, enerji seviyelerini art\u0131rmas\u0131 ve g\u00fcn boyunca daha zinde hissetmenizi sa\u011flamas\u0131d\u0131r. \u00d6zellikle yo\u011fun i\u015f temposunda ya da egzersiz yaparken ekstra bir enerji kayna\u011f\u0131 olarak tercih edilebilir. Ayn\u0131 zamanda, metabolizmay\u0131 h\u0131zland\u0131rarak ya\u011f yak\u0131m\u0131n\u0131 destekler ve kilo verme s\u00fcrecine katk\u0131da bulunur.<\/p>\n<p>Herbalife Bitkisel \u00c7ay, s\u0131cak veya so\u011fuk olarak t\u00fcketilebilir, bu da her mevsim ve her an kolayca i\u00e7ilebilece\u011fi anlam\u0131na gelir. Sade tad\u0131 ve hafif aromas\u0131 ile de bir\u00e7ok ki\u015finin damak zevkine hitap eder. D\u00fczenli kullan\u0131m\u0131, hem kilo kontrol\u00fc sa\u011flamak isteyenler hem de genel sa\u011fl\u0131\u011f\u0131n\u0131 iyile\u015ftirmek isteyenler i\u00e7in etkili bir \u00e7\u00f6z\u00fcm sunar.<\/p>\n<\/div>\n<\/div>\n<\/div>\n<\/div>\n<div class=\"col-span-12 lg:col-start-6 lg:col-span-7\">\n<div class=\"col-span-12 lg:col-span-6 overflow-hidden lg:font-lg w-full mt-8 lg:mt-0 rounded-lg\"><\/div>\n<\/div>\n","protected":false},"excerpt":{"rendered":"<p>Bitkisel konsantre \u00e7ay, geleneksel siyah \u00e7ay yapra\u011f\u0131 \u00f6z\u00fc, ye\u015fil \u00e7ay \u00f6z\u00fc, Hibiskus \u00e7i\u00e7e\u011fi tozu ve Kakule meyvesi \u00f6z\u00fcn\u00fcn e\u015fsiz bir kar\u0131\u015f\u0131m\u0131 ile form\u00fcle edilmi\u015ftir. Geleneksel yollarla demlenen ye\u015fil \u00e7aydan bekledi\u011finiz bile\u015fenleri ayn\u0131 oranda sa\u011flayabilmek i\u00e7in, ye\u015fil \u00e7ay suda ekstrakte edilmi\u015ftir.<\/p>\n<p>Bu, sabah\u0131n\u0131z\u0131 ba\u015flatmak ya da \u00f6\u011fleden sonra canland\u0131r\u0131c\u0131 olarak tad\u0131n\u0131 \u00e7\u0131karmak i\u00e7in m\u00fckemmel bir bitkisel i\u00e7ecektir. Yudumlay\u0131n ve ayn\u0131 zamanda d\u00fc\u015f\u00fck kalorili, ferahlat\u0131c\u0131 bir bitkisel i\u00e7ece\u011fin enfes tad\u0131n\u0131 \u00e7\u0131kar\u0131n.<\/p>\n<p>Herbalife bitkisel konsantre \u00e7ay \u00e7e\u015fitli aromalarda gelir ve s\u0131cak veya so\u011fuk olarak t\u00fcketilebilir. Bu i\u00e7ece\u011fi haz\u0131rlamak saniyeler s\u00fcrer, b\u00f6ylece hareket halindeyken veya evinizin rahatl\u0131\u011f\u0131nda tad\u0131n\u0131 \u00e7\u0131karabilirsiniz. En sevdi\u011finiz meyveler veya narenciye ile demleyin ve Bitkisel Konsantre \u00c7ay\u0131n ger\u00e7ek \u00e7ok y\u00f6nl\u00fcl\u00fc\u011f\u00fcn\u00fc ke\u015ffedin.<\/p>\n","protected":false},"featured_media":987498176,"comment_status":"open","ping_status":"closed","template":"","meta":[],"product_brand":[],"product_cat":[541,542,533,543,100],"product_tag":[],"class_list":{"0":"post-987498146","1":"product","2":"type-product","3":"status-publish","4":"has-post-thumbnail","6":"product_cat-icecekler-ve-caylar","7":"product_cat-kafein-destegi","8":"product_cat-kilo-kontrolu-ve-setler","9":"product_cat-sivi-alimi","10":"product_cat-tum-urunler","12":"first","13":"instock","14":"sale","15":"taxable","16":"shipping-taxable","17":"purchasable","18":"product-type-simple"},"_links":{"self":[{"href":"https:\/\/sitenhazir.net\/flat\/wp-json\/wp\/v2\/product\/987498146","targetHints":{"allow":["GET"]}}],"collection":[{"href":"https:\/\/sitenhazir.net\/flat\/wp-json\/wp\/v2\/product"}],"about":[{"href":"https:\/\/sitenhazir.net\/flat\/wp-json\/wp\/v2\/types\/product"}],"replies":[{"embeddable":true,"href":"https:\/\/sitenhazir.net\/flat\/wp-json\/wp\/v2\/comments?post=987498146"}],"wp:featuredmedia":[{"embeddable":true,"href":"https:\/\/sitenhazir.net\/flat\/wp-json\/wp\/v2\/media\/987498176"}],"wp:attachment":[{"href":"https:\/\/sitenhazir.net\/flat\/wp-json\/wp\/v2\/media?parent=987498146"}],"wp:term":[{"taxonomy":"product_brand","embeddable":true,"href":"https:\/\/sitenhazir.net\/flat\/wp-json\/wp\/v2\/product_brand?post=987498146"},{"taxonomy":"product_cat","embeddable":true,"href":"https:\/\/sitenhazir.net\/flat\/wp-json\/wp\/v2\/product_cat?post=987498146"},{"taxonomy":"product_tag","embeddable":true,"href":"https:\/\/sitenhazir.net\/flat\/wp-json\/wp\/v2\/product_tag?post=987498146"}],"curies":[{"name":"wp","href":"https:\/\/api.w.org\/{rel}","templated":true}]}}