{"id":987498144,"date":"2026-02-18T19:19:02","date_gmt":"2026-02-18T19:19:02","guid":{"rendered":"https:\/\/sitenhazir.net\/flat\/?post_type=product&#038;p=987498144"},"modified":"2026-02-18T19:19:17","modified_gmt":"2026-02-18T19:19:17","slug":"herbalife-formul-2-vitamin-ve-mineral-erkekler-icin","status":"publish","type":"product","link":"https:\/\/sitenhazir.net\/flat\/urun\/herbalife-formul-2-vitamin-ve-mineral-erkekler-icin\/","title":{"rendered":"Herbalife Form\u00fcl 2 Vitamin ve Mineral Erkekler \u0130\u00e7in"},"content":{"rendered":"<p>Form\u00fcl 2 Vitamin ve Mineral Kompleks Erkekler \u0130\u00e7in:<\/p>\n<ul>\n<li>24 temel vitamin ve mineral sa\u011flar<\/li>\n<li>A ve C Vitaminleri ile form\u00fcle edilmi\u015ftir<\/li>\n<li>Magnezyum ile form\u00fcle edilmi\u015ftir<\/li>\n<li>Riboflavin ile form\u00fcle edilmi\u015ftir<\/li>\n<li>Pantotenik ile form\u00fcle edilmi\u015ftir<\/li>\n<li>Erkekler i\u00e7in \u00f6zel olarak geli\u015ftirilmi\u015ftir<\/li>\n<li>60 tablet i\u00e7erir<\/li>\n<\/ul>\n<p class=\"mb-4\"><span style=\"color: #ff0000\">\u0130\u00e7indekiler<\/span><\/p>\n<div class=\"mb-6 lg:mb-16\">\n<div class=\"lg:col-start-2 lg:col-span-10 col-span-12 ingredientWrapper rte text-semantics-text-regular\">\n<p>Vitamin ve mineral kar\u0131\u015f\u0131m\u0131 (dikalsiyum fosfat, magnezyum fosfat, L-askorbik asit, kolin bitartarat, DL-alfa-tokoferil asetat, kalsiyum karbonat, magnezyum oksit, ferroz fumarat, beta-karoten, nikotinamid, retinil palmitat, kolekalsiferol, \u00e7inko oksit, D-biotin, kalsiyum D-pantotenat, sodyum selenit, riboflavin, krom (III) klor\u00fcr, manganez s\u00fclfat, piridoksin hidroklor\u00fcr, siyanokobalamin, tiamin mononitrat, fillokuinon, pteroilmonoglutamik asit, bak\u0131r s\u00fclfat, potasyum iyod\u00fcr), hacim art\u0131r\u0131c\u0131 (mikrokristalin sel\u00fcloz), tablet kaplama [parlat\u0131c\u0131 (hidroksipropil metil sel\u00fcloz), renklendiriciler (titanyum dioksit, sar\u0131 demir oksit), topaklanmay\u0131 \u00f6nleyici (ya\u011f asitleri), hacim art\u0131r\u0131c\u0131 (mikrokristalin sel\u00fcloz)], topaklanmay\u0131 \u00f6nleyici (\u00e7apraz ba\u011fl\u0131 sodyum karboksi metil sel\u00fcloz), stabiliz\u00f6r (polietilen glikol), topaklanmay\u0131 \u00f6nleyiciler (ya\u011f asitleri, ya\u011f asitlerinin magnezyum tuzlar\u0131, silikon dioksit).<\/p>\n<\/div>\n<p><a href=\"https:\/\/www.herbalsiparis.com.tr\/wp-content\/uploads\/2023\/10\/pn-1800-tr.png\" rel=\"noopener\"><img loading=\"lazy\" decoding=\"async\" class=\"alignnone size-full wp-image-9871\" src=\"https:\/\/www.herbalsiparis.com.tr\/wp-content\/uploads\/2023\/10\/pn-1800-tr.png\" alt=\"\" width=\"720\" height=\"300\" \/><\/a><\/p>\n<p><span style=\"color: #ff0000\">Kullan\u0131m\u0131<\/span><\/p>\n<\/div>\n<p>Yemeklerle birlikte g\u00fcnde 1 ila 2 tablet al\u0131n.*<\/p>\n<p>Bu \u00fcr\u00fcn dengeli ve \u00e7e\u015fitli g\u0131dalardan olu\u015fan bir beslenme d\u00fczeni ile sa\u011fl\u0131kl\u0131 ya\u015fam tarz\u0131n\u0131n bir par\u00e7as\u0131 olarak kullan\u0131lmal\u0131d\u0131r.<\/p>\n<p>Serin ve kuru bir yerde kapa\u011f\u0131 kapal\u0131 olarak saklay\u0131n.<\/p>\n<p><em>*Tavsiye edilen g\u00fcnl\u00fck porsiyonu a\u015fmay\u0131n. Takviye edici g\u0131dalar normal beslenmenin yerini tutamaz. \u00c7ocuklar\u0131n ula\u015famayaca\u011f\u0131 yerlerde saklay\u0131n. Bu bir ila\u00e7 de\u011fil. Hastal\u0131klar\u0131n \u00f6nlenmesi veya tedavisi i\u00e7in kullan\u0131lamaz. Hamilelik, emzirme, hastal\u0131k veya ila\u00e7 kullan\u0131m\u0131 durumlar\u0131nda l\u00fctfen doktorunuza dan\u0131\u015f\u0131n\u0131z.<\/em><\/p>\n","protected":false},"excerpt":{"rendered":"<p>Erkekler i\u00e7in Form\u00fcl 2 Vitamin ve Mineral Kompleks, erkeklerin benzersiz beslenme ihtiya\u00e7lar\u0131na g\u00f6re \u00f6zel olarak geli\u015ftirilmi\u015f bir takviye edici g\u0131dad\u0131r.<\/p>\n<p>\u00c7ok y\u00f6nl\u00fc bir beslenme deste\u011fi olan Vitamin &amp; Mineral Kompleks uzmanlar taraf\u0131ndan geli\u015ftirilmi\u015f ve bilim taraf\u0131ndan desteklenmi\u015ftir. Erkekler i\u00e7in \u00f6zel olarak form\u00fcle edilen her tablet, v\u00fccudunuzun ihtiya\u00e7lar\u0131n\u0131 desteklemek i\u00e7in 24 temel mikro besin sa\u011flamak \u00fczere tasarlanm\u0131\u015ft\u0131r. Erkekler i\u00e7in Vitamin ve Mineral Kompleks, ba\u011f\u0131\u015f\u0131kl\u0131k sisteminin normal fonksiyonuna (Vitamin A ve Vitamin C), normal kas fonksiyonuna (Magnezyum) ve normal enerji veren metabolizmaya (Riboflavin) katk\u0131da bulunan temel besin maddelerinin bir kar\u0131\u015f\u0131m\u0131n\u0131 i\u00e7erir.<\/p>\n<p>Vitamin &amp; Mineral Kompleks, genel sa\u011fl\u0131\u011f\u0131n\u0131z\u0131 desteklemek i\u00e7in tasarlanm\u0131\u015f kapsaml\u0131 bir takviye edici g\u0131dad\u0131r. G\u00fcnl\u00fck rutininize kolayl\u0131kla dahil edin ve v\u00fccudunuzun ihtiya\u00e7 duydu\u011fu temel mikro besinleri al\u0131n.<\/p>\n","protected":false},"featured_media":987498174,"comment_status":"open","ping_status":"closed","template":"","meta":[],"product_brand":[],"product_cat":[537,538,539,536,100],"product_tag":[],"class_list":{"0":"post-987498144","1":"product","2":"type-product","3":"status-publish","4":"has-post-thumbnail","6":"product_cat-bagisiklik-destegi","7":"product_cat-erkek-destegi","8":"product_cat-genel-wellness","9":"product_cat-gida-takviyeleri","10":"product_cat-tum-urunler","12":"first","13":"instock","14":"sale","15":"taxable","16":"shipping-taxable","17":"purchasable","18":"product-type-simple"},"_links":{"self":[{"href":"https:\/\/sitenhazir.net\/flat\/wp-json\/wp\/v2\/product\/987498144","targetHints":{"allow":["GET"]}}],"collection":[{"href":"https:\/\/sitenhazir.net\/flat\/wp-json\/wp\/v2\/product"}],"about":[{"href":"https:\/\/sitenhazir.net\/flat\/wp-json\/wp\/v2\/types\/product"}],"replies":[{"embeddable":true,"href":"https:\/\/sitenhazir.net\/flat\/wp-json\/wp\/v2\/comments?post=987498144"}],"wp:featuredmedia":[{"embeddable":true,"href":"https:\/\/sitenhazir.net\/flat\/wp-json\/wp\/v2\/media\/987498174"}],"wp:attachment":[{"href":"https:\/\/sitenhazir.net\/flat\/wp-json\/wp\/v2\/media?parent=987498144"}],"wp:term":[{"taxonomy":"product_brand","embeddable":true,"href":"https:\/\/sitenhazir.net\/flat\/wp-json\/wp\/v2\/product_brand?post=987498144"},{"taxonomy":"product_cat","embeddable":true,"href":"https:\/\/sitenhazir.net\/flat\/wp-json\/wp\/v2\/product_cat?post=987498144"},{"taxonomy":"product_tag","embeddable":true,"href":"https:\/\/sitenhazir.net\/flat\/wp-json\/wp\/v2\/product_tag?post=987498144"}],"curies":[{"name":"wp","href":"https:\/\/api.w.org\/{rel}","templated":true}]}}