{"id":987498141,"date":"2026-02-18T19:19:01","date_gmt":"2026-02-18T19:19:01","guid":{"rendered":"https:\/\/sitenhazir.net\/flat\/?post_type=product&#038;p=987498141"},"modified":"2026-02-18T19:19:10","modified_gmt":"2026-02-18T19:19:10","slug":"herbalife-formul-1-shake-vanilya-aromali","status":"publish","type":"product","link":"https:\/\/sitenhazir.net\/flat\/urun\/herbalife-formul-1-shake-vanilya-aromali\/","title":{"rendered":"Herbalife Form\u00fcl 1 Shake Vanilya Aromal\u0131"},"content":{"rendered":"<p>ister kilo kontrol hedeflerinizi desteklemek istiyor olun, ister sadece g\u00fcnl\u00fck dengeli beslenme i\u00e7in uygun bir se\u00e7enek ar\u0131yor olun, Form\u00fcl 1 \u00d6\u011f\u00fcn Yerine Ge\u00e7en Besleyici Shake Kar\u0131\u015f\u0131m\u0131, lezzet veya rahatl\u0131ktan \u00f6d\u00fcn vermeden v\u00fccudunuza ihtiyac\u0131 olan\u0131 vermenize yard\u0131mc\u0131 olabilir.*<\/p>\n<p>Form\u00fcl 1 \u00d6\u011f\u00fcn Yerine Ge\u00e7en Besleyici Shake Kar\u0131\u015f\u0131m\u0131, bitki bazl\u0131 protein, karbonhidrat, lif, vitamin ve mineraller dahil olmak \u00fczere temel besin maddelerinin dengeli bir kar\u0131\u015f\u0131m\u0131n\u0131 sa\u011flar. Kilo y\u00f6netimi ve aktif ya\u015fam hedeflerinizi kullan\u0131\u015fl\u0131 ve besleyici bir shake ile destekleyin.<\/p>\n<p>Kahvalt\u0131, \u00f6\u011fle veya ak\u015fam yeme\u011fi i\u00e7in besleyici bir alternatif olarak bu shake&#8217;in tad\u0131n\u0131 \u00e7\u0131kar\u0131n. Form\u00fcl 1, kalori say\u0131n\u0131z\u0131 kontrol alt\u0131nda tutarken dengeli miktarda besin alman\u0131z\u0131 sa\u011flamak i\u00e7in tasarlanm\u0131\u015ft\u0131r.*<\/p>\n<p>Form\u00fcl 1 \u00d6\u011f\u00fcn Yerine Ge\u00e7en Besleyici Shake Kar\u0131\u015f\u0131m\u0131 ya\u015fam tarz\u0131n\u0131za tam da ihtiyac\u0131n\u0131z olan \u015fekilde uyum sa\u011flar. \u00c7e\u015fitli lezzetlerle herkesin damak zevkine hitap edecek bir \u015feyler vard\u0131r. Kilo y\u00f6netimi veya g\u00fcnl\u00fck beslenme i\u00e7in yap\u0131m\u0131 kolay, hareket halindeyken kullanabilece\u011finiz bir se\u00e7enek ar\u0131yorsan\u0131z Form\u00fcl 1 tam size g\u00f6re.<\/p>\n<p><em>*Form\u00fcl 1 \u00d6\u011f\u00fcn Yerine Ge\u00e7en Besleyici Shake Kar\u0131\u015f\u0131m\u0131, kalori kontroll\u00fc bir diyet i\u00e7in \u00f6\u011f\u00fcn yerine ge\u00e7en bir shake&#8217;tir. Vitamin ve mineraller, protein ve lif a\u00e7\u0131s\u0131ndan gerekli miktarda besin sa\u011flar.<\/em><\/p>\n<p>&nbsp;<\/p>\n<p>\u00d6ZELL\u0130KLER<\/p>\n<p>Form\u00fcl 1 \u00d6\u011f\u00fcn Yerine Ge\u00e7en Besleyici Shake Kar\u0131\u015f\u0131m\u0131:<\/p>\n<ul>\n<li>Protein oran\u0131 y\u00fcksektir<\/li>\n<li>22 temel vitamin ve mineral i\u00e7erir*<\/li>\n<li>Renklendirici i\u00e7ermez<\/li>\n<li>21 porsiyon i\u00e7erir<\/li>\n<li>Domuz ya\u011f\u0131 veya domuzdan elde edilen herhangi bir \u00fcr\u00fcn i\u00e7ermez<\/li>\n<\/ul>\n<p>&nbsp;<\/p>\n<p><em>*250 ml yar\u0131m ya\u011fl\u0131 s\u00fct (% 1,5 ya\u011fl\u0131) ile haz\u0131rland\u0131\u011f\u0131nda.<\/em><\/p>\n<p>\u0130\u00c7\u0130NDEK\u0130LER<\/p>\n<div class=\"mb-6 lg:mb-16\">\n<div class=\"lg:col-start-2 lg:col-span-10 col-span-12 ingredientWrapper rte text-semantics-text-regular\">\n<p>Bezelye proteini (% 43), toz fruktoz, inulin, yalanc\u0131 safran \u00e7i\u00e7e\u011fi ya\u011f\u0131 (<em>Carthamus tinctorius<\/em>), kalsiyum sitrat, potasyum fosfat, k\u0131vam artt\u0131r\u0131c\u0131 (guar gam), k\u0131vam artt\u0131r\u0131c\u0131 (mikrokristalin sel\u00fcloz), aroma verici, em\u00fclgat\u00f6r (ay\u00e7i\u00e7e\u011fi lesitin), k\u0131vam artt\u0131r\u0131c\u0131 (ksantan gam), aroma verici, k\u0131vam artt\u0131r\u0131c\u0131 (karragenan), aroma verici, magnezyum oksit, sodyum klor\u00fcr, aroma verici, L-askorbik asit, k\u0131vam artt\u0131r\u0131c\u0131 (pektinler (sitrus)), tatland\u0131r\u0131c\u0131 (sukraloz), ferroz fumarat, nikotinamid, papaya meyvas\u0131 tozu (<em>Carica papaya<\/em>), maydanoz yapra\u011f\u0131 tozu (<em>Petroselinum crispum<\/em>), DL-alfa-tokoferol, \u00e7inko oksit, kalsiyum D-pantotenat, retinil palmitat, topaklanmay\u0131 \u00f6nleyici (silikon dioksit), manganez karbonat, bak\u0131r sitrat, siyanokobalamin, kolekalsiferol, piridoksin hidroklorit, riboflavin, tiyamin hidroklorit, pteroilmonoglutamik asit, potasyum iyod\u00fcr, sodyum selenit ve D-biyotin.<\/p>\n<p>Domuz ya\u011f\u0131 ve domuzdan elde edilmi\u015f hi\u00e7bir \u00fcr\u00fcn i\u00e7ermez.<\/p>\n<\/div>\n<\/div>\n<p class=\"mb-4\">Alerjen bilgisi<\/p>\n<div class=\"mb-6 lg:mb-16\">\n<div class=\"lg:col-start-2 lg:col-span-10 col-span-12 ingredientWrapper rte text-semantics-text-regular\">\u200b\u200bGLUTEN I\u0307C\u0327EREBI\u0307LI\u0307R\u200b.<\/div>\n<\/div>\n<div><\/div>\n<div>KULLANIMI<\/div>\n<div>\n<div id=\"pdp-product-tabs\" class=\"py-14\" data-analytics-id=\"product-tabs\">\n<div class=\"wrapper\">\n<div class=\"hidden lg:block\">\n<div class=\"w-full relative\" data-testid=\"tabs\">\n<div class=\"w-full pt-12 lg:pt-14 pt-14 md:pt-[60px] lg:pt-[84px]\">\n<div id=\"headlessui-tabs-panel-:r13:\" class=\"ada-border-focus tabs_bounce-in-right__Gykhj\" role=\"tabpanel\" data-testid=\"tabsPanel4\" aria-labelledby=\"3CarouselTab\" data-headlessui-state=\"selected\">\n<section class=\"w-full\">\n<div>\n<div class=\"hl-grid\">\n<div class=\"text-gray-regular hidden lg:block col-span-12 body-lg rte pdpFeatureRowGap\">\n<p>Her g\u00fcn bir \u00f6\u011f\u00fcn olarak Form\u00fcl 1 Shake&#8217;i tercih edin. Topaklanma olmas\u0131n\u0131 engellemek i\u00e7in her kullan\u0131m \u00f6ncesi kutuyu yava\u015f\u00e7a sallay\u0131n\u0131z.\u0130ki \u00e7orba ka\u015f\u0131\u011f\u0131 toz (26 g) ile 250 ml yar\u0131m ya\u011fl\u0131 s\u00fct\u00fc (% 1,5) kar\u0131\u015ft\u0131r\u0131n. Bu \u00fcr\u00fcn dengeli ve \u00e7e\u015fitli g\u0131dalardan olu\u015fan bir beslenme d\u00fczeni ile sa\u011fl\u0131kl\u0131 ya\u015fam tarz\u0131n\u0131n bir par\u00e7as\u0131 olarak kullan\u0131lmal\u0131d\u0131r.<\/p>\n<p>Kapa\u011f\u0131 kapal\u0131 olarak serin ve kuru bir yerde saklay\u0131n.<\/p>\n<p>Enerjisi k\u0131s\u0131tl\u0131 bir diyetin g\u00fcnde iki \u00f6\u011f\u00fcn\u00fc, \u00f6\u011f\u00fcn\u00fcn yerini alan g\u0131da ile de\u011fi\u015ftirmek kilo kayb\u0131na katk\u0131da bulunur.<\/p>\n<p>Enerjisi k\u0131s\u0131tl\u0131 bir diyetin g\u00fcnl\u00fck bir \u00f6\u011f\u00fcn\u00fcn\u00fc, \u00f6\u011f\u00fcn yerini alan g\u0131da ile de\u011fi\u015ftirmek kilo kayb\u0131ndan sonra kilonun korunmas\u0131na katk\u0131da bulunur.<\/p>\n<p>Bu \u00fcr\u00fcn\u00fcn enerjisi k\u0131s\u0131tlanm\u0131\u015f diyetin bir par\u00e7as\u0131 olarak di\u011fer g\u0131dalar ve d\u00fczenli yap\u0131lan egzersizle birlikte kullan\u0131lmas\u0131 ama\u00e7lanm\u0131\u015ft\u0131r. Yeterli miktarda s\u0131v\u0131 al\u0131m\u0131n\u0131 s\u00fcrd\u00fcrmeniz ve bu talimatlar\u0131 belirtildi\u011fi \u015fekilde uygulaman\u0131z \u00f6nem ta\u015f\u0131maktad\u0131r.<\/p>\n<p>Herbalife herhangi bir kilo kontrol program\u0131na ba\u015flamadan \u00f6nce doktora dan\u0131\u015fman\u0131z\u0131 tavsiye eder.Sa\u011fl\u0131kl\u0131 bir kilo kontrol program\u0131 ortalama kalori al\u0131m\u0131, dengeli bir beslenme ve d\u00fczenli fiziksel aktiviteden olu\u015fmal\u0131d\u0131r.<\/p>\n<p>&nbsp;<\/p>\n<\/div>\n<\/div>\n<\/div>\n<\/section>\n<\/div>\n<\/div>\n<\/div>\n<\/div>\n<\/div>\n<\/div>\n<div>\n<div id=\"container-9e3ba8076a-e2704888-7e38-4254-9906-d30b1d6b0821\" class=\"cmp-container\">\n<div class=\"aem-Grid aem-Grid--12 aem-Grid--default--12\">\n<div class=\"container responsivegrid aem-GridColumn aem-GridColumn--default--12\">\n<div id=\"container-46894a7689-de33937d-9771-4dd8-8527-bf5a0a14dc07\" class=\"cmp-container\">\n<div class=\"aem-Grid aem-Grid--12 aem-Grid--default--12\">\n<div class=\"content-carousel-layout aem-GridColumn aem-GridColumn--default--12\">\n<div class=\"cmp-content-carousel-layout h1-cmp-theme-background-color__primary\" data-adl-layout-linkposition=\"{s}.cmp-content-carousel-layout__header .cmp-text-header__header p{s}_actions-container\">\n<div class=\"cmp-content-carousel-layout__header content-wrapper page-gutter\">\n<div class=\"text-header text\">\n<div id=\"text-header-c2142492-1162-455a-8dfe-44f7733dc0c4\" class=\"h1-cmp-theme-background-color__primary\">\n<div class=\"cmp-text-header\">\n<div class=\"cmp-text-header__header h1-cmp-theme-color__secondary\"><\/div>\n<\/div>\n<\/div>\n<\/div>\n<\/div>\n<\/div>\n<\/div>\n<\/div>\n<\/div>\n<\/div>\n<\/div>\n<\/div>\n<\/div>\n<\/div>\n","protected":false},"excerpt":{"rendered":"<blockquote><p>Herbalife vanilyal\u0131 shake, kilo y\u00f6netimi konusunda sizlere destek olacak \u015fekilde tasarlanm\u0131\u015ft\u0131r. Bu shake, 22 farkl\u0131 vitamin ve mineral i\u00e7erir ve kilo kontrol\u00fcne yard\u0131mc\u0131 olabilir. Kullanmadan \u00f6nce bir sa\u011fl\u0131k profesyoneline dan\u0131\u015fman\u0131z ve \u00fcr\u00fcn etiketindeki bilgileri dikkatlice incelemeniz \u00f6nerilir. \u00dcr\u00fcnlerimizi sat\u0131n ald\u0131\u011f\u0131n\u0131zda herhangi bir sorunuz olursa bizimle istedi\u011finiz zaman ileti\u015fim kurabilirsiniz.<\/p><\/blockquote>\n","protected":false},"featured_media":987498171,"comment_status":"open","ping_status":"closed","template":"","meta":[],"product_brand":[],"product_cat":[533,535,534,100],"product_tag":[],"class_list":{"0":"post-987498141","1":"product","2":"type-product","3":"status-publish","4":"has-post-thumbnail","6":"product_cat-kilo-kontrolu-ve-setler","7":"product_cat-ogun-yerine-gecen-shakeler","8":"product_cat-shakeler","9":"product_cat-tum-urunler","11":"first","12":"instock","13":"sale","14":"featured","15":"taxable","16":"shipping-taxable","17":"purchasable","18":"product-type-simple"},"_links":{"self":[{"href":"https:\/\/sitenhazir.net\/flat\/wp-json\/wp\/v2\/product\/987498141","targetHints":{"allow":["GET"]}}],"collection":[{"href":"https:\/\/sitenhazir.net\/flat\/wp-json\/wp\/v2\/product"}],"about":[{"href":"https:\/\/sitenhazir.net\/flat\/wp-json\/wp\/v2\/types\/product"}],"replies":[{"embeddable":true,"href":"https:\/\/sitenhazir.net\/flat\/wp-json\/wp\/v2\/comments?post=987498141"}],"wp:featuredmedia":[{"embeddable":true,"href":"https:\/\/sitenhazir.net\/flat\/wp-json\/wp\/v2\/media\/987498171"}],"wp:attachment":[{"href":"https:\/\/sitenhazir.net\/flat\/wp-json\/wp\/v2\/media?parent=987498141"}],"wp:term":[{"taxonomy":"product_brand","embeddable":true,"href":"https:\/\/sitenhazir.net\/flat\/wp-json\/wp\/v2\/product_brand?post=987498141"},{"taxonomy":"product_cat","embeddable":true,"href":"https:\/\/sitenhazir.net\/flat\/wp-json\/wp\/v2\/product_cat?post=987498141"},{"taxonomy":"product_tag","embeddable":true,"href":"https:\/\/sitenhazir.net\/flat\/wp-json\/wp\/v2\/product_tag?post=987498141"}],"curies":[{"name":"wp","href":"https:\/\/api.w.org\/{rel}","templated":true}]}}