{"id":336797,"date":"2024-12-25T11:00:27","date_gmt":"2024-12-25T08:00:27","guid":{"rendered":"https:\/\/sitenhazir.net\/doktor-sitesi\/01a\/?page_id=336797"},"modified":"2025-01-05T02:20:34","modified_gmt":"2025-01-04T23:20:34","slug":"calisma-alanlari","status":"publish","type":"page","link":"https:\/\/sitenhazir.net\/doktor-sitesi\/01a\/calisma-alanlari\/","title":{"rendered":"\u00c7al\u0131\u015fma Alanlar\u0131"},"content":{"rendered":"<p>[et_pb_section fb_built=&#8221;1&#8243; module_class=&#8221;.page_header_section&#8221; _builder_version=&#8221;4.27.4&#8243; _dynamic_attributes=&#8221;background_image&#8221; _module_preset=&#8221;default&#8221; background_color=&#8221;#723E22&#8243; background_enable_color=&#8221;off&#8221; background_image=&#8221;@ET-DC@eyJkeW5hbWljIjp0cnVlLCJjb250ZW50IjoiYWNmLS0xcmVua19nb3JzZWwtLWltYWdlIiwic2V0dGluZ3MiOnsiYmVmb3JlIjoiIiwiYWZ0ZXIiOiIifX0=@&#8221; background_position=&#8221;top_left&#8221; custom_padding=&#8221;25px||25px||true|false&#8221; global_module=&#8221;337296&#8243; saved_tabs=&#8221;all&#8221; global_colors_info=&#8221;{}&#8221;][et_pb_row _builder_version=&#8221;4.27.3&#8243; _module_preset=&#8221;default&#8221; custom_padding=&#8221;25px||25px||true|false&#8221; global_colors_info=&#8221;{}&#8221;][et_pb_column type=&#8221;4_4&#8243; _builder_version=&#8221;4.27.3&#8243; _module_preset=&#8221;default&#8221; global_colors_info=&#8221;{}&#8221;][et_pb_post_title meta=&#8221;off&#8221; featured_image=&#8221;off&#8221; _builder_version=&#8221;4.27.4&#8243; _module_preset=&#8221;default&#8221; title_font=&#8221;Marcellus|700|||||||&#8221; title_text_align=&#8221;center&#8221; title_text_color=&#8221;#FFFFFF&#8221; title_font_size=&#8221;45px&#8221; title_line_height=&#8221;1.3em&#8221; title_font_size_tablet=&#8221;&#8221; title_font_size_phone=&#8221;30px&#8221; title_font_size_last_edited=&#8221;on|phone&#8221; global_colors_info=&#8221;{}&#8221;][\/et_pb_post_title][\/et_pb_column][\/et_pb_row][\/et_pb_section][et_pb_section fb_built=&#8221;1&#8243; admin_label=&#8221;Blog_Style_15&#8243; _builder_version=&#8221;4.27.4&#8243; _module_preset=&#8221;default&#8221; background_enable_color=&#8221;off&#8221; custom_padding=&#8221;15px||15px||true|false&#8221; hover_enabled=&#8221;0&#8243; locked=&#8221;off&#8221; global_colors_info=&#8221;{}&#8221; background_image=&#8221;@ET-DC@eyJkeW5hbWljIjp0cnVlLCJjb250ZW50IjoiYWNmLS00cmVua19nb3JzZWxpLS1pbWFnZSIsInNldHRpbmdzIjp7ImJlZm9yZSI6IiIsImFmdGVyIjoiIn19@&#8221; _dynamic_attributes=&#8221;background_image&#8221; sticky_enabled=&#8221;0&#8243;][et_pb_row use_custom_gutter=&#8221;on&#8221; gutter_width=&#8221;2&#8243; admin_label=&#8221;BLOG MODULE  TEMPLATE 15 &#8221; _builder_version=&#8221;4.27.4&#8243; _module_preset=&#8221;default&#8221; width=&#8221;90%&#8221; max_width=&#8221;1400px&#8221; custom_padding=&#8221;15px||0px||false|false&#8221; global_colors_info=&#8221;{}&#8221;][et_pb_column type=&#8221;4_4&#8243; _builder_version=&#8221;4.16&#8243; _module_preset=&#8221;default&#8221; global_colors_info=&#8221;{}&#8221; custom_css_main_element_last_edited=&#8221;off|desktop&#8221; custom_css_main_element_tablet=&#8221;||&#8221;][et_pb_blog fullwidth=&#8221;off&#8221; post_type=&#8221;alan&#8221; posts_number=&#8221;21&#8243; meta_date=&#8221;d.m.Y&#8221; show_author=&#8221;off&#8221; show_date=&#8221;off&#8221; show_categories=&#8221;off&#8221; show_excerpt=&#8221;off&#8221; use_overlay=&#8221;on&#8221; overlay_icon_color=&#8221;#ffffff&#8221; hover_overlay_color=&#8221;rgba(0,0,0,0.84)&#8221; hover_icon=&#8221;&#xe02b;||divi||400&#8243; admin_label=&#8221;Blog_Style V15&#8243; module_class=&#8221;dct_blog_v15&#8243; _builder_version=&#8221;4.27.4&#8243; _module_preset=&#8221;default&#8221; header_font=&#8221;Open Sans|600|||||||&#8221; header_text_align=&#8221;center&#8221; header_font_size=&#8221;18px&#8221; body_font=&#8221;Open Sans||||||||&#8221; meta_font=&#8221;Open Sans|600|||||||&#8221; read_more_font=&#8221;Open Sans||||||||&#8221; pagination_font=&#8221;Open Sans|600||on|||||&#8221; pagination_text_color=&#8221;#ffffff&#8221; pagination_font_size=&#8221;15px&#8221; body_link_font=&#8221;Open Sans||||||||&#8221; body_ul_font=&#8221;Open Sans||||||||&#8221; body_ol_font=&#8221;Open Sans||||||||&#8221; body_quote_font=&#8221;Open Sans||||||||&#8221; custom_padding=&#8221;||0px||false|false&#8221; custom_css_title=&#8221;margin-bottom:10px&#8221; border_width_all=&#8221;0px&#8221; locked=&#8221;off&#8221; global_colors_info=&#8221;{}&#8221;][\/et_pb_blog][\/et_pb_column][\/et_pb_row][et_pb_row _builder_version=&#8221;4.27.4&#8243; _module_preset=&#8221;default&#8221; custom_margin=&#8221;0px||0px||true|false&#8221; custom_padding=&#8221;0px||0px||true|false&#8221; global_colors_info=&#8221;{}&#8221;][et_pb_column type=&#8221;4_4&#8243; _builder_version=&#8221;4.16&#8243; _module_preset=&#8221;default&#8221; global_colors_info=&#8221;{}&#8221;][et_pb_code admin_label=&#8221;TEMPLATE 15  Style 15 CSS&#8221; _builder_version=&#8221;4.22.2&#8243; _module_preset=&#8221;default&#8221; global_colors_info=&#8221;{}&#8221;]<\/p>\n<style><!-- [et_pb_line_break_holder] -->  <!-- [et_pb_line_break_holder] -->.dct_blog_v15 .et_pb_post {<!-- [et_pb_line_break_holder] -->\tposition: relative;<!-- [et_pb_line_break_holder] -->  padding: 0px;<!-- [et_pb_line_break_holder] -->\t-webkit-transition: all 1s ease;<!-- [et_pb_line_break_holder] -->\t-moz-transition: all .1s ease;<!-- [et_pb_line_break_holder] -->\t-ms-transition: all 1s ease;<!-- [et_pb_line_break_holder] -->\t-o-transition: all 1s ease;<!-- [et_pb_line_break_holder] -->\ttransition: all 1s ease;<!-- [et_pb_line_break_holder] -->  overflow: hidden;<!-- [et_pb_line_break_holder] -->\tbox-shadow: 0px 0px 15px 0px rgba(0,0,0,0.15);<!-- [et_pb_line_break_holder] -->}<!-- [et_pb_line_break_holder] -->.dct_blog_v15 .et_pb_post:before {<!-- [et_pb_line_break_holder] -->\tposition: absolute;<!-- [et_pb_line_break_holder] -->\tcontent: '';<!-- [et_pb_line_break_holder] -->\tleft: 0;<!-- [et_pb_line_break_holder] -->\tbottom: 0;<!-- [et_pb_line_break_holder] -->\twidth: 0;<!-- [et_pb_line_break_holder] -->\theight: 5px;<!-- [et_pb_line_break_holder] -->\tvisibility: visible;<!-- [et_pb_line_break_holder] -->\tbackground-color:#12A0B1;<!-- [et_pb_line_break_holder] -->\t-webkit-transition: all 1s ease;<!-- [et_pb_line_break_holder] -->\t-moz-transition: all .1s ease;<!-- [et_pb_line_break_holder] -->\t-ms-transition: all 1s ease;<!-- [et_pb_line_break_holder] -->\t-o-transition: all 1s ease;<!-- [et_pb_line_break_holder] -->\ttransition: all 1s ease;<!-- [et_pb_line_break_holder] -->\tbox-sizing: border-box<!-- [et_pb_line_break_holder] -->}<!-- [et_pb_line_break_holder] -->  .dct_blog_v15 .et_pb_post .discription {<!-- [et_pb_line_break_holder] -->    padding: 0px 20px 20px 20px;<!-- [et_pb_line_break_holder] -->  }<!-- [et_pb_line_break_holder] -->.dct_blog_v15 .et_pb_post .post-meta a {<!-- [et_pb_line_break_holder] -->\tcolor:#12A0B1<!-- [et_pb_line_break_holder] -->}<!-- [et_pb_line_break_holder] --><!-- [et_pb_line_break_holder] -->.dct_blog_v15 .et_pb_post:hover:after,<!-- [et_pb_line_break_holder] -->.dct_blog_v15 .et_pb_post:hover:before {<!-- [et_pb_line_break_holder] -->\twidth: 100%<!-- [et_pb_line_break_holder] -->}<!-- [et_pb_line_break_holder] --><!-- [et_pb_line_break_holder] -->.dct_blog_v15 .et_pb_post:after {<!-- [et_pb_line_break_holder] -->\tposition: absolute;<!-- [et_pb_line_break_holder] -->\tcontent: '';<!-- [et_pb_line_break_holder] -->\tright: 0;<!-- [et_pb_line_break_holder] -->\tbottom: 0;<!-- [et_pb_line_break_holder] -->\twidth: 0;<!-- [et_pb_line_break_holder] -->\theight: 5px;<!-- [et_pb_line_break_holder] -->\tbackground-color:#12A0B1;<!-- [et_pb_line_break_holder] -->\tvisibility: visible;<!-- [et_pb_line_break_holder] -->\t-webkit-transition: all 1s ease;<!-- [et_pb_line_break_holder] -->\t-moz-transition: all .1s ease;<!-- [et_pb_line_break_holder] -->\t-ms-transition: all 1s ease;<!-- [et_pb_line_break_holder] -->\t-o-transition: all 1s ease;<!-- [et_pb_line_break_holder] -->\tbox-sizing: border-box;<!-- [et_pb_line_break_holder] -->\ttransition: all 1s ease<!-- [et_pb_line_break_holder] -->}<!-- [et_pb_line_break_holder] -->  .dct_blog_v15 .et_pb_post .entry-featured-image-url {<!-- [et_pb_line_break_holder] -->    margin-bottom: 20px;<!-- [et_pb_line_break_holder] -->  }<!-- [et_pb_line_break_holder] -->  <!-- [et_pb_line_break_holder] -->.dct_blog_v15 .et_pb_post .entry-featured-image-url .et_overlay {<!-- [et_pb_line_break_holder] -->\tposition: absolute;<!-- [et_pb_line_break_holder] -->\tcontent: '';<!-- [et_pb_line_break_holder] -->\tleft: -100%;<!-- [et_pb_line_break_holder] -->\tborder: none;<!-- [et_pb_line_break_holder] -->\ttop: 0;<!-- [et_pb_line_break_holder] -->\twidth: 100%;<!-- [et_pb_line_break_holder] -->\theight: 100%;<!-- [et_pb_line_break_holder] -->\topacity: .85;<!-- [et_pb_line_break_holder] -->\tdisplay: block;<!-- [et_pb_line_break_holder] -->\ttransition: all .5s ease;<!-- [et_pb_line_break_holder] -->\t-moz-transition: all .5s ease;<!-- [et_pb_line_break_holder] -->\t-webkit-transition: all .5s ease;<!-- [et_pb_line_break_holder] -->\t-ms-transition: all .5s ease;<!-- [et_pb_line_break_holder] -->\t-o-transition: all .5s ease;<!-- [et_pb_line_break_holder] -->}<!-- [et_pb_line_break_holder] --><!-- [et_pb_line_break_holder] -->.dct_blog_v15 .et_pb_post:hover .entry-featured-image-url .et_overlay {<!-- [et_pb_line_break_holder] -->\tleft: 0<!-- [et_pb_line_break_holder] -->}<!-- [et_pb_line_break_holder] --><!-- [et_pb_line_break_holder] -->.dct_blog_v15 .et_pb_post .entry-featured-image-url .et_overlay:before {<!-- [et_pb_line_break_holder] -->\tposition: absolute;<!-- [et_pb_line_break_holder] -->\tleft: 50%;<!-- [et_pb_line_break_holder] -->\ttop: 50%;<!-- [et_pb_line_break_holder] -->\twidth: 54px;<!-- [et_pb_line_break_holder] -->\theight: 54px;<!-- [et_pb_line_break_holder] -->\tfont-size: 18px;<!-- [et_pb_line_break_holder] -->\tline-height: 54px;<!-- [et_pb_line_break_holder] -->\ttext-align: center;<!-- [et_pb_line_break_holder] -->\tborder-radius: 50%;<!-- [et_pb_line_break_holder] -->\tfont-weight: 700;<!-- [et_pb_line_break_holder] -->\tmargin-left: -27px;<!-- [et_pb_line_break_holder] -->\tmargin-top: -27px;<!-- [et_pb_line_break_holder] -->\ttransform: scale(0, 0);<!-- [et_pb_line_break_holder] -->\t-moz-transform: scale(0, 0);<!-- [et_pb_line_break_holder] -->\t-webkit-transform: scale(0, 0);<!-- [et_pb_line_break_holder] -->\t-ms-transform: scale(0, 0);<!-- [et_pb_line_break_holder] -->\t-o-transform: scale(0, 0);<!-- [et_pb_line_break_holder] -->\tdisplay: inline-block;<!-- [et_pb_line_break_holder] -->\ttransition: all .5s ease;<!-- [et_pb_line_break_holder] -->\t-moz-transition: all .5s ease;<!-- [et_pb_line_break_holder] -->\t-webkit-transition: all .5s ease;<!-- [et_pb_line_break_holder] -->\t-ms-transition: all .5s ease;<!-- [et_pb_line_break_holder] -->\t-o-transition: all .5s ease;<!-- [et_pb_line_break_holder] -->\tbackground-color:#12A0B1;<!-- [et_pb_line_break_holder] -->}<!-- [et_pb_line_break_holder] --><!-- [et_pb_line_break_holder] -->.dct_blog_v15 .et_pb_post:hover .entry-featured-image-url .et_overlay:before {<!-- [et_pb_line_break_holder] -->\ttransform: scale(1, 1);<!-- [et_pb_line_break_holder] -->\t-moz-transform: scale(1, 1);<!-- [et_pb_line_break_holder] -->\t-webkit-transform: scale(1, 1);<!-- [et_pb_line_break_holder] -->\t-ms-transform: scale(1, 1);<!-- [et_pb_line_break_holder] -->\t-o-transform: scale(1, 1)<!-- [et_pb_line_break_holder] -->}<!-- [et_pb_line_break_holder] -->  .dct_blog_v15 .pagination .alignleft,<!-- [et_pb_line_break_holder] -->.dct_blog_v15 .pagination .alignright {<!-- [et_pb_line_break_holder] -->\toverflow: hidden;<!-- [et_pb_line_break_holder] -->\twidth: auto;<!-- [et_pb_line_break_holder] -->\tmargin: 0 auto;<!-- [et_pb_line_break_holder] -->\tfloat: none;<!-- [et_pb_line_break_holder] -->\ttext-align: center;<!-- [et_pb_line_break_holder] -->\tdisplay: inline-block;<!-- [et_pb_line_break_holder] -->\tline-height: 50px<!-- [et_pb_line_break_holder] -->}<!-- [et_pb_line_break_holder] --><!-- [et_pb_line_break_holder] -->.dct_blog_v15 .pagination .alignleft a,<!-- [et_pb_line_break_holder] -->.dct_blog_v15 .pagination .alignright a {<!-- [et_pb_line_break_holder] -->\tbackground-color: #12A0B1;<!-- [et_pb_line_break_holder] -->\tpadding: 10px 22px!important;<!-- [et_pb_line_break_holder] -->\tborder: none!important;<!-- [et_pb_line_break_holder] -->\tborder-radius: 0;<!-- [et_pb_line_break_holder] -->\toverflow: hidden;<!-- [et_pb_line_break_holder] -->\tposition: relative;<!-- [et_pb_line_break_holder] -->\tz-index: 1;<!-- [et_pb_line_break_holder] -->\ttransition: all .5s !important;<!-- [et_pb_line_break_holder] -->}<!-- [et_pb_line_break_holder] --><!-- [et_pb_line_break_holder] -->.dct_blog_v15 .pagination .alignleft a:hover,<!-- [et_pb_line_break_holder] -->.dct_blog_v15 .pagination .alignright a:hover {<!-- [et_pb_line_break_holder] -->\tcolor: #fff;<!-- [et_pb_line_break_holder] -->\ttext-shadow: 0 0 3px #333;<!-- [et_pb_line_break_holder] -->\tbackground-color: #A9A9A9;<!-- [et_pb_line_break_holder] -->\tbox-shadow: 10px 10px 10px rgba(0, 0, 0, .2)<!-- [et_pb_line_break_holder] -->}<!-- [et_pb_line_break_holder] --><\/style>\n<p>[\/et_pb_code][et_pb_code admin_label=&#8221;TEMPLATE 15 JS &#8221; _builder_version=&#8221;4.22.2&#8243; _module_preset=&#8221;default&#8221; locked=&#8221;off&#8221; global_colors_info=&#8221;{}&#8221;]<script><!-- [et_pb_line_break_holder] -->jQuery(function ($) {<!-- [et_pb_line_break_holder] -->    $(document).ready(function () {<!-- [et_pb_line_break_holder] -->        \/\/ Blog V1 Blog add info class & || remove Pipes in blog module Start <!-- [et_pb_line_break_holder] -->        jQuery(\".dct_blog_v15 .et_pb_post\").each(function () {<!-- [et_pb_line_break_holder] -->            if ($(this).find('.discription').length < 1) {<!-- [et_pb_line_break_holder] -->                jQuery(this).find(\".entry-title,.post-meta,.post-content\").wrapAll('<\/p>\n<div class=\"discription\"><\/div>\n<p>');<!-- [et_pb_line_break_holder] -->            }<!-- [et_pb_line_break_holder] -->        });<!-- [et_pb_line_break_holder] -->    });<!-- [et_pb_line_break_holder] --><!-- [et_pb_line_break_holder] -->    jQuery(document).bind('ready ajaxComplete', function () {<!-- [et_pb_line_break_holder] -->        \/\/ Blog V1 Blog add info class & || remove Pipes in blog module Start <!-- [et_pb_line_break_holder] -->        jQuery(\".dct_blog_v15 .et_pb_post\").each(function () {<!-- [et_pb_line_break_holder] -->            if ($(this).find('.discription').length < 1) {<!-- [et_pb_line_break_holder] -->                jQuery(this).find(\".entry-title,.post-meta,.post-content\").wrapAll('<\/p>\n<div class=\"discription\"><\/div>\n<p>');<!-- [et_pb_line_break_holder] -->            }<!-- [et_pb_line_break_holder] -->        });<!-- [et_pb_line_break_holder] -->    });<!-- [et_pb_line_break_holder] -->});<!-- [et_pb_line_break_holder] --><!-- [et_pb_line_break_holder] -->\/\/Remove meta seperator pipes (|) and by from Divi Blog module meta<!-- [et_pb_line_break_holder] -->jQuery(function ($) {<!-- [et_pb_line_break_holder] -->    $(document).ready(function () {<!-- [et_pb_line_break_holder] -->        $('.dct_blog_v15 .post-meta').each(function () {<!-- [et_pb_line_break_holder] -->            $(this).html($(this).html().replace(\"|\", \" \"));<!-- [et_pb_line_break_holder] -->            $(this).html($(this).html().replace(\" | \", \" \"));<!-- [et_pb_line_break_holder] -->            $(this).html($(this).html().replace(\" | \", \" \"));<!-- [et_pb_line_break_holder] -->            $(this).html($(this).html().replace('by', \" \"));<!-- [et_pb_line_break_holder] -->            $(this).html(jQuery(this).html().replace(\/,\/g, \"\"));<!-- [et_pb_line_break_holder] -->        });<!-- [et_pb_line_break_holder] --><!-- [et_pb_line_break_holder] -->        \/\/Do the same for ajax with pagination enabled<!-- [et_pb_line_break_holder] -->        $(document).bind('ready ajaxComplete', function () {<!-- [et_pb_line_break_holder] -->            $('.dct_blog_v15 .post-meta').each(function () {<!-- [et_pb_line_break_holder] -->                $(this).html($(this).html().replace(\"|\", \" \"));<!-- [et_pb_line_break_holder] -->                $(this).html($(this).html().replace(\" | \", \" \"));<!-- [et_pb_line_break_holder] -->                $(this).html($(this).html().replace(\" | \", \" \"));<!-- [et_pb_line_break_holder] -->                $(this).html($(this).html().replace('by', \" \"));<!-- [et_pb_line_break_holder] -->                $(this).html(jQuery(this).html().replace(\/,\/g, \"\"));<!-- [et_pb_line_break_holder] -->            });<!-- [et_pb_line_break_holder] -->        });<!-- [et_pb_line_break_holder] -->    });<!-- [et_pb_line_break_holder] -->});<!-- [et_pb_line_break_holder] --><\/script>[\/et_pb_code][\/et_pb_column][\/et_pb_row][\/et_pb_section]<\/p>\n","protected":false},"excerpt":{"rendered":"","protected":false},"author":1,"featured_media":0,"parent":0,"menu_order":0,"comment_status":"closed","ping_status":"closed","template":"","meta":{"_acf_changed":false,"_et_pb_use_builder":"on","_et_pb_old_content":"","_et_gb_content_width":"","footnotes":""},"class_list":["post-336797","page","type-page","status-publish","hentry"],"acf":[],"_links":{"self":[{"href":"https:\/\/sitenhazir.net\/doktor-sitesi\/01a\/wp-json\/wp\/v2\/pages\/336797","targetHints":{"allow":["GET"]}}],"collection":[{"href":"https:\/\/sitenhazir.net\/doktor-sitesi\/01a\/wp-json\/wp\/v2\/pages"}],"about":[{"href":"https:\/\/sitenhazir.net\/doktor-sitesi\/01a\/wp-json\/wp\/v2\/types\/page"}],"author":[{"embeddable":true,"href":"https:\/\/sitenhazir.net\/doktor-sitesi\/01a\/wp-json\/wp\/v2\/users\/1"}],"replies":[{"embeddable":true,"href":"https:\/\/sitenhazir.net\/doktor-sitesi\/01a\/wp-json\/wp\/v2\/comments?post=336797"}],"version-history":[{"count":0,"href":"https:\/\/sitenhazir.net\/doktor-sitesi\/01a\/wp-json\/wp\/v2\/pages\/336797\/revisions"}],"wp:attachment":[{"href":"https:\/\/sitenhazir.net\/doktor-sitesi\/01a\/wp-json\/wp\/v2\/media?parent=336797"}],"curies":[{"name":"wp","href":"https:\/\/api.w.org\/{rel}","templated":true}]}}